{"id":9889,"date":"2024-08-27T23:16:31","date_gmt":"2024-08-27T23:16:31","guid":{"rendered":"https:\/\/cdv.com.ar\/pt?post_type=product&#038;p=9889"},"modified":"2025-04-04T20:57:32","modified_gmt":"2025-04-04T20:57:32","slug":"vacina-agrovac-4","status":"publish","type":"product","link":"https:\/\/cdv.com.ar\/pt\/produtos\/vacina-agrovac-4\/","title":{"rendered":"Vacina AGROVAC 4"},"content":{"rendered":"","protected":false},"excerpt":{"rendered":"<p>Preventivo de Piscirickettsiosis, de la Necrosis Pancre\u00e1tica Infecciosa y de las enfermedades producidas por Aeromonas salmonicida y Vibrio ordalii en las especies Salm\u00f3n del Atl\u00e1ntico (Salmo salar), Salmon Coho (Oncorhynchus kisutch, Walbaum), Salm\u00f3n Chinook (Oncorhynchus tshawytscha) y Trucha arco\u00edris (Oncorhynchus mykiss, Walbaum).<\/p>\n","protected":false},"featured_media":9898,"template":"","meta":[],"product_brand":[],"product_cat":[103],"product_tag":[],"class_list":{"0":"post-9889","1":"product","2":"type-product","3":"status-publish","4":"has-post-thumbnail","6":"product_cat-peces-acuacultura","8":"first","9":"instock","10":"shipping-taxable","11":"purchasable","12":"product-type-simple"},"_links":{"self":[{"href":"https:\/\/cdv.com.ar\/pt\/wp-json\/wp\/v2\/product\/9889","targetHints":{"allow":["GET"]}}],"collection":[{"href":"https:\/\/cdv.com.ar\/pt\/wp-json\/wp\/v2\/product"}],"about":[{"href":"https:\/\/cdv.com.ar\/pt\/wp-json\/wp\/v2\/types\/product"}],"wp:featuredmedia":[{"embeddable":true,"href":"https:\/\/cdv.com.ar\/pt\/wp-json\/wp\/v2\/media\/9898"}],"wp:attachment":[{"href":"https:\/\/cdv.com.ar\/pt\/wp-json\/wp\/v2\/media?parent=9889"}],"wp:term":[{"taxonomy":"product_brand","embeddable":true,"href":"https:\/\/cdv.com.ar\/pt\/wp-json\/wp\/v2\/product_brand?post=9889"},{"taxonomy":"product_cat","embeddable":true,"href":"https:\/\/cdv.com.ar\/pt\/wp-json\/wp\/v2\/product_cat?post=9889"},{"taxonomy":"product_tag","embeddable":true,"href":"https:\/\/cdv.com.ar\/pt\/wp-json\/wp\/v2\/product_tag?post=9889"}],"curies":[{"name":"wp","href":"https:\/\/api.w.org\/{rel}","templated":true}]}}