{"id":9888,"date":"2024-08-27T23:16:30","date_gmt":"2024-08-27T23:16:30","guid":{"rendered":"https:\/\/cdv.com.ar\/pt?post_type=product&#038;p=9888"},"modified":"2025-04-04T20:57:32","modified_gmt":"2025-04-04T20:57:32","slug":"vacina-agrovac-ipn-srs","status":"publish","type":"product","link":"https:\/\/cdv.com.ar\/pt\/produtos\/vacina-agrovac-ipn-srs\/","title":{"rendered":"Vacina AGROVAC IPN-SRS"},"content":{"rendered":"","protected":false},"excerpt":{"rendered":"<p>Preventivo de Piscirickettsiosis y de la Necrosis Pancre\u00e1tica Infecciosa en las especies Salm\u00f3n del Atl\u00e1ntico (Salmo salar), Salmon Coho (Oncorhynchus kisutch, Walbaum), Salm\u00f3n Chinook (Oncorhynchus tshawytscha) y Trucha arco\u00edris (Oncorhynchus<br \/>\nmykiss, Walbaum).<\/p>\n","protected":false},"featured_media":9897,"template":"","meta":[],"product_brand":[],"product_cat":[103],"product_tag":[],"class_list":{"0":"post-9888","1":"product","2":"type-product","3":"status-publish","4":"has-post-thumbnail","6":"product_cat-peces-acuacultura","8":"first","9":"instock","10":"shipping-taxable","11":"purchasable","12":"product-type-simple"},"_links":{"self":[{"href":"https:\/\/cdv.com.ar\/pt\/wp-json\/wp\/v2\/product\/9888","targetHints":{"allow":["GET"]}}],"collection":[{"href":"https:\/\/cdv.com.ar\/pt\/wp-json\/wp\/v2\/product"}],"about":[{"href":"https:\/\/cdv.com.ar\/pt\/wp-json\/wp\/v2\/types\/product"}],"wp:featuredmedia":[{"embeddable":true,"href":"https:\/\/cdv.com.ar\/pt\/wp-json\/wp\/v2\/media\/9897"}],"wp:attachment":[{"href":"https:\/\/cdv.com.ar\/pt\/wp-json\/wp\/v2\/media?parent=9888"}],"wp:term":[{"taxonomy":"product_brand","embeddable":true,"href":"https:\/\/cdv.com.ar\/pt\/wp-json\/wp\/v2\/product_brand?post=9888"},{"taxonomy":"product_cat","embeddable":true,"href":"https:\/\/cdv.com.ar\/pt\/wp-json\/wp\/v2\/product_cat?post=9888"},{"taxonomy":"product_tag","embeddable":true,"href":"https:\/\/cdv.com.ar\/pt\/wp-json\/wp\/v2\/product_tag?post=9888"}],"curies":[{"name":"wp","href":"https:\/\/api.w.org\/{rel}","templated":true}]}}