{"id":9819,"date":"2024-08-23T13:13:13","date_gmt":"2024-08-23T13:13:13","guid":{"rendered":"https:\/\/cdv.com.ar\/pt?post_type=product&#038;p=9819"},"modified":"2025-04-04T20:57:15","modified_gmt":"2025-04-04T20:57:15","slug":"reagente-bpa-antigeno-bufferado-para-placa","status":"publish","type":"product","link":"https:\/\/cdv.com.ar\/pt\/produtos\/reagente-bpa-antigeno-bufferado-para-placa\/","title":{"rendered":"BPA Ant\u00edgeno Bufferado para Placa"},"content":{"rendered":"","protected":false},"excerpt":{"rendered":"<p><span data-sheets-root=\"1\">Reagente para uso no diagn\u00f3stico sorol\u00f3gico de brucelose em bovinos e su\u00ednos. Utilizado no Plano Nacional de Controle e Erradica\u00e7\u00e3o da doen\u00e7a.<\/span><\/p>\n","protected":false},"featured_media":9758,"template":"","meta":[],"product_brand":[],"product_cat":[114],"product_tag":[],"class_list":{"0":"post-9819","1":"product","2":"type-product","3":"status-publish","4":"has-post-thumbnail","6":"product_cat-reagentes-de-diagnostico","8":"first","9":"instock","10":"shipping-taxable","11":"purchasable","12":"product-type-simple"},"_links":{"self":[{"href":"https:\/\/cdv.com.ar\/pt\/wp-json\/wp\/v2\/product\/9819","targetHints":{"allow":["GET"]}}],"collection":[{"href":"https:\/\/cdv.com.ar\/pt\/wp-json\/wp\/v2\/product"}],"about":[{"href":"https:\/\/cdv.com.ar\/pt\/wp-json\/wp\/v2\/types\/product"}],"wp:featuredmedia":[{"embeddable":true,"href":"https:\/\/cdv.com.ar\/pt\/wp-json\/wp\/v2\/media\/9758"}],"wp:attachment":[{"href":"https:\/\/cdv.com.ar\/pt\/wp-json\/wp\/v2\/media?parent=9819"}],"wp:term":[{"taxonomy":"product_brand","embeddable":true,"href":"https:\/\/cdv.com.ar\/pt\/wp-json\/wp\/v2\/product_brand?post=9819"},{"taxonomy":"product_cat","embeddable":true,"href":"https:\/\/cdv.com.ar\/pt\/wp-json\/wp\/v2\/product_cat?post=9819"},{"taxonomy":"product_tag","embeddable":true,"href":"https:\/\/cdv.com.ar\/pt\/wp-json\/wp\/v2\/product_tag?post=9819"}],"curies":[{"name":"wp","href":"https:\/\/api.w.org\/{rel}","templated":true}]}}