{"id":9818,"date":"2024-08-23T13:13:13","date_gmt":"2024-08-23T13:13:13","guid":{"rendered":"https:\/\/cdv.com.ar\/pt?post_type=product&#038;p=9818"},"modified":"2025-04-04T20:57:15","modified_gmt":"2025-04-04T20:57:15","slug":"vacina-cdvac-diarrea-neonatal-plus","status":"publish","type":"product","link":"https:\/\/cdv.com.ar\/pt\/produtos\/vacina-cdvac-diarrea-neonatal-plus\/","title":{"rendered":"Vacina CDVac Diarreia Neonatal Plus"},"content":{"rendered":"","protected":false},"excerpt":{"rendered":"<p>Preventiva de quadros cl\u00ednicos de diarreia neonatal causada por <em>Rotav\u00edrus bovino, Coronav\u00edrus bovino<\/em> e bact\u00e9rias <em>Escherichia coli, Salmonella spp<\/em>. e <em>Clostridium perfringens<\/em> tipo D.<\/p>\n","protected":false},"featured_media":9767,"template":"","meta":[],"product_brand":[],"product_cat":[109],"product_tag":[],"class_list":{"0":"post-9818","1":"product","2":"type-product","3":"status-publish","4":"has-post-thumbnail","6":"product_cat-diarreia-neonatal","8":"first","9":"instock","10":"shipping-taxable","11":"purchasable","12":"product-type-simple"},"_links":{"self":[{"href":"https:\/\/cdv.com.ar\/pt\/wp-json\/wp\/v2\/product\/9818","targetHints":{"allow":["GET"]}}],"collection":[{"href":"https:\/\/cdv.com.ar\/pt\/wp-json\/wp\/v2\/product"}],"about":[{"href":"https:\/\/cdv.com.ar\/pt\/wp-json\/wp\/v2\/types\/product"}],"wp:featuredmedia":[{"embeddable":true,"href":"https:\/\/cdv.com.ar\/pt\/wp-json\/wp\/v2\/media\/9767"}],"wp:attachment":[{"href":"https:\/\/cdv.com.ar\/pt\/wp-json\/wp\/v2\/media?parent=9818"}],"wp:term":[{"taxonomy":"product_brand","embeddable":true,"href":"https:\/\/cdv.com.ar\/pt\/wp-json\/wp\/v2\/product_brand?post=9818"},{"taxonomy":"product_cat","embeddable":true,"href":"https:\/\/cdv.com.ar\/pt\/wp-json\/wp\/v2\/product_cat?post=9818"},{"taxonomy":"product_tag","embeddable":true,"href":"https:\/\/cdv.com.ar\/pt\/wp-json\/wp\/v2\/product_tag?post=9818"}],"curies":[{"name":"wp","href":"https:\/\/api.w.org\/{rel}","templated":true}]}}