{"id":9751,"date":"2024-08-22T20:03:16","date_gmt":"2024-08-22T20:03:16","guid":{"rendered":"https:\/\/cdv.com.ar\/pt?post_type=product&#038;p=9751"},"modified":"2025-04-04T20:57:06","modified_gmt":"2025-04-04T20:57:06","slug":"vacina-cdvac-respiratoria","status":"publish","type":"product","link":"https:\/\/cdv.com.ar\/pt\/produtos\/vacina-cdvac-respiratoria\/","title":{"rendered":"Vacina CDVac Respirat\u00f3ria"},"content":{"rendered":"","protected":false},"excerpt":{"rendered":"<p>Preventiva de sintomas respirat\u00f3rios causados pelos v\u00edrus<em> IBR, BVD\/MD, PI3, BRSV<\/em> e bact\u00e9rias <em>Pasteurella multocida, Mannheimia haemolytica <\/em>e H<em>istophilus somni.<\/em><\/p>\n","protected":false},"featured_media":9757,"template":"","meta":[],"product_brand":[],"product_cat":[112],"product_tag":[],"class_list":{"0":"post-9751","1":"product","2":"type-product","3":"status-publish","4":"has-post-thumbnail","6":"product_cat-respiratorias","8":"first","9":"instock","10":"shipping-taxable","11":"purchasable","12":"product-type-simple"},"_links":{"self":[{"href":"https:\/\/cdv.com.ar\/pt\/wp-json\/wp\/v2\/product\/9751","targetHints":{"allow":["GET"]}}],"collection":[{"href":"https:\/\/cdv.com.ar\/pt\/wp-json\/wp\/v2\/product"}],"about":[{"href":"https:\/\/cdv.com.ar\/pt\/wp-json\/wp\/v2\/types\/product"}],"wp:featuredmedia":[{"embeddable":true,"href":"https:\/\/cdv.com.ar\/pt\/wp-json\/wp\/v2\/media\/9757"}],"wp:attachment":[{"href":"https:\/\/cdv.com.ar\/pt\/wp-json\/wp\/v2\/media?parent=9751"}],"wp:term":[{"taxonomy":"product_brand","embeddable":true,"href":"https:\/\/cdv.com.ar\/pt\/wp-json\/wp\/v2\/product_brand?post=9751"},{"taxonomy":"product_cat","embeddable":true,"href":"https:\/\/cdv.com.ar\/pt\/wp-json\/wp\/v2\/product_cat?post=9751"},{"taxonomy":"product_tag","embeddable":true,"href":"https:\/\/cdv.com.ar\/pt\/wp-json\/wp\/v2\/product_tag?post=9751"}],"curies":[{"name":"wp","href":"https:\/\/api.w.org\/{rel}","templated":true}]}}