{"id":10298,"date":"2024-09-18T12:45:15","date_gmt":"2024-09-18T12:45:15","guid":{"rendered":"https:\/\/cdv.com.ar\/pt?post_type=product&#038;p=10298"},"modified":"2025-04-04T20:57:41","modified_gmt":"2025-04-04T20:57:41","slug":"vacina-cdvac-clostrimax-p","status":"publish","type":"product","link":"https:\/\/cdv.com.ar\/pt\/produtos\/vacina-cdvac-clostrimax-p\/","title":{"rendered":"Vacina CDVac Clostrimax P"},"content":{"rendered":"","protected":false},"excerpt":{"rendered":"<p><span data-sheets-root=\"1\">Preventiva de perna preta, gangrena gasosa, enterotoxemia, edema maligno, hepatite necr\u00f3tica, morte s\u00fabita, cabe\u00e7a grande e hemoglobin\u00faria.<\/span><\/p>\n","protected":false},"featured_media":10322,"template":"","meta":[],"product_brand":[],"product_cat":[108],"product_tag":[],"class_list":{"0":"post-10298","1":"product","2":"type-product","3":"status-publish","4":"has-post-thumbnail","6":"product_cat-clostridiales","8":"first","9":"instock","10":"shipping-taxable","11":"purchasable","12":"product-type-simple"},"_links":{"self":[{"href":"https:\/\/cdv.com.ar\/pt\/wp-json\/wp\/v2\/product\/10298","targetHints":{"allow":["GET"]}}],"collection":[{"href":"https:\/\/cdv.com.ar\/pt\/wp-json\/wp\/v2\/product"}],"about":[{"href":"https:\/\/cdv.com.ar\/pt\/wp-json\/wp\/v2\/types\/product"}],"wp:featuredmedia":[{"embeddable":true,"href":"https:\/\/cdv.com.ar\/pt\/wp-json\/wp\/v2\/media\/10322"}],"wp:attachment":[{"href":"https:\/\/cdv.com.ar\/pt\/wp-json\/wp\/v2\/media?parent=10298"}],"wp:term":[{"taxonomy":"product_brand","embeddable":true,"href":"https:\/\/cdv.com.ar\/pt\/wp-json\/wp\/v2\/product_brand?post=10298"},{"taxonomy":"product_cat","embeddable":true,"href":"https:\/\/cdv.com.ar\/pt\/wp-json\/wp\/v2\/product_cat?post=10298"},{"taxonomy":"product_tag","embeddable":true,"href":"https:\/\/cdv.com.ar\/pt\/wp-json\/wp\/v2\/product_tag?post=10298"}],"curies":[{"name":"wp","href":"https:\/\/api.w.org\/{rel}","templated":true}]}}