{"id":10492,"date":"2025-01-21T23:43:41","date_gmt":"2025-01-21T23:43:41","guid":{"rendered":"https:\/\/cdv.com.ar\/pt?page_id=10492"},"modified":"2025-03-31T20:40:22","modified_gmt":"2025-03-31T20:40:22","slug":"pesquisa-e-desenvolvimento","status":"publish","type":"page","link":"https:\/\/cdv.com.ar\/pt\/pesquisa-e-desenvolvimento\/","title":{"rendered":"Pesquisa e desenvolvimento (P&amp;D)"},"content":{"rendered":"<div class=\"wpb-content-wrapper\"><p>[vc_row full_width=&#8221;stretch_row_content_no_spaces&#8221; content_placement=&#8221;middle&#8221; woodmart_stretch_content=&#8221;section-stretch-content-no-pd&#8221; woodmart_bg_position=&#8221;center-center&#8221; woodmart_parallax=&#8221;0&#8243; woodmart_gradient_switch=&#8221;no&#8221; row_reverse_mobile=&#8221;0&#8243; row_reverse_tablet=&#8221;0&#8243; woodmart_disable_overflow=&#8221;1&#8243; mobile_bg_img_hidden=&#8221;no&#8221; tablet_bg_img_hidden=&#8221;no&#8221; wd_z_index=&#8221;no&#8221; woodmart_css_id=&#8221;67c1c9e0d1112&#8243; responsive_spacing=&#8221;eyJwYXJhbV90eXBlIjoid29vZG1hcnRfcmVzcG9uc2l2ZV9zcGFjaW5nIiwic2VsZWN0b3JfaWQiOiI2N2MxYzllMGQxMTEyIiwic2hvcnRjb2RlIjoidmNfcm93IiwiZGF0YSI6eyJ0YWJsZXQiOnt9LCJtb2JpbGUiOnt9fX0=&#8221; woodmart_box_shadow=&#8221;no&#8221; css=&#8221;.vc_custom_1740753406458{margin-top: -40px !important;background-image: url(https:\/\/cdv.com.ar\/pt\/wp-content\/uploads\/2025\/01\/Institucional-sobre-nosotros_1-1.png?id=10566) !important;background-position: center !important;background-repeat: no-repeat !important;background-size: cover !important;}&#8221; min_height=&#8221;261px&#8221;][vc_column css=&#8221;.vc_custom_1537529905139{padding-top: 0px !important;}&#8221; woodmart_parallax=&#8221;0&#8243; parallax_scroll=&#8221;no&#8221; woodmart_sticky_column=&#8221;false&#8221;][vc_column_text css=&#8221;&#8221; woodmart_color_scheme=&#8221;light&#8221; woodmart_inline=&#8221;no&#8221; text_larger=&#8221;no&#8221;]<\/p>\n<h1 class=\"titleSlider\" style=\"text-align: center; color: #fff;\">Pesquisa e desenvolvimento (P&amp;D)<\/h1>\n<p>[\/vc_column_text][\/vc_column][\/vc_row][vc_row content_placement=&#8221;middle&#8221; css=&#8221;.vc_custom_1740066317214{margin-top: 80px !important;margin-bottom: 120px !important;}&#8221; woodmart_css_id=&#8221;67b74e0b9d69c&#8221; responsive_spacing=&#8221;eyJwYXJhbV90eXBlIjoid29vZG1hcnRfcmVzcG9uc2l2ZV9zcGFjaW5nIiwic2VsZWN0b3JfaWQiOiI2N2I3NGUwYjlkNjljIiwic2hvcnRjb2RlIjoidmNfcm93IiwiZGF0YSI6eyJ0YWJsZXQiOnt9LCJtb2JpbGUiOnt9fX0=&#8221; mobile_bg_img_hidden=&#8221;no&#8221; tablet_bg_img_hidden=&#8221;no&#8221; woodmart_parallax=&#8221;0&#8243; woodmart_gradient_switch=&#8221;no&#8221; woodmart_box_shadow=&#8221;no&#8221; wd_z_index=&#8221;no&#8221; woodmart_disable_overflow=&#8221;0&#8243; row_reverse_mobile=&#8221;0&#8243; row_reverse_tablet=&#8221;0&#8243;][vc_column width=&#8221;1\/2&#8243; vertical_alignment=&#8221;eyJkZXZpY2VzIjp7ImRlc2t0b3AiOnsidmFsdWUiOiJjZW50ZXIifSwidGFibGV0Ijp7InZhbHVlIjoiIn0sIm1vYmlsZSI6eyJ2YWx1ZSI6IiJ9fX0=&#8221; woodmart_css_id=&#8221;67903520419ae&#8221; parallax_scroll=&#8221;no&#8221; woodmart_sticky_column=&#8221;false&#8221; wd_collapsible_content_switcher=&#8221;no&#8221; wd_column_role_offcanvas_desktop=&#8221;no&#8221; wd_column_role_offcanvas_tablet=&#8221;no&#8221; wd_column_role_offcanvas_mobile=&#8221;no&#8221; wd_column_role_content_desktop=&#8221;no&#8221; wd_column_role_content_tablet=&#8221;no&#8221; wd_column_role_content_mobile=&#8221;no&#8221; mobile_bg_img_hidden=&#8221;no&#8221; tablet_bg_img_hidden=&#8221;no&#8221; woodmart_parallax=&#8221;0&#8243; woodmart_box_shadow=&#8221;no&#8221; responsive_spacing=&#8221;eyJwYXJhbV90eXBlIjoid29vZG1hcnRfcmVzcG9uc2l2ZV9zcGFjaW5nIiwic2VsZWN0b3JfaWQiOiI2NzkwMzUyMDQxOWFlIiwic2hvcnRjb2RlIjoidmNfY29sdW1uIiwiZGF0YSI6eyJ0YWJsZXQiOnt9LCJtb2JpbGUiOnt9fX0=&#8221; mobile_reset_margin=&#8221;no&#8221; tablet_reset_margin=&#8221;no&#8221; wd_z_index=&#8221;no&#8221;]\t\t<div id=\"wd-67b78013782f8\" class=\"wd-image wd-wpb wd-rs-67b78013782f8 text-left \">\n\t\t\t\n\t\t\t<img loading=\"lazy\" decoding=\"async\" width=\"800\" height=\"800\" src=\"https:\/\/cdv.com.ar\/pt\/wp-content\/uploads\/2025\/01\/Institucional-Nuestras-plantas_2-2.png\" class=\"attachment-full size-full\" alt=\"\" srcset=\"https:\/\/cdv.com.ar\/pt\/wp-content\/uploads\/2025\/01\/Institucional-Nuestras-plantas_2-2.png 800w, https:\/\/cdv.com.ar\/pt\/wp-content\/uploads\/2025\/01\/Institucional-Nuestras-plantas_2-2-300x300.png 300w, https:\/\/cdv.com.ar\/pt\/wp-content\/uploads\/2025\/01\/Institucional-Nuestras-plantas_2-2-150x150.png 150w, https:\/\/cdv.com.ar\/pt\/wp-content\/uploads\/2025\/01\/Institucional-Nuestras-plantas_2-2-768x768.png 768w, https:\/\/cdv.com.ar\/pt\/wp-content\/uploads\/2025\/01\/Institucional-Nuestras-plantas_2-2-12x12.png 12w, https:\/\/cdv.com.ar\/pt\/wp-content\/uploads\/2025\/01\/Institucional-Nuestras-plantas_2-2-430x430.png 430w, https:\/\/cdv.com.ar\/pt\/wp-content\/uploads\/2025\/01\/Institucional-Nuestras-plantas_2-2-700x700.png 700w\" sizes=\"auto, (max-width: 800px) 100vw, 800px\" \/>\n\t\t\t\t\t<\/div>\n\t\t[\/vc_column][vc_column width=&#8221;1\/2&#8243; woodmart_css_id=&#8221;67b74d0f916d1&#8243; parallax_scroll=&#8221;no&#8221; woodmart_sticky_column=&#8221;false&#8221; wd_collapsible_content_switcher=&#8221;no&#8221; wd_column_role_offcanvas_desktop=&#8221;no&#8221; wd_column_role_offcanvas_tablet=&#8221;no&#8221; wd_column_role_offcanvas_mobile=&#8221;no&#8221; wd_column_role_content_desktop=&#8221;no&#8221; wd_column_role_content_tablet=&#8221;no&#8221; wd_column_role_content_mobile=&#8221;no&#8221; mobile_bg_img_hidden=&#8221;no&#8221; tablet_bg_img_hidden=&#8221;no&#8221; woodmart_parallax=&#8221;0&#8243; woodmart_box_shadow=&#8221;no&#8221; responsive_spacing=&#8221;eyJwYXJhbV90eXBlIjoid29vZG1hcnRfcmVzcG9uc2l2ZV9zcGFjaW5nIiwic2VsZWN0b3JfaWQiOiI2N2I3NGQwZjkxNmQxIiwic2hvcnRjb2RlIjoidmNfY29sdW1uIiwiZGF0YSI6eyJ0YWJsZXQiOnt9LCJtb2JpbGUiOnt9fX0=&#8221; mobile_reset_margin=&#8221;no&#8221; tablet_reset_margin=&#8221;no&#8221; wd_z_index=&#8221;no&#8221;]\t\t<div id=\"wd-67eafc771e12a\" class=\"wd-text-block wd-wpb reset-last-child wd-rs-67eafc771e12a text-left wd-width-enabled vc_custom_1743453332934\" style=\"--wd-max-width: 90%;\">\n\t\t\t<h3 class=\"titleSlider\" style=\"margin-bottom: 0; font-size: 30px;\">Nosso Laborat\u00f3rio<\/h3>\n<p>&nbsp;<\/p>\n<p>O laborat\u00f3rio de P&amp;D da CDV est\u00e1 equipado com a mais alta tecnologia, o que permite a melhoria dos processos de produ\u00e7\u00e3o como a incorpora\u00e7\u00e3o de novas cepas bacterianas e virais, e a testagem de novas f\u00f3rmulas, entre outros.<\/p>\n<p>Seus laborat\u00f3rios disp\u00f5em de salas para equipamentos especiais, c\u00e2maras de incuba\u00e7\u00e3o de diferentes temperaturas, que permitem a cultura de diferentes linhagens celulares e agentes infecciosos. Possui tamb\u00e9m \u00e1reas de dep\u00f3sito que permitem o armazenamento de reagentes, insumos e material est\u00e9ril e \u00e1reas destinadas \u00e0 realiza\u00e7\u00e3o de ensaios em escala piloto em reatores de cultura.<\/p>\n\t\t<\/div>\n\t\t\t\t<div id=\"wd-67eafc989caa0\" class=\"wd-text-block wd-wpb reset-last-child wd-rs-67eafc989caa0 text-left wd-width-enabled wd-fontsize-xs vc_custom_1743453354833\" style=\"--wd-max-width: 90%;\">\n\t\t\t<h3 class=\"titleSlider\" style=\"margin-bottom: 0; font-size: 30px;\">Servi\u00e7o T\u00e9cnico<\/h3>\n<p>&nbsp;<\/p>\n<p>A CDV conta com uma equipe de profissionais veterin\u00e1rios destinados a trabalhar em conjunto com o pecuarista e o respons\u00e1vel veterin\u00e1rio dos estabelecimentos, para alcan\u00e7ar a efici\u00eancia produtiva dos rebanhos atrav\u00e9s da preven\u00e7\u00e3o.<\/p>\n<p>O Servi\u00e7o T\u00e9cnico da CDV tamb\u00e9m oferece suporte \u00e0 cadeia comercial, com treinamento e assessoria em produtos e servi\u00e7os laboratoriais, como das doen\u00e7as de animais em produ\u00e7\u00e3o e as mais recentes tecnologias para diagnosticar e preveni-las.<\/p>\n\t\t<\/div>\n\t\t[\/vc_column][\/vc_row][vc_row content_placement=&#8221;middle&#8221; css=&#8221;.vc_custom_1737506808830{margin-bottom: 120px !important;padding-left: 5% !important;}&#8221; woodmart_css_id=&#8221;67903ff19a34b&#8221; responsive_spacing=&#8221;eyJwYXJhbV90eXBlIjoid29vZG1hcnRfcmVzcG9uc2l2ZV9zcGFjaW5nIiwic2VsZWN0b3JfaWQiOiI2NzkwM2ZmMTlhMzRiIiwic2hvcnRjb2RlIjoidmNfcm93IiwiZGF0YSI6eyJ0YWJsZXQiOnt9LCJtb2JpbGUiOnt9fX0=&#8221; mobile_bg_img_hidden=&#8221;no&#8221; tablet_bg_img_hidden=&#8221;no&#8221; woodmart_parallax=&#8221;0&#8243; woodmart_gradient_switch=&#8221;no&#8221; woodmart_box_shadow=&#8221;no&#8221; wd_z_index=&#8221;no&#8221; woodmart_disable_overflow=&#8221;0&#8243; row_reverse_mobile=&#8221;0&#8243; row_reverse_tablet=&#8221;0&#8243;][vc_column width=&#8221;1\/2&#8243; vertical_alignment=&#8221;eyJkZXZpY2VzIjp7ImRlc2t0b3AiOnsidmFsdWUiOiJjZW50ZXIifSwidGFibGV0Ijp7InZhbHVlIjoiIn0sIm1vYmlsZSI6eyJ2YWx1ZSI6IiJ9fX0=&#8221; css=&#8221;.vc_custom_1737504216234{padding-left: 6% !important;}&#8221; woodmart_css_id=&#8221;679035d53ac53&#8243; parallax_scroll=&#8221;no&#8221; woodmart_sticky_column=&#8221;false&#8221; wd_collapsible_content_switcher=&#8221;no&#8221; wd_column_role_offcanvas_desktop=&#8221;no&#8221; wd_column_role_offcanvas_tablet=&#8221;no&#8221; wd_column_role_offcanvas_mobile=&#8221;no&#8221; wd_column_role_content_desktop=&#8221;no&#8221; wd_column_role_content_tablet=&#8221;no&#8221; wd_column_role_content_mobile=&#8221;no&#8221; mobile_bg_img_hidden=&#8221;no&#8221; tablet_bg_img_hidden=&#8221;no&#8221; woodmart_parallax=&#8221;0&#8243; woodmart_box_shadow=&#8221;no&#8221; responsive_spacing=&#8221;eyJwYXJhbV90eXBlIjoid29vZG1hcnRfcmVzcG9uc2l2ZV9zcGFjaW5nIiwic2VsZWN0b3JfaWQiOiI2NzkwMzVkNTNhYzUzIiwic2hvcnRjb2RlIjoidmNfY29sdW1uIiwiZGF0YSI6eyJ0YWJsZXQiOnt9LCJtb2JpbGUiOnt9fX0=&#8221; mobile_reset_margin=&#8221;no&#8221; tablet_reset_margin=&#8221;no&#8221; wd_z_index=&#8221;no&#8221;]\t\t<div id=\"wd-67eafcafb4a20\" class=\"wd-text-block wd-wpb reset-last-child wd-rs-67eafcafb4a20 text-left wd-width-enabled wd-fontsize-xs \" style=\"--wd-max-width: 90%;\">\n\t\t\t<h3 class=\"titleSlider\" style=\"margin-bottom: 0; font-size: 30px;\">Compromisso com o desenvolvimento da<\/h3>\n<p>A CDV realiza um trabalho profissional, baseado na inova\u00e7\u00e3o, efici\u00eancia e qualidade de cada um dos processos produtivos; oferecendo assim ao veterin\u00e1rio e aos pecuaristas as melhores ferramentas para prevenir problemas de sa\u00fade nos rebanhos. Atrav\u00e9s do seu servi\u00e7o de diagn\u00f3stico, da sua linha de produtos voltados para a preven\u00e7\u00e3o e trabalhando sempre ao lado de profissionais veterin\u00e1rios e entes sanit\u00e1rios, consegue-se uma sinergia \u00fanica a fim de contribuir para o aumento da produtividade pecu\u00e1ria.<\/p>\n\t\t<\/div>\n\t\t[\/vc_column][vc_column width=&#8221;1\/2&#8243; woodmart_css_id=&#8221;66df525c456ca&#8221; parallax_scroll=&#8221;no&#8221; woodmart_sticky_column=&#8221;false&#8221; wd_collapsible_content_switcher=&#8221;no&#8221; wd_column_role_offcanvas_desktop=&#8221;no&#8221; wd_column_role_offcanvas_tablet=&#8221;no&#8221; wd_column_role_offcanvas_mobile=&#8221;no&#8221; wd_column_role_content_desktop=&#8221;no&#8221; wd_column_role_content_tablet=&#8221;no&#8221; wd_column_role_content_mobile=&#8221;no&#8221; mobile_bg_img_hidden=&#8221;no&#8221; tablet_bg_img_hidden=&#8221;no&#8221; woodmart_parallax=&#8221;0&#8243; woodmart_box_shadow=&#8221;no&#8221; responsive_spacing=&#8221;eyJwYXJhbV90eXBlIjoid29vZG1hcnRfcmVzcG9uc2l2ZV9zcGFjaW5nIiwic2VsZWN0b3JfaWQiOiI2NmRmNTI1YzQ1NmNhIiwic2hvcnRjb2RlIjoidmNfY29sdW1uIiwiZGF0YSI6eyJ0YWJsZXQiOnt9LCJtb2JpbGUiOnt9fX0=&#8221; mobile_reset_margin=&#8221;no&#8221; tablet_reset_margin=&#8221;no&#8221; wd_z_index=&#8221;no&#8221;]\t\t<div id=\"wd-679035a1790ab\" class=\"wd-image wd-wpb wd-animation-slide-from-right wd-animation-normal wd-rs-679035a1790ab text-center \">\n\t\t\t\n\t\t\t<img loading=\"lazy\" decoding=\"async\" width=\"800\" height=\"800\" src=\"https:\/\/cdv.com.ar\/pt\/wp-content\/uploads\/2025\/01\/Institucional-Nuestras-plantas_2-3.png\" class=\"attachment-full size-full\" alt=\"\" srcset=\"https:\/\/cdv.com.ar\/pt\/wp-content\/uploads\/2025\/01\/Institucional-Nuestras-plantas_2-3.png 800w, https:\/\/cdv.com.ar\/pt\/wp-content\/uploads\/2025\/01\/Institucional-Nuestras-plantas_2-3-300x300.png 300w, https:\/\/cdv.com.ar\/pt\/wp-content\/uploads\/2025\/01\/Institucional-Nuestras-plantas_2-3-150x150.png 150w, https:\/\/cdv.com.ar\/pt\/wp-content\/uploads\/2025\/01\/Institucional-Nuestras-plantas_2-3-768x768.png 768w, https:\/\/cdv.com.ar\/pt\/wp-content\/uploads\/2025\/01\/Institucional-Nuestras-plantas_2-3-12x12.png 12w, https:\/\/cdv.com.ar\/pt\/wp-content\/uploads\/2025\/01\/Institucional-Nuestras-plantas_2-3-430x430.png 430w, https:\/\/cdv.com.ar\/pt\/wp-content\/uploads\/2025\/01\/Institucional-Nuestras-plantas_2-3-700x700.png 700w\" sizes=\"auto, (max-width: 800px) 100vw, 800px\" \/>\n\t\t\t\t\t<\/div>\n\t\t[\/vc_column][\/vc_row]<\/p>\n<\/div>","protected":false},"excerpt":{"rendered":"<p>[vc_row full_width=&#8221;stretch_row_content_no_spaces&#8221; content_placement=&#8221;middle&#8221; woodmart_stretch_content=&#8221;section-stretch-content-no-pd&#8221; woodmart_bg_position=&#8221;center-center&#8221; woodmart_parallax=&#8221;0&#8243; woodmart_gradient_switch=&#8221;no&#8221; row_reverse_mobile=&#8221;0&#8243; row_reverse_tablet=&#8221;0&#8243; woodmart_disable_overflow=&#8221;1&#8243; mobile_bg_img_hidden=&#8221;no&#8221; tablet_bg_img_hidden=&#8221;no&#8221; wd_z_index=&#8221;no&#8221; woodmart_css_id=&#8221;67c1c9e0d1112&#8243; responsive_spacing=&#8221;eyJwYXJhbV90eXBlIjoid29vZG1hcnRfcmVzcG9uc2l2ZV9zcGFjaW5nIiwic2VsZWN0b3JfaWQiOiI2N2MxYzllMGQxMTEyIiwic2hvcnRjb2RlIjoidmNfcm93IiwiZGF0YSI6eyJ0YWJsZXQiOnt9LCJtb2JpbGUiOnt9fX0=&#8221; woodmart_box_shadow=&#8221;no&#8221; css=&#8221;.vc_custom_1740753406458{margin-top: -40px !important;background-image: url(https:\/\/cdv.com.ar\/pt\/wp-content\/uploads\/2025\/01\/Institucional-sobre-nosotros_1-1.png?id=10566)<\/p>\n","protected":false},"author":2,"featured_media":0,"parent":0,"menu_order":0,"comment_status":"closed","ping_status":"closed","template":"","meta":{"footnotes":""},"class_list":["post-10492","page","type-page","status-publish","hentry"],"_links":{"self":[{"href":"https:\/\/cdv.com.ar\/pt\/wp-json\/wp\/v2\/pages\/10492","targetHints":{"allow":["GET"]}}],"collection":[{"href":"https:\/\/cdv.com.ar\/pt\/wp-json\/wp\/v2\/pages"}],"about":[{"href":"https:\/\/cdv.com.ar\/pt\/wp-json\/wp\/v2\/types\/page"}],"author":[{"embeddable":true,"href":"https:\/\/cdv.com.ar\/pt\/wp-json\/wp\/v2\/users\/2"}],"replies":[{"embeddable":true,"href":"https:\/\/cdv.com.ar\/pt\/wp-json\/wp\/v2\/comments?post=10492"}],"version-history":[{"count":33,"href":"https:\/\/cdv.com.ar\/pt\/wp-json\/wp\/v2\/pages\/10492\/revisions"}],"predecessor-version":[{"id":11129,"href":"https:\/\/cdv.com.ar\/pt\/wp-json\/wp\/v2\/pages\/10492\/revisions\/11129"}],"wp:attachment":[{"href":"https:\/\/cdv.com.ar\/pt\/wp-json\/wp\/v2\/media?parent=10492"}],"curies":[{"name":"wp","href":"https:\/\/api.w.org\/{rel}","templated":true}]}}