{"id":10450,"date":"2025-01-14T19:10:02","date_gmt":"2025-01-14T19:10:02","guid":{"rendered":"https:\/\/cdv.com.ar\/pt?page_id=10450"},"modified":"2025-04-10T13:31:40","modified_gmt":"2025-04-10T13:31:40","slug":"laboratorio-de-diagnostico","status":"publish","type":"page","link":"https:\/\/cdv.com.ar\/pt\/laboratorio-de-diagnostico\/","title":{"rendered":"Laborat\u00f3rio de Diagn\u00f3stico"},"content":{"rendered":"<div class=\"wpb-content-wrapper\"><p>[vc_row full_width=&#8221;stretch_row_content_no_spaces&#8221; content_placement=&#8221;middle&#8221; woodmart_stretch_content=&#8221;section-stretch-content-no-pd&#8221; woodmart_bg_position=&#8221;center-center&#8221; woodmart_parallax=&#8221;0&#8243; woodmart_gradient_switch=&#8221;no&#8221; row_reverse_mobile=&#8221;0&#8243; row_reverse_tablet=&#8221;0&#8243; woodmart_disable_overflow=&#8221;1&#8243; mobile_bg_img_hidden=&#8221;no&#8221; tablet_bg_img_hidden=&#8221;no&#8221; wd_z_index=&#8221;no&#8221; woodmart_css_id=&#8221;67abd06aca48d&#8221; responsive_spacing=&#8221;eyJwYXJhbV90eXBlIjoid29vZG1hcnRfcmVzcG9uc2l2ZV9zcGFjaW5nIiwic2VsZWN0b3JfaWQiOiI2N2FiZDA2YWNhNDhkIiwic2hvcnRjb2RlIjoidmNfcm93IiwiZGF0YSI6eyJ0YWJsZXQiOnt9LCJtb2JpbGUiOnt9fX0=&#8221; woodmart_box_shadow=&#8221;no&#8221; css=&#8221;.vc_custom_1739313276355{margin-top: -40px !important;background-image: url(https:\/\/cdv.com.ar\/pt\/wp-content\/uploads\/2025\/02\/laboratorio-diagnosticov2.jpg?id=10725) !important;background-position: center !important;background-repeat: no-repeat !important;background-size: cover !important;}&#8221; min_height=&#8221;261px&#8221;][vc_column vertical_alignment=&#8221;eyJkZXZpY2VzIjp7ImRlc2t0b3AiOnsidmFsdWUiOiJjZW50ZXIifSwidGFibGV0Ijp7InZhbHVlIjoiIn0sIm1vYmlsZSI6eyJ2YWx1ZSI6IiJ9fX0=&#8221; css=&#8221;.vc_custom_1736882584311{padding-top: 0px !important;}&#8221; woodmart_parallax=&#8221;0&#8243; parallax_scroll=&#8221;no&#8221; woodmart_sticky_column=&#8221;false&#8221; woodmart_css_id=&#8221;6786b98f20125&#8243; wd_collapsible_content_switcher=&#8221;no&#8221; wd_column_role_offcanvas_desktop=&#8221;no&#8221; wd_column_role_offcanvas_tablet=&#8221;no&#8221; wd_column_role_offcanvas_mobile=&#8221;no&#8221; wd_column_role_content_desktop=&#8221;no&#8221; wd_column_role_content_tablet=&#8221;no&#8221; wd_column_role_content_mobile=&#8221;no&#8221; mobile_bg_img_hidden=&#8221;no&#8221; tablet_bg_img_hidden=&#8221;no&#8221; woodmart_box_shadow=&#8221;no&#8221; responsive_spacing=&#8221;eyJwYXJhbV90eXBlIjoid29vZG1hcnRfcmVzcG9uc2l2ZV9zcGFjaW5nIiwic2VsZWN0b3JfaWQiOiI2Nzg2Yjk4ZjIwMTI1Iiwic2hvcnRjb2RlIjoidmNfY29sdW1uIiwiZGF0YSI6eyJ0YWJsZXQiOnt9LCJtb2JpbGUiOnt9fX0=&#8221; mobile_reset_margin=&#8221;no&#8221; tablet_reset_margin=&#8221;no&#8221; wd_z_index=&#8221;no&#8221;][vc_column_text css=&#8221;&#8221; woodmart_color_scheme=&#8221;light&#8221; woodmart_inline=&#8221;no&#8221; text_larger=&#8221;no&#8221;]<\/p>\n<h1 class=\"titleSlider\" style=\"text-align: center; color: #fff;\">Laborat\u00f3rio de Diagn\u00f3stico<\/h1>\n<p>[\/vc_column_text][\/vc_column][\/vc_row][vc_row css=&#8221;.vc_custom_1739313391358{margin-top: 40px !important;}&#8221; woodmart_css_id=&#8221;67abd0ebe82ce&#8221; responsive_spacing=&#8221;eyJwYXJhbV90eXBlIjoid29vZG1hcnRfcmVzcG9uc2l2ZV9zcGFjaW5nIiwic2VsZWN0b3JfaWQiOiI2N2FiZDBlYmU4MmNlIiwic2hvcnRjb2RlIjoidmNfcm93IiwiZGF0YSI6eyJ0YWJsZXQiOnt9LCJtb2JpbGUiOnt9fX0=&#8221; mobile_bg_img_hidden=&#8221;no&#8221; tablet_bg_img_hidden=&#8221;no&#8221; woodmart_parallax=&#8221;0&#8243; woodmart_gradient_switch=&#8221;no&#8221; woodmart_box_shadow=&#8221;no&#8221; wd_z_index=&#8221;no&#8221; woodmart_disable_overflow=&#8221;0&#8243; row_reverse_mobile=&#8221;0&#8243; row_reverse_tablet=&#8221;0&#8243;][vc_column][vc_column_text css=&#8221;.vc_custom_1743453019623{margin-top: 60px !important;margin-bottom: 60px !important;padding-right: 15% !important;padding-left: 15% !important;}&#8221; woodmart_inline=&#8221;no&#8221; text_larger=&#8221;no&#8221;]<\/p>\n<p style=\"text-align: center; font-size: 20px;\">\u00danico laborat\u00f3rio que elabora produtos veterin\u00e1rios especializados na preven\u00e7\u00e3o.<\/p>\n<p style=\"text-align: center;\">O Laborat\u00f3rio de Diagn\u00f3stico pr\u00f3prio tem permitido conhecer a problem\u00e1tica das<br \/>\nprincipais doen\u00e7as que afetam os rebanhos a n\u00edvel produtivo e assim elaborar<br \/>\nprodutos que se ajustam aos casos da regi\u00e3o.<\/p>\n<p>[\/vc_column_text]<div id=\"wd-67f7c82a35ba7\" class=\" wd-rs-67f7c82a35ba7 vc_custom_1744291884292 wd-button-wrapper text-center\"><a href=\"https:\/\/diagnostico.cdv.com.ar\/login.php\" title=\"Consulte sus resultados\" target=\"_blank\" class=\"btn btn-scheme-light btn-scheme-hover-light btn-style-default btn-style-round btn-size-large\">Veja seus resultados<\/a><\/div>[\/vc_column][\/vc_row][vc_row css=&#8221;.vc_custom_1737123594614{margin-top: 100px !important;margin-bottom: 40px !important;}&#8221; woodmart_css_id=&#8221;678a6708d388c&#8221; responsive_spacing=&#8221;eyJwYXJhbV90eXBlIjoid29vZG1hcnRfcmVzcG9uc2l2ZV9zcGFjaW5nIiwic2VsZWN0b3JfaWQiOiI2NzhhNjcwOGQzODhjIiwic2hvcnRjb2RlIjoidmNfcm93IiwiZGF0YSI6eyJ0YWJsZXQiOnt9LCJtb2JpbGUiOnt9fX0=&#8221; mobile_bg_img_hidden=&#8221;no&#8221; tablet_bg_img_hidden=&#8221;no&#8221; woodmart_parallax=&#8221;0&#8243; woodmart_gradient_switch=&#8221;no&#8221; woodmart_box_shadow=&#8221;no&#8221; wd_z_index=&#8221;no&#8221; woodmart_disable_overflow=&#8221;0&#8243; row_reverse_mobile=&#8221;0&#8243; row_reverse_tablet=&#8221;0&#8243;][vc_column width=&#8221;1\/3&#8243; woodmart_css_id=&#8221;66df525c456ca&#8221; parallax_scroll=&#8221;no&#8221; woodmart_sticky_column=&#8221;false&#8221; wd_collapsible_content_switcher=&#8221;no&#8221; wd_column_role_offcanvas_desktop=&#8221;no&#8221; wd_column_role_offcanvas_tablet=&#8221;no&#8221; wd_column_role_offcanvas_mobile=&#8221;no&#8221; wd_column_role_content_desktop=&#8221;no&#8221; wd_column_role_content_tablet=&#8221;no&#8221; wd_column_role_content_mobile=&#8221;no&#8221; mobile_bg_img_hidden=&#8221;no&#8221; tablet_bg_img_hidden=&#8221;no&#8221; woodmart_parallax=&#8221;0&#8243; woodmart_box_shadow=&#8221;no&#8221; responsive_spacing=&#8221;eyJwYXJhbV90eXBlIjoid29vZG1hcnRfcmVzcG9uc2l2ZV9zcGFjaW5nIiwic2VsZWN0b3JfaWQiOiI2NmRmNTI1YzQ1NmNhIiwic2hvcnRjb2RlIjoidmNfY29sdW1uIiwiZGF0YSI6eyJ0YWJsZXQiOnt9LCJtb2JpbGUiOnt9fX0=&#8221; mobile_reset_margin=&#8221;no&#8221; tablet_reset_margin=&#8221;no&#8221; wd_z_index=&#8221;no&#8221;]\t\t<div id=\"wd-6786b6433ef3c\" class=\"wd-image wd-wpb wd-rs-6786b6433ef3c text-center \">\n\t\t\t\n\t\t\t<img loading=\"lazy\" decoding=\"async\" width=\"111\" height=\"111\" src=\"https:\/\/cdv.com.ar\/pt\/wp-content\/uploads\/2025\/01\/Institucional-Laboratorio-de-Diagnostico_2.png\" class=\"attachment-medium size-medium\" alt=\"\" srcset=\"https:\/\/cdv.com.ar\/pt\/wp-content\/uploads\/2025\/01\/Institucional-Laboratorio-de-Diagnostico_2.png 111w, https:\/\/cdv.com.ar\/pt\/wp-content\/uploads\/2025\/01\/Institucional-Laboratorio-de-Diagnostico_2-12x12.png 12w\" sizes=\"auto, (max-width: 111px) 100vw, 111px\" \/>\n\t\t\t\t\t<\/div>\n\t\t[vc_column_text css=&#8221;.vc_custom_1743453074209{margin-top: 60px !important;margin-bottom: 60px !important;}&#8221; woodmart_inline=&#8221;no&#8221; text_larger=&#8221;no&#8221;]<\/p>\n<p style=\"text-align: center;\">240 m2 de superf\u00edcie, com tr\u00eas \u00e1reas diferenciadas e equipamentos de \u00faltima gera\u00e7\u00e3o: parasitologia, bacteriologia, virologia, sorologia e diagn\u00f3stico molecular (PCR).<\/p>\n<p>[\/vc_column_text][\/vc_column][vc_column width=&#8221;1\/3&#8243; css=&#8221;.vc_custom_1725911362805{padding-left: 6% !important;}&#8221; woodmart_css_id=&#8221;66df513edcb0d&#8221; parallax_scroll=&#8221;no&#8221; woodmart_sticky_column=&#8221;false&#8221; wd_collapsible_content_switcher=&#8221;no&#8221; wd_column_role_offcanvas_desktop=&#8221;no&#8221; wd_column_role_offcanvas_tablet=&#8221;no&#8221; wd_column_role_offcanvas_mobile=&#8221;no&#8221; wd_column_role_content_desktop=&#8221;no&#8221; wd_column_role_content_tablet=&#8221;no&#8221; wd_column_role_content_mobile=&#8221;no&#8221; mobile_bg_img_hidden=&#8221;no&#8221; tablet_bg_img_hidden=&#8221;no&#8221; woodmart_parallax=&#8221;0&#8243; woodmart_box_shadow=&#8221;no&#8221; responsive_spacing=&#8221;eyJwYXJhbV90eXBlIjoid29vZG1hcnRfcmVzcG9uc2l2ZV9zcGFjaW5nIiwic2VsZWN0b3JfaWQiOiI2NmRmNTEzZWRjYjBkIiwic2hvcnRjb2RlIjoidmNfY29sdW1uIiwiZGF0YSI6eyJ0YWJsZXQiOnt9LCJtb2JpbGUiOnt9fX0=&#8221; mobile_reset_margin=&#8221;no&#8221; tablet_reset_margin=&#8221;no&#8221; wd_z_index=&#8221;no&#8221;]\t\t<div id=\"wd-6786b66d3de8c\" class=\"wd-image wd-wpb wd-rs-6786b66d3de8c text-center \">\n\t\t\t\n\t\t\t<img loading=\"lazy\" decoding=\"async\" width=\"111\" height=\"111\" src=\"https:\/\/cdv.com.ar\/pt\/wp-content\/uploads\/2025\/01\/Institucional-Laboratorio-de-Diagnostico_3-2.png\" class=\"attachment-medium size-medium\" alt=\"\" srcset=\"https:\/\/cdv.com.ar\/pt\/wp-content\/uploads\/2025\/01\/Institucional-Laboratorio-de-Diagnostico_3-2.png 111w, https:\/\/cdv.com.ar\/pt\/wp-content\/uploads\/2025\/01\/Institucional-Laboratorio-de-Diagnostico_3-2-12x12.png 12w\" sizes=\"auto, (max-width: 111px) 100vw, 111px\" \/>\n\t\t\t\t\t<\/div>\n\t\t[vc_column_text css=&#8221;.vc_custom_1743453092266{margin-top: 60px !important;margin-bottom: 60px !important;}&#8221; woodmart_inline=&#8221;no&#8221; text_larger=&#8221;no&#8221;]<\/p>\n<p style=\"text-align: center;\">Oferece uma ampla gama de an\u00e1lises para todas as esp\u00e9cies de interesse veterin\u00e1rio, especializando-se no diagn\u00f3stico e controle de doen\u00e7as reprodutivas bovinas, incluindo doen\u00e7as ven\u00e9reas, tricomon\u00edase e campilobacteriose.<\/p>\n<p>[\/vc_column_text][\/vc_column][vc_column width=&#8221;1\/3&#8243;]\t\t<div id=\"wd-6786b7b7c6062\" class=\"wd-image wd-wpb wd-rs-6786b7b7c6062 text-center \">\n\t\t\t\n\t\t\t<img loading=\"lazy\" decoding=\"async\" width=\"111\" height=\"111\" src=\"https:\/\/cdv.com.ar\/pt\/wp-content\/uploads\/2025\/01\/Institucional-Laboratorio-de-Diagnostico_4.png\" class=\"attachment-medium size-medium\" alt=\"\" srcset=\"https:\/\/cdv.com.ar\/pt\/wp-content\/uploads\/2025\/01\/Institucional-Laboratorio-de-Diagnostico_4.png 111w, https:\/\/cdv.com.ar\/pt\/wp-content\/uploads\/2025\/01\/Institucional-Laboratorio-de-Diagnostico_4-12x12.png 12w\" sizes=\"auto, (max-width: 111px) 100vw, 111px\" \/>\n\t\t\t\t\t<\/div>\n\t\t[vc_column_text css=&#8221;.vc_custom_1743453108471{margin-top: 60px !important;margin-bottom: 60px !important;}&#8221; woodmart_inline=&#8221;no&#8221; text_larger=&#8221;no&#8221;]<\/p>\n<p style=\"text-align: center;\">Na vanguarda no diagn\u00f3stico de brucelose, leptospirose, IBR, neosporose e detec\u00e7\u00e3o de animais PI (persistentemente infectados) para diarreia viral bovina. Assim como a qualidade do leite e an\u00e1lises bacteriol\u00f3gicas e f\u00edsico-qu\u00edmicas da \u00e1gua.<\/p>\n<p>[\/vc_column_text][\/vc_column][\/vc_row][vc_row css=&#8221;.vc_custom_1736882475336{margin-bottom: 40px !important;}&#8221; woodmart_css_id=&#8221;6786b924c42b0&#8243; responsive_spacing=&#8221;eyJwYXJhbV90eXBlIjoid29vZG1hcnRfcmVzcG9uc2l2ZV9zcGFjaW5nIiwic2VsZWN0b3JfaWQiOiI2Nzg2YjkyNGM0MmIwIiwic2hvcnRjb2RlIjoidmNfcm93IiwiZGF0YSI6eyJ0YWJsZXQiOnt9LCJtb2JpbGUiOnt9fX0=&#8221; mobile_bg_img_hidden=&#8221;no&#8221; tablet_bg_img_hidden=&#8221;no&#8221; woodmart_parallax=&#8221;0&#8243; woodmart_gradient_switch=&#8221;no&#8221; woodmart_box_shadow=&#8221;no&#8221; wd_z_index=&#8221;no&#8221; woodmart_disable_overflow=&#8221;0&#8243; row_reverse_mobile=&#8221;0&#8243; row_reverse_tablet=&#8221;0&#8243;][vc_column width=&#8221;1\/3&#8243; woodmart_css_id=&#8221;66df525c456ca&#8221; parallax_scroll=&#8221;no&#8221; woodmart_sticky_column=&#8221;false&#8221; wd_collapsible_content_switcher=&#8221;no&#8221; wd_column_role_offcanvas_desktop=&#8221;no&#8221; wd_column_role_offcanvas_tablet=&#8221;no&#8221; wd_column_role_offcanvas_mobile=&#8221;no&#8221; wd_column_role_content_desktop=&#8221;no&#8221; wd_column_role_content_tablet=&#8221;no&#8221; wd_column_role_content_mobile=&#8221;no&#8221; mobile_bg_img_hidden=&#8221;no&#8221; tablet_bg_img_hidden=&#8221;no&#8221; woodmart_parallax=&#8221;0&#8243; woodmart_box_shadow=&#8221;no&#8221; responsive_spacing=&#8221;eyJwYXJhbV90eXBlIjoid29vZG1hcnRfcmVzcG9uc2l2ZV9zcGFjaW5nIiwic2VsZWN0b3JfaWQiOiI2NmRmNTI1YzQ1NmNhIiwic2hvcnRjb2RlIjoidmNfY29sdW1uIiwiZGF0YSI6eyJ0YWJsZXQiOnt9LCJtb2JpbGUiOnt9fX0=&#8221; mobile_reset_margin=&#8221;no&#8221; tablet_reset_margin=&#8221;no&#8221; wd_z_index=&#8221;no&#8221;]\t\t<div id=\"wd-6786b7c36e5e0\" class=\"wd-image wd-wpb wd-rs-6786b7c36e5e0 text-center \">\n\t\t\t\n\t\t\t<img loading=\"lazy\" decoding=\"async\" width=\"111\" height=\"111\" src=\"https:\/\/cdv.com.ar\/pt\/wp-content\/uploads\/2025\/01\/Institucional-Laboratorio-de-Diagnostico_5.png\" class=\"attachment-medium size-medium\" alt=\"\" srcset=\"https:\/\/cdv.com.ar\/pt\/wp-content\/uploads\/2025\/01\/Institucional-Laboratorio-de-Diagnostico_5.png 111w, https:\/\/cdv.com.ar\/pt\/wp-content\/uploads\/2025\/01\/Institucional-Laboratorio-de-Diagnostico_5-12x12.png 12w\" sizes=\"auto, (max-width: 111px) 100vw, 111px\" \/>\n\t\t\t\t\t<\/div>\n\t\t[vc_column_text css=&#8221;.vc_custom_1743453141937{margin-top: 60px !important;margin-bottom: 60px !important;}&#8221; woodmart_inline=&#8221;no&#8221; text_larger=&#8221;no&#8221;]<\/p>\n<p style=\"text-align: center;\">Habilitado como Laborat\u00f3rio da Rede Oficial SENASA (com a identifica\u00e7\u00e3o LRO223) para testes de brucelose e leucose enzo\u00f3tica bovina.<\/p>\n<p>[\/vc_column_text][\/vc_column][vc_column width=&#8221;1\/3&#8243; css=&#8221;.vc_custom_1725911362805{padding-left: 6% !important;}&#8221; woodmart_css_id=&#8221;66df513edcb0d&#8221; parallax_scroll=&#8221;no&#8221; woodmart_sticky_column=&#8221;false&#8221; wd_collapsible_content_switcher=&#8221;no&#8221; wd_column_role_offcanvas_desktop=&#8221;no&#8221; wd_column_role_offcanvas_tablet=&#8221;no&#8221; wd_column_role_offcanvas_mobile=&#8221;no&#8221; wd_column_role_content_desktop=&#8221;no&#8221; wd_column_role_content_tablet=&#8221;no&#8221; wd_column_role_content_mobile=&#8221;no&#8221; mobile_bg_img_hidden=&#8221;no&#8221; tablet_bg_img_hidden=&#8221;no&#8221; woodmart_parallax=&#8221;0&#8243; woodmart_box_shadow=&#8221;no&#8221; responsive_spacing=&#8221;eyJwYXJhbV90eXBlIjoid29vZG1hcnRfcmVzcG9uc2l2ZV9zcGFjaW5nIiwic2VsZWN0b3JfaWQiOiI2NmRmNTEzZWRjYjBkIiwic2hvcnRjb2RlIjoidmNfY29sdW1uIiwiZGF0YSI6eyJ0YWJsZXQiOnt9LCJtb2JpbGUiOnt9fX0=&#8221; mobile_reset_margin=&#8221;no&#8221; tablet_reset_margin=&#8221;no&#8221; wd_z_index=&#8221;no&#8221;]\t\t<div id=\"wd-6786b7debaa3f\" class=\"wd-image wd-wpb wd-rs-6786b7debaa3f text-center \">\n\t\t\t\n\t\t\t<img loading=\"lazy\" decoding=\"async\" width=\"111\" height=\"111\" src=\"https:\/\/cdv.com.ar\/pt\/wp-content\/uploads\/2025\/01\/Institucional-Laboratorio-de-Diagnostico_7.png\" class=\"attachment-medium size-medium\" alt=\"\" srcset=\"https:\/\/cdv.com.ar\/pt\/wp-content\/uploads\/2025\/01\/Institucional-Laboratorio-de-Diagnostico_7.png 111w, https:\/\/cdv.com.ar\/pt\/wp-content\/uploads\/2025\/01\/Institucional-Laboratorio-de-Diagnostico_7-12x12.png 12w\" sizes=\"auto, (max-width: 111px) 100vw, 111px\" \/>\n\t\t\t\t\t<\/div>\n\t\t[vc_column_text css=&#8221;.vc_custom_1743453149726{margin-top: 60px !important;margin-bottom: 60px !important;}&#8221; woodmart_inline=&#8221;no&#8221; text_larger=&#8221;no&#8221;]<\/p>\n<p style=\"text-align: center;\">Interpreta\u00e7\u00e3o personalizada dos resultados obtidos.<\/p>\n<p>[\/vc_column_text][\/vc_column][vc_column width=&#8221;1\/3&#8243;]\t\t<div id=\"wd-6786b7d74d12e\" class=\"wd-image wd-wpb wd-rs-6786b7d74d12e text-center \">\n\t\t\t\n\t\t\t<img loading=\"lazy\" decoding=\"async\" width=\"111\" height=\"111\" src=\"https:\/\/cdv.com.ar\/pt\/wp-content\/uploads\/2025\/01\/Institucional-Laboratorio-de-Diagnostico_6.png\" class=\"attachment-medium size-medium\" alt=\"\" srcset=\"https:\/\/cdv.com.ar\/pt\/wp-content\/uploads\/2025\/01\/Institucional-Laboratorio-de-Diagnostico_6.png 111w, https:\/\/cdv.com.ar\/pt\/wp-content\/uploads\/2025\/01\/Institucional-Laboratorio-de-Diagnostico_6-12x12.png 12w\" sizes=\"auto, (max-width: 111px) 100vw, 111px\" \/>\n\t\t\t\t\t<\/div>\n\t\t[vc_column_text css=&#8221;.vc_custom_1743453165418{margin-top: 60px !important;margin-bottom: 60px !important;}&#8221; woodmart_inline=&#8221;no&#8221; text_larger=&#8221;no&#8221;]<\/p>\n<p style=\"text-align: center; font-size: 16px;\">Equipe multidisciplinar de profissionais dedicados ao processamento e an\u00e1lise de amostras para fornecer um diagn\u00f3stico preciso, r\u00e1pido e fi\u00e1vel que permita aos profissionais veterin\u00e1rios dos estabelecimentos tomar medidas preventivas e\/ou corretivas de natureza terap\u00eautica ou de gest\u00e3o, e com o objetivo de aumentar a produtividade dos rebanhos.<\/p>\n<p>[\/vc_column_text][\/vc_column][\/vc_row][vc_row css=&#8221;.vc_custom_1744291898491{margin-top: 0px !important;margin-bottom: 60px !important;padding-right: 15% !important;padding-left: 15% !important;}&#8221; woodmart_css_id=&#8221;67f7c830be54b&#8221; responsive_spacing=&#8221;eyJwYXJhbV90eXBlIjoid29vZG1hcnRfcmVzcG9uc2l2ZV9zcGFjaW5nIiwic2VsZWN0b3JfaWQiOiI2N2Y3YzgzMGJlNTRiIiwic2hvcnRjb2RlIjoidmNfcm93IiwiZGF0YSI6eyJ0YWJsZXQiOnt9LCJtb2JpbGUiOnt9fX0=&#8221; mobile_bg_img_hidden=&#8221;no&#8221; tablet_bg_img_hidden=&#8221;no&#8221; woodmart_parallax=&#8221;0&#8243; woodmart_gradient_switch=&#8221;no&#8221; woodmart_box_shadow=&#8221;no&#8221; wd_z_index=&#8221;no&#8221; woodmart_disable_overflow=&#8221;0&#8243; row_reverse_mobile=&#8221;0&#8243; row_reverse_tablet=&#8221;0&#8243;][vc_column width=&#8221;1\/2&#8243;]<div id=\"wd-67eafbf3b0ec9\" class=\" wd-rs-67eafbf3b0ec9 vc_custom_1743453185226 wd-button-wrapper text-center\"><a href=\"https:\/\/cdv.com.ar\/pt\/wp-content\/uploads\/2025\/02\/2024-10-Lista-de-Servicios-de-Diagnostico-CDV-.pdf\" title=\"Check Service List\" target=\"_blank\" class=\"btn btn-scheme-light btn-scheme-hover-light btn-style-default btn-style-round btn-size-large\">Veja seus resultados<\/a><\/div>[\/vc_column][vc_column width=&#8221;1\/2&#8243;]<div id=\"wd-67eafc0478792\" class=\" wd-rs-67eafc0478792 vc_custom_1743453195418 wd-button-wrapper text-center\"><a href=\"https:\/\/cdv.com.ar\/pt\/wp-content\/uploads\/2025\/02\/CDV-Instructivo-para-toma-de-muestra-digital-1.pdf\" title=\"Download Sampling Instructions\" target=\"_blank\" class=\"btn btn-scheme-custom btn-scheme-hover-light btn-style-bordered btn-style-round btn-size-large\">Baixar instru\u00e7\u00f5es de amostragem<\/a><\/div>[\/vc_column][\/vc_row]<\/p>\n<\/div>","protected":false},"excerpt":{"rendered":"<p>[vc_row full_width=&#8221;stretch_row_content_no_spaces&#8221; content_placement=&#8221;middle&#8221; woodmart_stretch_content=&#8221;section-stretch-content-no-pd&#8221; woodmart_bg_position=&#8221;center-center&#8221; woodmart_parallax=&#8221;0&#8243; woodmart_gradient_switch=&#8221;no&#8221; row_reverse_mobile=&#8221;0&#8243; row_reverse_tablet=&#8221;0&#8243; woodmart_disable_overflow=&#8221;1&#8243; mobile_bg_img_hidden=&#8221;no&#8221; tablet_bg_img_hidden=&#8221;no&#8221; wd_z_index=&#8221;no&#8221; woodmart_css_id=&#8221;67abd06aca48d&#8221; responsive_spacing=&#8221;eyJwYXJhbV90eXBlIjoid29vZG1hcnRfcmVzcG9uc2l2ZV9zcGFjaW5nIiwic2VsZWN0b3JfaWQiOiI2N2FiZDA2YWNhNDhkIiwic2hvcnRjb2RlIjoidmNfcm93IiwiZGF0YSI6eyJ0YWJsZXQiOnt9LCJtb2JpbGUiOnt9fX0=&#8221; woodmart_box_shadow=&#8221;no&#8221; css=&#8221;.vc_custom_1739313276355{margin-top: -40px !important;background-image: url(https:\/\/cdv.com.ar\/pt\/wp-content\/uploads\/2025\/02\/laboratorio-diagnosticov2.jpg?id=10725)<\/p>\n","protected":false},"author":2,"featured_media":0,"parent":0,"menu_order":0,"comment_status":"closed","ping_status":"closed","template":"","meta":{"footnotes":""},"class_list":["post-10450","page","type-page","status-publish","hentry"],"_links":{"self":[{"href":"https:\/\/cdv.com.ar\/pt\/wp-json\/wp\/v2\/pages\/10450","targetHints":{"allow":["GET"]}}],"collection":[{"href":"https:\/\/cdv.com.ar\/pt\/wp-json\/wp\/v2\/pages"}],"about":[{"href":"https:\/\/cdv.com.ar\/pt\/wp-json\/wp\/v2\/types\/page"}],"author":[{"embeddable":true,"href":"https:\/\/cdv.com.ar\/pt\/wp-json\/wp\/v2\/users\/2"}],"replies":[{"embeddable":true,"href":"https:\/\/cdv.com.ar\/pt\/wp-json\/wp\/v2\/comments?post=10450"}],"version-history":[{"count":34,"href":"https:\/\/cdv.com.ar\/pt\/wp-json\/wp\/v2\/pages\/10450\/revisions"}],"predecessor-version":[{"id":11175,"href":"https:\/\/cdv.com.ar\/pt\/wp-json\/wp\/v2\/pages\/10450\/revisions\/11175"}],"wp:attachment":[{"href":"https:\/\/cdv.com.ar\/pt\/wp-json\/wp\/v2\/media?parent=10450"}],"curies":[{"name":"wp","href":"https:\/\/api.w.org\/{rel}","templated":true}]}}