{"id":9886,"date":"2024-08-27T23:16:29","date_gmt":"2024-08-27T23:16:29","guid":{"rendered":"https:\/\/cdv.com.ar\/global\/pt?post_type=product&#038;p=9886"},"modified":"2025-05-20T18:31:05","modified_gmt":"2025-05-20T18:31:05","slug":"vacina-agrovac-ipn","status":"publish","type":"product","link":"https:\/\/cdv.com.ar\/global\/pt\/produtos\/vacina-agrovac-ipn\/","title":{"rendered":"Vacina AGROVAC IPN"},"content":{"rendered":"","protected":false},"excerpt":{"rendered":"<p>Preventiva de necrose pancre\u00e1tica Infecciosa nas esp\u00e9cies salm\u00e3o do Atl\u00e2ntico <em>(Salmo salar)<\/em>, salm\u00e3o coho <em>(Oncorhynchus kisutch, Walbaum)<\/em> e truta arco-\u00edris <em>(Oncorhynchus mykiss, Walbaum).<\/em><\/p>\n","protected":false},"featured_media":9896,"template":"","meta":[],"product_brand":[],"product_cat":[103],"product_tag":[],"class_list":{"0":"post-9886","1":"product","2":"type-product","3":"status-publish","4":"has-post-thumbnail","6":"product_cat-peixes-aquacultura","8":"first","9":"instock","10":"shipping-taxable","11":"purchasable","12":"product-type-simple"},"_links":{"self":[{"href":"https:\/\/cdv.com.ar\/global\/pt\/wp-json\/wp\/v2\/product\/9886","targetHints":{"allow":["GET"]}}],"collection":[{"href":"https:\/\/cdv.com.ar\/global\/pt\/wp-json\/wp\/v2\/product"}],"about":[{"href":"https:\/\/cdv.com.ar\/global\/pt\/wp-json\/wp\/v2\/types\/product"}],"wp:featuredmedia":[{"embeddable":true,"href":"https:\/\/cdv.com.ar\/global\/pt\/wp-json\/wp\/v2\/media\/9896"}],"wp:attachment":[{"href":"https:\/\/cdv.com.ar\/global\/pt\/wp-json\/wp\/v2\/media?parent=9886"}],"wp:term":[{"taxonomy":"product_brand","embeddable":true,"href":"https:\/\/cdv.com.ar\/global\/pt\/wp-json\/wp\/v2\/product_brand?post=9886"},{"taxonomy":"product_cat","embeddable":true,"href":"https:\/\/cdv.com.ar\/global\/pt\/wp-json\/wp\/v2\/product_cat?post=9886"},{"taxonomy":"product_tag","embeddable":true,"href":"https:\/\/cdv.com.ar\/global\/pt\/wp-json\/wp\/v2\/product_tag?post=9886"}],"curies":[{"name":"wp","href":"https:\/\/api.w.org\/{rel}","templated":true}]}}