{"id":9820,"date":"2024-08-23T13:13:14","date_gmt":"2024-08-23T13:13:14","guid":{"rendered":"https:\/\/cdv.com.ar\/global\/pt?post_type=product&#038;p=9820"},"modified":"2025-05-22T22:35:37","modified_gmt":"2025-05-22T22:35:37","slug":"reagente-tuberculina-ppd-aviaria","status":"publish","type":"product","link":"https:\/\/cdv.com.ar\/global\/pt\/produtos\/reagente-tuberculina-ppd-aviaria\/","title":{"rendered":"Tuberculina PPD Avi\u00e1ria"},"content":{"rendered":"","protected":false},"excerpt":{"rendered":"<p>Reagente de uso no diagn\u00f3stico comparativo ou diferencial da tuberculose em bovinos, ovinos, caprinos e su\u00ednos e diagn\u00f3stico de tuberculose em aves.<\/p>\n","protected":false},"featured_media":9765,"template":"","meta":[],"product_brand":[],"product_cat":[114],"product_tag":[],"class_list":{"0":"post-9820","1":"product","2":"type-product","3":"status-publish","4":"has-post-thumbnail","6":"product_cat-reagentes-de-diagnostico","8":"first","9":"instock","10":"shipping-taxable","11":"purchasable","12":"product-type-simple"},"_links":{"self":[{"href":"https:\/\/cdv.com.ar\/global\/pt\/wp-json\/wp\/v2\/product\/9820","targetHints":{"allow":["GET"]}}],"collection":[{"href":"https:\/\/cdv.com.ar\/global\/pt\/wp-json\/wp\/v2\/product"}],"about":[{"href":"https:\/\/cdv.com.ar\/global\/pt\/wp-json\/wp\/v2\/types\/product"}],"wp:featuredmedia":[{"embeddable":true,"href":"https:\/\/cdv.com.ar\/global\/pt\/wp-json\/wp\/v2\/media\/9765"}],"wp:attachment":[{"href":"https:\/\/cdv.com.ar\/global\/pt\/wp-json\/wp\/v2\/media?parent=9820"}],"wp:term":[{"taxonomy":"product_brand","embeddable":true,"href":"https:\/\/cdv.com.ar\/global\/pt\/wp-json\/wp\/v2\/product_brand?post=9820"},{"taxonomy":"product_cat","embeddable":true,"href":"https:\/\/cdv.com.ar\/global\/pt\/wp-json\/wp\/v2\/product_cat?post=9820"},{"taxonomy":"product_tag","embeddable":true,"href":"https:\/\/cdv.com.ar\/global\/pt\/wp-json\/wp\/v2\/product_tag?post=9820"}],"curies":[{"name":"wp","href":"https:\/\/api.w.org\/{rel}","templated":true}]}}