{"id":11367,"date":"2025-09-17T17:18:23","date_gmt":"2025-09-17T17:18:23","guid":{"rendered":"https:\/\/cdv.com.ar\/global\/pt\/?post_type=product&#038;p=11367"},"modified":"2025-09-17T17:20:56","modified_gmt":"2025-09-17T17:20:56","slug":"vacina-cdvac-clostridial-polivalente","status":"publish","type":"product","link":"https:\/\/cdv.com.ar\/global\/pt\/produtos\/vacina-cdvac-clostridial-polivalente\/","title":{"rendered":"Vacina CDVac Clostridial Polivalente"},"content":{"rendered":"","protected":false},"excerpt":{"rendered":"<p>Preventiva de perna preta, gangrena gasosa, enterotoxemia, hepatite necr\u00f3tica, edema maligno e morte s\u00fabita causadas por bact\u00e9rias clostr\u00eddios.<\/p>\n","protected":false},"featured_media":11369,"template":"","meta":[],"product_brand":[],"product_cat":[108],"product_tag":[],"class_list":{"0":"post-11367","1":"product","2":"type-product","3":"status-publish","4":"has-post-thumbnail","6":"product_cat-clostridios","8":"first","9":"instock","10":"shipping-taxable","11":"purchasable","12":"product-type-simple"},"_links":{"self":[{"href":"https:\/\/cdv.com.ar\/global\/pt\/wp-json\/wp\/v2\/product\/11367","targetHints":{"allow":["GET"]}}],"collection":[{"href":"https:\/\/cdv.com.ar\/global\/pt\/wp-json\/wp\/v2\/product"}],"about":[{"href":"https:\/\/cdv.com.ar\/global\/pt\/wp-json\/wp\/v2\/types\/product"}],"wp:featuredmedia":[{"embeddable":true,"href":"https:\/\/cdv.com.ar\/global\/pt\/wp-json\/wp\/v2\/media\/11369"}],"wp:attachment":[{"href":"https:\/\/cdv.com.ar\/global\/pt\/wp-json\/wp\/v2\/media?parent=11367"}],"wp:term":[{"taxonomy":"product_brand","embeddable":true,"href":"https:\/\/cdv.com.ar\/global\/pt\/wp-json\/wp\/v2\/product_brand?post=11367"},{"taxonomy":"product_cat","embeddable":true,"href":"https:\/\/cdv.com.ar\/global\/pt\/wp-json\/wp\/v2\/product_cat?post=11367"},{"taxonomy":"product_tag","embeddable":true,"href":"https:\/\/cdv.com.ar\/global\/pt\/wp-json\/wp\/v2\/product_tag?post=11367"}],"curies":[{"name":"wp","href":"https:\/\/api.w.org\/{rel}","templated":true}]}}