{"id":10299,"date":"2024-09-18T12:45:16","date_gmt":"2024-09-18T12:45:16","guid":{"rendered":"https:\/\/cdv.com.ar\/global\/pt?post_type=product&#038;p=10299"},"modified":"2025-05-22T21:06:55","modified_gmt":"2025-05-22T21:06:55","slug":"vacina-cdvac-clostrimax-p-b","status":"publish","type":"product","link":"https:\/\/cdv.com.ar\/global\/pt\/produtos\/vacina-cdvac-clostrimax-p-b\/","title":{"rendered":"Vacina CDVac Clostrimax P-B"},"content":{"rendered":"","protected":false},"excerpt":{"rendered":"<p>Preventiva de perna preta, gangrena gasosa, enterotoxemia, edema maligno, hepatite necr\u00f3tica, morte s\u00fabita, cabe\u00e7a grande, hemoglobin\u00faria e botulismo produzido por bact\u00e9rias clostr\u00eddios e problemas respirat\u00f3rios causados por pasteurelose.<\/p>\n","protected":false},"featured_media":10323,"template":"","meta":[],"product_brand":[],"product_cat":[108],"product_tag":[],"class_list":{"0":"post-10299","1":"product","2":"type-product","3":"status-publish","4":"has-post-thumbnail","6":"product_cat-clostridios","8":"first","9":"instock","10":"shipping-taxable","11":"purchasable","12":"product-type-simple"},"_links":{"self":[{"href":"https:\/\/cdv.com.ar\/global\/pt\/wp-json\/wp\/v2\/product\/10299","targetHints":{"allow":["GET"]}}],"collection":[{"href":"https:\/\/cdv.com.ar\/global\/pt\/wp-json\/wp\/v2\/product"}],"about":[{"href":"https:\/\/cdv.com.ar\/global\/pt\/wp-json\/wp\/v2\/types\/product"}],"wp:featuredmedia":[{"embeddable":true,"href":"https:\/\/cdv.com.ar\/global\/pt\/wp-json\/wp\/v2\/media\/10323"}],"wp:attachment":[{"href":"https:\/\/cdv.com.ar\/global\/pt\/wp-json\/wp\/v2\/media?parent=10299"}],"wp:term":[{"taxonomy":"product_brand","embeddable":true,"href":"https:\/\/cdv.com.ar\/global\/pt\/wp-json\/wp\/v2\/product_brand?post=10299"},{"taxonomy":"product_cat","embeddable":true,"href":"https:\/\/cdv.com.ar\/global\/pt\/wp-json\/wp\/v2\/product_cat?post=10299"},{"taxonomy":"product_tag","embeddable":true,"href":"https:\/\/cdv.com.ar\/global\/pt\/wp-json\/wp\/v2\/product_tag?post=10299"}],"curies":[{"name":"wp","href":"https:\/\/api.w.org\/{rel}","templated":true}]}}