{"id":10296,"date":"2024-09-18T12:45:12","date_gmt":"2024-09-18T12:45:12","guid":{"rendered":"https:\/\/cdv.com.ar\/global\/pt?post_type=product&#038;p=10296"},"modified":"2025-05-22T21:06:47","modified_gmt":"2025-05-22T21:06:47","slug":"vacina-cdvac-aftosa-monovalente","status":"publish","type":"product","link":"https:\/\/cdv.com.ar\/global\/pt\/produtos\/vacina-cdvac-aftosa-monovalente\/","title":{"rendered":"Vacina CDVac Aftosa Monovalente"},"content":{"rendered":"","protected":false},"excerpt":{"rendered":"<p>Preven\u00e7\u00e3o de febre aftosa destinada \u00e0s esp\u00e9cies bovina, ovina, su\u00edna e caprina.<\/p>\n","protected":false},"featured_media":10320,"template":"","meta":[],"product_brand":[],"product_cat":[22],"product_tag":[],"class_list":{"0":"post-10296","1":"product","2":"type-product","3":"status-publish","4":"has-post-thumbnail","6":"product_cat-aftosa","8":"first","9":"instock","10":"shipping-taxable","11":"purchasable","12":"product-type-simple"},"_links":{"self":[{"href":"https:\/\/cdv.com.ar\/global\/pt\/wp-json\/wp\/v2\/product\/10296","targetHints":{"allow":["GET"]}}],"collection":[{"href":"https:\/\/cdv.com.ar\/global\/pt\/wp-json\/wp\/v2\/product"}],"about":[{"href":"https:\/\/cdv.com.ar\/global\/pt\/wp-json\/wp\/v2\/types\/product"}],"wp:featuredmedia":[{"embeddable":true,"href":"https:\/\/cdv.com.ar\/global\/pt\/wp-json\/wp\/v2\/media\/10320"}],"wp:attachment":[{"href":"https:\/\/cdv.com.ar\/global\/pt\/wp-json\/wp\/v2\/media?parent=10296"}],"wp:term":[{"taxonomy":"product_brand","embeddable":true,"href":"https:\/\/cdv.com.ar\/global\/pt\/wp-json\/wp\/v2\/product_brand?post=10296"},{"taxonomy":"product_cat","embeddable":true,"href":"https:\/\/cdv.com.ar\/global\/pt\/wp-json\/wp\/v2\/product_cat?post=10296"},{"taxonomy":"product_tag","embeddable":true,"href":"https:\/\/cdv.com.ar\/global\/pt\/wp-json\/wp\/v2\/product_tag?post=10296"}],"curies":[{"name":"wp","href":"https:\/\/api.w.org\/{rel}","templated":true}]}}