{"id":10822,"date":"2025-02-19T20:11:06","date_gmt":"2025-02-19T20:11:06","guid":{"rendered":"https:\/\/cdv.com.ar\/global\/pt?page_id=10822"},"modified":"2025-04-04T22:51:35","modified_gmt":"2025-04-04T22:51:35","slug":"politicas-de-privacidade","status":"publish","type":"page","link":"https:\/\/cdv.com.ar\/global\/pt\/politicas-de-privacidade\/","title":{"rendered":"Pol\u00edticas de Privacidade"},"content":{"rendered":"<div class=\"wpb-content-wrapper\"><p>[vc_row woodmart_stretch_content=&#8221;section-stretch&#8221; css=&#8221;.vc_custom_1738160599039{padding-top: 40px !important;padding-bottom: 40px !important;background-color: #F9FAFB !important;}&#8221; woodmart_css_id=&#8221;679a39c64342a&#8221; responsive_spacing=&#8221;eyJwYXJhbV90eXBlIjoid29vZG1hcnRfcmVzcG9uc2l2ZV9zcGFjaW5nIiwic2VsZWN0b3JfaWQiOiI2NzlhMzljNjQzNDJhIiwic2hvcnRjb2RlIjoidmNfcm93IiwiZGF0YSI6eyJ0YWJsZXQiOnt9LCJtb2JpbGUiOnt9fX0=&#8221; mobile_bg_img_hidden=&#8221;no&#8221; tablet_bg_img_hidden=&#8221;no&#8221; woodmart_parallax=&#8221;0&#8243; woodmart_gradient_switch=&#8221;no&#8221; woodmart_box_shadow=&#8221;no&#8221; wd_z_index=&#8221;no&#8221; woodmart_disable_overflow=&#8221;0&#8243; row_reverse_mobile=&#8221;0&#8243; row_reverse_tablet=&#8221;0&#8243;][vc_column css=&#8221;.vc_custom_1737640799104{padding-right: 5% !important;padding-left: 5% !important;}&#8221; woodmart_css_id=&#8221;67924b590e35e&#8221; parallax_scroll=&#8221;no&#8221; woodmart_sticky_column=&#8221;false&#8221; wd_collapsible_content_switcher=&#8221;no&#8221; wd_column_role_offcanvas_desktop=&#8221;no&#8221; wd_column_role_offcanvas_tablet=&#8221;no&#8221; wd_column_role_offcanvas_mobile=&#8221;no&#8221; wd_column_role_content_desktop=&#8221;no&#8221; wd_column_role_content_tablet=&#8221;no&#8221; wd_column_role_content_mobile=&#8221;no&#8221; mobile_bg_img_hidden=&#8221;no&#8221; tablet_bg_img_hidden=&#8221;no&#8221; woodmart_parallax=&#8221;0&#8243; woodmart_box_shadow=&#8221;no&#8221; responsive_spacing=&#8221;eyJwYXJhbV90eXBlIjoid29vZG1hcnRfcmVzcG9uc2l2ZV9zcGFjaW5nIiwic2VsZWN0b3JfaWQiOiI2NzkyNGI1OTBlMzVlIiwic2hvcnRjb2RlIjoidmNfY29sdW1uIiwiZGF0YSI6eyJ0YWJsZXQiOnt9LCJtb2JpbGUiOnt9fX0=&#8221; mobile_reset_margin=&#8221;no&#8221; tablet_reset_margin=&#8221;no&#8221; wd_z_index=&#8221;no&#8221;][vc_column_text css=&#8221;.vc_custom_1741192415124{margin-bottom: 60px !important;}&#8221; woodmart_inline=&#8221;no&#8221; text_larger=&#8221;no&#8221;]<\/p>\n<h3 class=\"titleSlider\" style=\"margin-bottom: 0px; text-align: left;\">Privacy Policies<br \/>\n<img loading=\"lazy\" decoding=\"async\" class=\"size-full wp-image-10361 alignleft\" src=\"https:\/\/cdv.com.ar\/global\/pt\/wp-content\/uploads\/2025\/01\/Rectangle-79.png\" alt=\"\" width=\"71\" height=\"5\" srcset=\"https:\/\/cdv.com.ar\/global\/pt\/wp-content\/uploads\/2025\/01\/Rectangle-79.png 71w, https:\/\/cdv.com.ar\/global\/pt\/wp-content\/uploads\/2025\/01\/Rectangle-79-18x1.png 18w\" sizes=\"auto, (max-width: 71px) 100vw, 71px\" \/><\/h3>\n<p>[\/vc_column_text][vc_column_text css=&#8221;&#8221; woodmart_inline=&#8221;no&#8221; text_larger=&#8221;no&#8221;]Esta Pol\u00edtica de Privacidade descreve a forma como o Centro Diagn\u00f3stico Veterin\u00e1rio S.A. (\u201cCDV\u201d) coleta, armazena e utiliza informa\u00e7\u00f5es sobre pessoas (usu\u00e1rios) que visitam e\/ou utilizam e\/ou se cadastram em redes sociais (incluindo, mas n\u00e3o se limitando a Instagram, Facebook, AO USAR O SITE, VOC\u00ca CONCORDA COM A COLETA E USO DE SEUS DADOS PESSOAIS CONFORME ESTABELECIDO NESTA POL\u00cdTICA DE PRIVACIDADE. VOC\u00ca TAMB\u00c9M RECONHECE QUE CDV PODER\u00c1 ALTERAR, MODIFICAR, ADICIONAR, EXCLUIR OU DE OUTRA FORMA ATUALIZAR ESTA POL\u00cdTICA DE PRIVACIDADE, A SEU EXCLUSIVO DETERMINADO, SEM AVISO PR\u00c9VIO No entanto, as suas informa\u00e7\u00f5es pessoais ser\u00e3o sempre tratadas de acordo com a Pol\u00edtica de Privacidade em vigor no momento da recolha. localizado em nossa p\u00e1gina inicial, bem como em qualquer p\u00e1gina onde os Dados Pessoais sejam solicitados. Em todas as se\u00e7\u00f5es em que os Dados Pessoais s\u00e3o coletados, ser\u00e1 fornecida uma explica\u00e7\u00e3o ampliada das finalidades para as quais os dados solicitados ser\u00e3o utilizados, se necess\u00e1rio. 1. Compromisso de Privacidade O termo \u201cDados Pessoais\u201d, conforme utilizado nesta Pol\u00edtica de Privacidade, refere-se a informa\u00e7\u00f5es que podem ser utilizadas para identific\u00e1-lo, como seu nome, data de nascimento, endere\u00e7o de e-mail, endere\u00e7o postal ou n\u00famero de telefone. Geralmente, processaremos Dados Pessoais exclusivamente conforme descrito nesta Pol\u00edtica de Privacidade. No entanto, reservamo-nos o direito de realizar processamento adicional na medida permitida ou exigida por lei ou al\u00e9m de qualquer investiga\u00e7\u00e3o legal ou criminal. A se\u00e7\u00e3o a seguir explica como e onde coletamos seus Dados Pessoais. 2. Utiliza\u00e7\u00e3o prevista dos Dados Pessoais A maior parte dos nossos servi\u00e7os n\u00e3o necessita de qualquer tipo de registo, o que lhe permitir\u00e1 visitar o nosso site sem necessidade de se identificar. No entanto, alguns dos servi\u00e7os solicitar\u00e3o que voc\u00ea nos forne\u00e7a seus Dados Pessoais. Nestas situa\u00e7\u00f5es, se optar por n\u00e3o nos fornecer os Dados Pessoais solicitados, poder\u00e1 n\u00e3o ter acesso a algumas sec\u00e7\u00f5es do site e poderemos n\u00e3o conseguir responder \u00e0 sua consulta. Todos os Dados Pessoais recolhidos atrav\u00e9s deste site ser\u00e3o inclu\u00eddos numa base de dados propriedade da CDV, com o objetivo de lhe fornecer e\/ou faturar os produtos ou servi\u00e7os que solicitou, bem como mant\u00ea-lo informado, inclusive por meios eletr\u00f3nicos, sobre os produtos e servi\u00e7os da CDV que consideramos que possam ser do seu interesse. Em qualquer caso, a utiliza\u00e7\u00e3o dos seus dados para qualquer outra finalidade ser-lhe-\u00e1 comunicada antes de proceder ao seu tratamento. 3. Confidencialidade dos Dados Pessoais Comprometemo-nos a n\u00e3o vender, divulgar ou de outra forma distribuir os seus Dados Pessoais a terceiros, exceto conforme previsto nesta Pol\u00edtica de Privacidade. Neste sentido, voc\u00ea consente que possamos transferir seus Dados Pessoais para outras empresas vinculadas ao CDV que se comprometam a trat\u00e1-los de acordo com esta Pol\u00edtica de Privacidade. Al\u00e9m disso, os Dados Pessoais podem ser transferidos a terceiros que atuem em nosso nome para processamento de acordo com os fins para os quais foram originalmente recolhidos ou podem ser processados \u200b\u200bde outra forma l\u00edcita, como presta\u00e7\u00e3o de servi\u00e7os, avalia\u00e7\u00e3o da utilidade do Site, marketing, gest\u00e3o de dados ou suporte t\u00e9cnico. Esses terceiros celebraram um contrato connosco para utilizar exclusivamente os Dados Pessoais para os fins acordados e n\u00e3o vender ou divulgar os seus Dados Pessoais a outros terceiros, exceto conforme exigido por lei, permitido por n\u00f3s ou indicado nesta Pol\u00edtica de Privacidade. Da mesma forma, os seus Dados Pessoais recolhidos poder\u00e3o ser transferidos a terceiros no caso de o neg\u00f3cio relacionado com este site e os dados do cliente relacionados com o mesmo serem vendidos, adjudicados ou transferidos total ou parcialmente; Nesse caso, solicitaremos ao comprador, licitante vencedor ou cession\u00e1rio que processe os Dados Pessoais de acordo com esta Pol\u00edtica de Privacidade. Al\u00e9m disso, os Dados Pessoais poder\u00e3o ser divulgados a terceiros se formos obrigados a faz\u00ea-lo com base na lei aplic\u00e1vel, ordem judicial ou regulamenta\u00e7\u00e3o governamental ou se tal divulga\u00e7\u00e3o for necess\u00e1ria para apoiar uma investiga\u00e7\u00e3o ou processo judicial ou criminal aqui ou no exterior. 4. Direito de acesso, retifica\u00e7\u00e3o e elimina\u00e7\u00e3o Sempre que tratamos Dados Pessoais, tomamos medidas[\/vc_column_text][\/vc_column][\/vc_row]<\/p>\n<\/div>","protected":false},"excerpt":{"rendered":"<p>[vc_row woodmart_stretch_content=&#8221;section-stretch&#8221; css=&#8221;.vc_custom_1738160599039{padding-top: 40px !important;padding-bottom: 40px !important;background-color: #F9FAFB !important;}&#8221; woodmart_css_id=&#8221;679a39c64342a&#8221; responsive_spacing=&#8221;eyJwYXJhbV90eXBlIjoid29vZG1hcnRfcmVzcG9uc2l2ZV9zcGFjaW5nIiwic2VsZWN0b3JfaWQiOiI2NzlhMzljNjQzNDJhIiwic2hvcnRjb2RlIjoidmNfcm93IiwiZGF0YSI6eyJ0YWJsZXQiOnt9LCJtb2JpbGUiOnt9fX0=&#8221; mobile_bg_img_hidden=&#8221;no&#8221; tablet_bg_img_hidden=&#8221;no&#8221; woodmart_parallax=&#8221;0&#8243; woodmart_gradient_switch=&#8221;no&#8221; woodmart_box_shadow=&#8221;no&#8221; wd_z_index=&#8221;no&#8221; woodmart_disable_overflow=&#8221;0&#8243; row_reverse_mobile=&#8221;0&#8243; row_reverse_tablet=&#8221;0&#8243;][vc_column<\/p>\n","protected":false},"author":2,"featured_media":0,"parent":0,"menu_order":0,"comment_status":"closed","ping_status":"closed","template":"","meta":{"footnotes":""},"class_list":["post-10822","page","type-page","status-publish","hentry"],"_links":{"self":[{"href":"https:\/\/cdv.com.ar\/global\/pt\/wp-json\/wp\/v2\/pages\/10822","targetHints":{"allow":["GET"]}}],"collection":[{"href":"https:\/\/cdv.com.ar\/global\/pt\/wp-json\/wp\/v2\/pages"}],"about":[{"href":"https:\/\/cdv.com.ar\/global\/pt\/wp-json\/wp\/v2\/types\/page"}],"author":[{"embeddable":true,"href":"https:\/\/cdv.com.ar\/global\/pt\/wp-json\/wp\/v2\/users\/2"}],"replies":[{"embeddable":true,"href":"https:\/\/cdv.com.ar\/global\/pt\/wp-json\/wp\/v2\/comments?post=10822"}],"version-history":[{"count":6,"href":"https:\/\/cdv.com.ar\/global\/pt\/wp-json\/wp\/v2\/pages\/10822\/revisions"}],"predecessor-version":[{"id":11173,"href":"https:\/\/cdv.com.ar\/global\/pt\/wp-json\/wp\/v2\/pages\/10822\/revisions\/11173"}],"wp:attachment":[{"href":"https:\/\/cdv.com.ar\/global\/pt\/wp-json\/wp\/v2\/media?parent=10822"}],"curies":[{"name":"wp","href":"https:\/\/api.w.org\/{rel}","templated":true}]}}