{"id":10639,"date":"2025-01-29T13:35:43","date_gmt":"2025-01-29T13:35:43","guid":{"rendered":"https:\/\/cdv.com.ar\/global\/pt?page_id=10639"},"modified":"2025-06-24T17:27:17","modified_gmt":"2025-06-24T17:27:17","slug":"assistencia-medica-inteligente","status":"publish","type":"page","link":"https:\/\/cdv.com.ar\/global\/pt\/assistencia-medica-inteligente\/","title":{"rendered":"Assist\u00eancia m\u00e9dica inteligente"},"content":{"rendered":"<div class=\"wpb-content-wrapper\"><p>[vc_row full_width=&#8221;stretch_row_content_no_spaces&#8221; content_placement=&#8221;middle&#8221; woodmart_stretch_content=&#8221;section-stretch-content-no-pd&#8221; woodmart_bg_position=&#8221;center-center&#8221; woodmart_parallax=&#8221;0&#8243; woodmart_gradient_switch=&#8221;no&#8221; row_reverse_mobile=&#8221;0&#8243; row_reverse_tablet=&#8221;0&#8243; woodmart_disable_overflow=&#8221;1&#8243; mobile_bg_img_hidden=&#8221;no&#8221; tablet_bg_img_hidden=&#8221;no&#8221; wd_z_index=&#8221;no&#8221; woodmart_css_id=&#8221;67c1d5276c06a&#8221; responsive_spacing=&#8221;eyJwYXJhbV90eXBlIjoid29vZG1hcnRfcmVzcG9uc2l2ZV9zcGFjaW5nIiwic2VsZWN0b3JfaWQiOiI2N2MxZDUyNzZjMDZhIiwic2hvcnRjb2RlIjoidmNfcm93IiwiZGF0YSI6eyJ0YWJsZXQiOnt9LCJtb2JpbGUiOnt9fX0=&#8221; woodmart_box_shadow=&#8221;no&#8221; css=&#8221;.vc_custom_1740756286605{margin-top: -40px !important;background-image: url(https:\/\/cdv.com.ar\/global\/pt\/wp-content\/uploads\/2025\/02\/sanidad-inteligente-2-sin-texto_1-1.png?id=11003) !important;background-position: center !important;background-repeat: no-repeat !important;background-size: cover !important;}&#8221; min_height=&#8221;261px&#8221;][vc_column css=&#8221;.vc_custom_1537529905139{padding-top: 0px !important;}&#8221; woodmart_parallax=&#8221;0&#8243; parallax_scroll=&#8221;no&#8221; woodmart_sticky_column=&#8221;false&#8221;][vc_column_text css=&#8221;&#8221; woodmart_color_scheme=&#8221;light&#8221; woodmart_inline=&#8221;no&#8221; text_larger=&#8221;no&#8221;]<\/p>\n<h1 class=\"titleSlider\" style=\"text-align: center; color: #000;\">Assist\u00eancia m\u00e9dica inteligente<\/h1>\n<p>[\/vc_column_text][\/vc_column][\/vc_row][vc_row woodmart_css_id=&#8221;679a34074b974&#8243; responsive_spacing=&#8221;eyJwYXJhbV90eXBlIjoid29vZG1hcnRfcmVzcG9uc2l2ZV9zcGFjaW5nIiwic2VsZWN0b3JfaWQiOiI2NzlhMzQwNzRiOTc0Iiwic2hvcnRjb2RlIjoidmNfcm93IiwiZGF0YSI6eyJ0YWJsZXQiOnt9LCJtb2JpbGUiOnt9fX0=&#8221; mobile_bg_img_hidden=&#8221;no&#8221; tablet_bg_img_hidden=&#8221;no&#8221; woodmart_parallax=&#8221;0&#8243; woodmart_gradient_switch=&#8221;no&#8221; woodmart_box_shadow=&#8221;no&#8221; wd_z_index=&#8221;no&#8221; woodmart_disable_overflow=&#8221;0&#8243; row_reverse_mobile=&#8221;0&#8243; row_reverse_tablet=&#8221;0&#8243;][vc_column][vc_column_text css=&#8221;.vc_custom_1747495339185{margin-top: 40px !important;margin-bottom: 60px !important;padding-right: 15% !important;padding-left: 15% !important;}&#8221; woodmart_inline=&#8221;no&#8221; text_larger=&#8221;no&#8221;]<\/p>\n<h3 class=\"titleSlider\" style=\"margin-bottom: 0px; text-align: center;\">Etiquetas inteligentes<br \/>\n<img loading=\"lazy\" decoding=\"async\" class=\"aligncenter size-full wp-image-10361\" src=\"https:\/\/cdv.com.ar\/global\/pt\/wp-content\/uploads\/2025\/01\/Rectangle-79.png\" alt=\"\" width=\"71\" height=\"5\" srcset=\"https:\/\/cdv.com.ar\/global\/pt\/wp-content\/uploads\/2025\/01\/Rectangle-79.png 71w, https:\/\/cdv.com.ar\/global\/pt\/wp-content\/uploads\/2025\/01\/Rectangle-79-18x1.png 18w\" sizes=\"auto, (max-width: 71px) 100vw, 71px\" \/><\/h3>\n<p>[\/vc_column_text][vc_column_text css=&#8221;.vc_custom_1747495349765{margin-top: 60px !important;margin-bottom: 60px !important;padding-right: 15% !important;padding-left: 15% !important;}&#8221; woodmart_inline=&#8221;no&#8221; text_larger=&#8221;no&#8221;]<\/p>\n<p style=\"text-align: center; font-size: 20px;\">CDV, pioneira na incorpora\u00e7\u00e3o de tecnologia na ind\u00fastria veterin\u00e1ria<\/p>\n<p>[\/vc_column_text][\/vc_column][\/vc_row][vc_row css=&#8221;.vc_custom_1738158691066{margin-top: 0px !important;}&#8221; woodmart_css_id=&#8221;679a325f69eb6&#8243; responsive_spacing=&#8221;eyJwYXJhbV90eXBlIjoid29vZG1hcnRfcmVzcG9uc2l2ZV9zcGFjaW5nIiwic2VsZWN0b3JfaWQiOiI2NzlhMzI1ZjY5ZWI2Iiwic2hvcnRjb2RlIjoidmNfcm93IiwiZGF0YSI6eyJ0YWJsZXQiOnt9LCJtb2JpbGUiOnt9fX0=&#8221; mobile_bg_img_hidden=&#8221;no&#8221; tablet_bg_img_hidden=&#8221;no&#8221; woodmart_parallax=&#8221;0&#8243; woodmart_gradient_switch=&#8221;no&#8221; woodmart_box_shadow=&#8221;no&#8221; wd_z_index=&#8221;no&#8221; woodmart_disable_overflow=&#8221;0&#8243; row_reverse_mobile=&#8221;0&#8243; row_reverse_tablet=&#8221;0&#8243;][vc_column woodmart_css_id=&#8221;66df508ba756a&#8221; parallax_scroll=&#8221;no&#8221; woodmart_sticky_column=&#8221;false&#8221; wd_collapsible_content_switcher=&#8221;no&#8221; wd_column_role_offcanvas_desktop=&#8221;no&#8221; wd_column_role_offcanvas_tablet=&#8221;no&#8221; wd_column_role_offcanvas_mobile=&#8221;no&#8221; wd_column_role_content_desktop=&#8221;no&#8221; wd_column_role_content_tablet=&#8221;no&#8221; wd_column_role_content_mobile=&#8221;no&#8221; mobile_bg_img_hidden=&#8221;no&#8221; tablet_bg_img_hidden=&#8221;no&#8221; woodmart_parallax=&#8221;0&#8243; woodmart_box_shadow=&#8221;no&#8221; responsive_spacing=&#8221;eyJwYXJhbV90eXBlIjoid29vZG1hcnRfcmVzcG9uc2l2ZV9zcGFjaW5nIiwic2VsZWN0b3JfaWQiOiI2NmRmNTA4YmE3NTZhIiwic2hvcnRjb2RlIjoidmNfY29sdW1uIiwiZGF0YSI6eyJ0YWJsZXQiOnt9LCJtb2JpbGUiOnt9fX0=&#8221; mobile_reset_margin=&#8221;no&#8221; tablet_reset_margin=&#8221;no&#8221; wd_z_index=&#8221;no&#8221;]\t\t<div class=\"wd-el-video wd-wpb wd-rs-685adfa12bc6f wd-enabled-width wd-action-overlay wd-video-youtube vc_custom_1750786033647 wd-lightbox\">\n\t\t\t\n\t\t\t\n\t\t\t\n\t\t\t\t\t\t\t<div class=\"wd-el-video-overlay wd-fill\">\n\t\t\t\t\t<img loading=\"lazy\" decoding=\"async\" width=\"1430\" height=\"801\" src=\"https:\/\/cdv.com.ar\/global\/pt\/wp-content\/uploads\/2025\/06\/codigo-qr-pt.jpg\" class=\"attachment-full size-full\" alt=\"\" \/>\t\t\t\t<\/div>\n\t\t\t\t<div class=\"wd-el-video-control color-scheme-light wd-fill\">\n\t\t\t\t\t<span class=\"wd-el-video-play-btn\"><\/span>\n\t\t\t\t\t\t\t\t\t<\/div>\n\n\t\t\t\t<a class=\"wd-el-video-link wd-el-video-btn-overlay wd-fill wd-el-video-lightbox\" href=\"http:\/\/www.youtube.com\/watch?v=idrNhYr0DnU\"><\/a>\n\t\t\t\t\t<\/div>\n\t\t[\/vc_column][\/vc_row][vc_row css=&#8221;.vc_custom_1725910708289{margin-bottom: 120px !important;padding-left: 5% !important;}&#8221; woodmart_css_id=&#8221;66df4eae163df&#8221; responsive_spacing=&#8221;eyJwYXJhbV90eXBlIjoid29vZG1hcnRfcmVzcG9uc2l2ZV9zcGFjaW5nIiwic2VsZWN0b3JfaWQiOiI2NmRmNGVhZTE2M2RmIiwic2hvcnRjb2RlIjoidmNfcm93IiwiZGF0YSI6eyJ0YWJsZXQiOnt9LCJtb2JpbGUiOnt9fX0=&#8221; mobile_bg_img_hidden=&#8221;no&#8221; tablet_bg_img_hidden=&#8221;no&#8221; woodmart_parallax=&#8221;0&#8243; woodmart_gradient_switch=&#8221;no&#8221; woodmart_box_shadow=&#8221;no&#8221; wd_z_index=&#8221;no&#8221; woodmart_disable_overflow=&#8221;0&#8243; row_reverse_mobile=&#8221;0&#8243; row_reverse_tablet=&#8221;0&#8243;][vc_column width=&#8221;1\/2&#8243; woodmart_css_id=&#8221;66df525c456ca&#8221; parallax_scroll=&#8221;no&#8221; woodmart_sticky_column=&#8221;false&#8221; wd_collapsible_content_switcher=&#8221;no&#8221; wd_column_role_offcanvas_desktop=&#8221;no&#8221; wd_column_role_offcanvas_tablet=&#8221;no&#8221; wd_column_role_offcanvas_mobile=&#8221;no&#8221; wd_column_role_content_desktop=&#8221;no&#8221; wd_column_role_content_tablet=&#8221;no&#8221; wd_column_role_content_mobile=&#8221;no&#8221; mobile_bg_img_hidden=&#8221;no&#8221; tablet_bg_img_hidden=&#8221;no&#8221; woodmart_parallax=&#8221;0&#8243; woodmart_box_shadow=&#8221;no&#8221; responsive_spacing=&#8221;eyJwYXJhbV90eXBlIjoid29vZG1hcnRfcmVzcG9uc2l2ZV9zcGFjaW5nIiwic2VsZWN0b3JfaWQiOiI2NmRmNTI1YzQ1NmNhIiwic2hvcnRjb2RlIjoidmNfY29sdW1uIiwiZGF0YSI6eyJ0YWJsZXQiOnt9LCJtb2JpbGUiOnt9fX0=&#8221; mobile_reset_margin=&#8221;no&#8221; tablet_reset_margin=&#8221;no&#8221; wd_z_index=&#8221;no&#8221;][vc_column_text css=&#8221;.vc_custom_1747495363527{margin-bottom: 0px !important;}&#8221; woodmart_inline=&#8221;no&#8221; text_larger=&#8221;no&#8221;]<\/p>\n<h3 class=\"titleSlider\" style=\"margin-bottom: 0px; text-align: left; font-size: 32px;\">C\u00d3DIGO QR<\/h3>\n<p>[\/vc_column_text]\n\t\t<ul class=\" wd-rs-6828a9c812d7e wd-list wd-wpb color-scheme- wd-fontsize-s wd-list-type-icon wd-list-style-default wd-justify-left chevStyle \" id=\"wd-6828a9c812d7e\">\n\t\t\t\t\t\t\t\t\t\t\t<li>\n\t\t\t\t\t<span class=\"list-icon fas fa-chevron-right\"><\/span>\n\t\t\t\t\t<span class=\"list-content\">Nossos produtos agora contam com um QR Code com informa\u00e7\u00f5es importantes para sua aplica\u00e7\u00e3o. Escaneie-o no seu celular.<\/span>\n\t\t\t\t\t\t\t\t\t<\/li>\n\t\t\t\t\t<\/ul>\n\t\t\t\t<div id=\"wd-679a34629c479\" class=\"wd-image wd-wpb wd-animation-slide-from-left wd-animation-slow wd-rs-679a34629c479 text-center \">\n\t\t\t\n\t\t\t<img loading=\"lazy\" decoding=\"async\" width=\"696\" height=\"601\" src=\"https:\/\/cdv.com.ar\/global\/pt\/wp-content\/uploads\/2025\/01\/sanidad-inteligente-2_qr.png\" class=\"attachment-full size-full\" alt=\"\" srcset=\"https:\/\/cdv.com.ar\/global\/pt\/wp-content\/uploads\/2025\/01\/sanidad-inteligente-2_qr.png 696w, https:\/\/cdv.com.ar\/global\/pt\/wp-content\/uploads\/2025\/01\/sanidad-inteligente-2_qr-347x300.png 347w, https:\/\/cdv.com.ar\/global\/pt\/wp-content\/uploads\/2025\/01\/sanidad-inteligente-2_qr-14x12.png 14w, https:\/\/cdv.com.ar\/global\/pt\/wp-content\/uploads\/2025\/01\/sanidad-inteligente-2_qr-430x371.png 430w, https:\/\/cdv.com.ar\/global\/pt\/wp-content\/uploads\/2025\/01\/sanidad-inteligente-2_qr-150x130.png 150w\" sizes=\"auto, (max-width: 696px) 100vw, 696px\" \/>\n\t\t\t\t\t<\/div>\n\t\t[\/vc_column][vc_column width=&#8221;1\/2&#8243; woodmart_css_id=&#8221;679a3807ec3dc&#8221; parallax_scroll=&#8221;no&#8221; woodmart_sticky_column=&#8221;false&#8221; wd_collapsible_content_switcher=&#8221;no&#8221; wd_column_role_offcanvas_desktop=&#8221;no&#8221; wd_column_role_offcanvas_tablet=&#8221;no&#8221; wd_column_role_offcanvas_mobile=&#8221;no&#8221; wd_column_role_content_desktop=&#8221;no&#8221; wd_column_role_content_tablet=&#8221;no&#8221; wd_column_role_content_mobile=&#8221;no&#8221; mobile_bg_img_hidden=&#8221;no&#8221; tablet_bg_img_hidden=&#8221;no&#8221; woodmart_parallax=&#8221;0&#8243; woodmart_box_shadow=&#8221;no&#8221; responsive_spacing=&#8221;eyJwYXJhbV90eXBlIjoid29vZG1hcnRfcmVzcG9uc2l2ZV9zcGFjaW5nIiwic2VsZWN0b3JfaWQiOiI2NzlhMzgwN2VjM2RjIiwic2hvcnRjb2RlIjoidmNfY29sdW1uIiwiZGF0YSI6eyJ0YWJsZXQiOnt9LCJtb2JpbGUiOnt9fX0=&#8221; mobile_reset_margin=&#8221;no&#8221; tablet_reset_margin=&#8221;no&#8221; wd_z_index=&#8221;no&#8221;][vc_column_text css=&#8221;.vc_custom_1747495452998{margin-bottom: 0px !important;}&#8221; woodmart_inline=&#8221;no&#8221; text_larger=&#8221;no&#8221;]<\/p>\n<h3 class=\"titleSlider\" style=\"margin-bottom: 0px; text-align: left; font-size: 32px;\">DATA MATRIX CODE<\/h3>\n<p>[\/vc_column_text]\n\t\t<ul class=\" wd-rs-6828aa007093b wd-list wd-wpb color-scheme- wd-fontsize-s wd-list-type-icon wd-list-style-default wd-justify-left \" id=\"wd-6828aa007093b\">\n\t\t\t\t\t\t\t\t\t\t\t<li>\n\t\t\t\t\t<span class=\"list-icon fas fa-chevron-right\"><\/span>\n\t\t\t\t\t<span class=\"list-content\">O Data Matrix Code \u00e9 uma identifica\u00e7\u00e3o \u00fanica que cada produto CDV possui para acessar sua rastreabilidade.<\/span>\n\t\t\t\t\t\t\t\t\t<\/li>\n\t\t\t\t\t<\/ul>\n\t\t\t\t<div id=\"wd-679a37e9b12a2\" class=\"wd-image wd-wpb wd-animation-slide-from-left wd-animation-slow wd-rs-679a37e9b12a2 text-center \">\n\t\t\t\n\t\t\t<img loading=\"lazy\" decoding=\"async\" width=\"696\" height=\"601\" src=\"https:\/\/cdv.com.ar\/global\/pt\/wp-content\/uploads\/2025\/01\/sanidad-inteligente-2_data-matrix.png\" class=\"attachment-full size-full\" alt=\"\" srcset=\"https:\/\/cdv.com.ar\/global\/pt\/wp-content\/uploads\/2025\/01\/sanidad-inteligente-2_data-matrix.png 696w, https:\/\/cdv.com.ar\/global\/pt\/wp-content\/uploads\/2025\/01\/sanidad-inteligente-2_data-matrix-347x300.png 347w, https:\/\/cdv.com.ar\/global\/pt\/wp-content\/uploads\/2025\/01\/sanidad-inteligente-2_data-matrix-14x12.png 14w, https:\/\/cdv.com.ar\/global\/pt\/wp-content\/uploads\/2025\/01\/sanidad-inteligente-2_data-matrix-430x371.png 430w, https:\/\/cdv.com.ar\/global\/pt\/wp-content\/uploads\/2025\/01\/sanidad-inteligente-2_data-matrix-150x130.png 150w\" sizes=\"auto, (max-width: 696px) 100vw, 696px\" \/>\n\t\t\t\t\t<\/div>\n\t\t[\/vc_column][\/vc_row][vc_row css=&#8221;.vc_custom_1738159773856{padding-right: 5% !important;padding-left: 5% !important;background-color: #FFFFFF !important;}&#8221; woodmart_css_id=&#8221;679a36970368c&#8221; responsive_spacing=&#8221;eyJwYXJhbV90eXBlIjoid29vZG1hcnRfcmVzcG9uc2l2ZV9zcGFjaW5nIiwic2VsZWN0b3JfaWQiOiI2NzlhMzY5NzAzNjhjIiwic2hvcnRjb2RlIjoidmNfcm93IiwiZGF0YSI6eyJ0YWJsZXQiOnt9LCJtb2JpbGUiOnt9fX0=&#8221; mobile_bg_img_hidden=&#8221;no&#8221; tablet_bg_img_hidden=&#8221;no&#8221; woodmart_parallax=&#8221;0&#8243; woodmart_gradient_switch=&#8221;no&#8221; woodmart_box_shadow=&#8221;no&#8221; wd_z_index=&#8221;no&#8221; woodmart_disable_overflow=&#8221;0&#8243; row_reverse_mobile=&#8221;0&#8243; row_reverse_tablet=&#8221;0&#8243;][vc_column][vc_column_text css=&#8221;.vc_custom_1741188649089{margin-bottom: 60px !important;padding-right: 15% !important;padding-left: 15% !important;}&#8221; woodmart_inline=&#8221;no&#8221; text_larger=&#8221;no&#8221;]<\/p>\n<h3 class=\"titleSlider\" style=\"margin-bottom: 0px; text-align: center;\">SAS Secure Application System<br \/>\n<img loading=\"lazy\" decoding=\"async\" class=\"aligncenter size-full wp-image-10361\" src=\"https:\/\/cdv.com.ar\/global\/pt\/wp-content\/uploads\/2025\/01\/Rectangle-79.png\" alt=\"\" width=\"71\" height=\"5\" srcset=\"https:\/\/cdv.com.ar\/global\/pt\/wp-content\/uploads\/2025\/01\/Rectangle-79.png 71w, https:\/\/cdv.com.ar\/global\/pt\/wp-content\/uploads\/2025\/01\/Rectangle-79-18x1.png 18w\" sizes=\"auto, (max-width: 71px) 100vw, 71px\" \/><\/h3>\n<p>[\/vc_column_text][vc_column_text css=&#8221;.vc_custom_1747495481496{margin-top: 60px !important;margin-bottom: 60px !important;padding-right: 10% !important;padding-left: 10% !important;}&#8221; woodmart_inline=&#8221;no&#8221; text_larger=&#8221;no&#8221;]<\/p>\n<p style=\"text-align: center; font-size: 16px;\">SAS \u00e9 um sistema criado pela CDV para casos de m\u00faltiplas aplica\u00e7\u00f5es. Ela funciona quando o veterin\u00e1rio inocula os animais com diferentes produtos ao mesmo tempo. O adesivo encontrado no verso de cada um dos nossos recipientes, preso \u00e0 seringa, serve como um identificador e evita confus\u00f5es na hora da vacina\u00e7\u00e3o.<\/p>\n<p>[\/vc_column_text][\/vc_column][\/vc_row][vc_row woodmart_bg_position=&#8221;center-center&#8221; woodmart_css_id=&#8221;679a36cad6412&#8243; responsive_spacing=&#8221;eyJwYXJhbV90eXBlIjoid29vZG1hcnRfcmVzcG9uc2l2ZV9zcGFjaW5nIiwic2VsZWN0b3JfaWQiOiI2NzlhMzZjYWQ2NDEyIiwic2hvcnRjb2RlIjoidmNfcm93IiwiZGF0YSI6eyJ0YWJsZXQiOnt9LCJtb2JpbGUiOnt9fX0=&#8221; mobile_bg_img_hidden=&#8221;no&#8221; tablet_bg_img_hidden=&#8221;no&#8221; woodmart_parallax=&#8221;0&#8243; woodmart_gradient_switch=&#8221;no&#8221; woodmart_box_shadow=&#8221;no&#8221; wd_z_index=&#8221;no&#8221; woodmart_disable_overflow=&#8221;0&#8243; row_reverse_mobile=&#8221;0&#8243; row_reverse_tablet=&#8221;0&#8243; css=&#8221;.vc_custom_1738159828058{padding-right: 20% !important;padding-left: 20% !important;}&#8221;][vc_column width=&#8221;1\/2&#8243;][vc_row_inner][vc_column_inner width=&#8221;1\/2&#8243;][vc_column_text css=&#8221;&#8221; woodmart_inline=&#8221;no&#8221; text_larger=&#8221;no&#8221;]<img loading=\"lazy\" decoding=\"async\" class=\"size-full wp-image-10645 alignright\" src=\"https:\/\/cdv.com.ar\/global\/pt\/wp-content\/uploads\/2025\/01\/Capa_1-1.png\" alt=\"\" width=\"95\" height=\"103\" srcset=\"https:\/\/cdv.com.ar\/global\/pt\/wp-content\/uploads\/2025\/01\/Capa_1-1.png 95w, https:\/\/cdv.com.ar\/global\/pt\/wp-content\/uploads\/2025\/01\/Capa_1-1-11x12.png 11w\" sizes=\"auto, (max-width: 95px) 100vw, 95px\" \/>[\/vc_column_text][\/vc_column_inner][vc_column_inner width=&#8221;1\/2&#8243;][vc_column_text css=&#8221;.vc_custom_1747495498096{padding-top: 40px !important;}&#8221; woodmart_inline=&#8221;no&#8221; text_larger=&#8221;no&#8221;]<\/p>\n<h1 style=\"padding-bottom: 0; margin-bottom: 5px;\">01<\/h1>\n<p><span style=\"font-weight: 600;\">Remova o adesivo<br \/>\ndo recipiente.<\/span>[\/vc_column_text][\/vc_column_inner][\/vc_row_inner][\/vc_column][vc_column width=&#8221;1\/2&#8243;][vc_row_inner][vc_column_inner width=&#8221;1\/2&#8243;][vc_column_text css=&#8221;&#8221; woodmart_inline=&#8221;no&#8221; text_larger=&#8221;no&#8221;]<img loading=\"lazy\" decoding=\"async\" class=\"wp-image-10646 size-full alignright\" src=\"https:\/\/cdv.com.ar\/global\/pt\/wp-content\/uploads\/2025\/01\/Capa_1-1-1.png\" alt=\"\" width=\"109\" height=\"95\" srcset=\"https:\/\/cdv.com.ar\/global\/pt\/wp-content\/uploads\/2025\/01\/Capa_1-1-1.png 109w, https:\/\/cdv.com.ar\/global\/pt\/wp-content\/uploads\/2025\/01\/Capa_1-1-1-14x12.png 14w\" sizes=\"auto, (max-width: 109px) 100vw, 109px\" \/>[\/vc_column_text][\/vc_column_inner][vc_column_inner width=&#8221;1\/2&#8243; css=&#8221;.vc_custom_1739370622163{padding-right: 0px !important;padding-left: 0px !important;}&#8221; woodmart_css_id=&#8221;67acb079287b5&#8243; parallax_scroll=&#8221;no&#8221; woodmart_sticky_column=&#8221;false&#8221; wd_collapsible_content_switcher=&#8221;no&#8221; wd_column_role_offcanvas_desktop=&#8221;no&#8221; wd_column_role_offcanvas_tablet=&#8221;no&#8221; wd_column_role_offcanvas_mobile=&#8221;no&#8221; wd_column_role_content_desktop=&#8221;no&#8221; wd_column_role_content_tablet=&#8221;no&#8221; wd_column_role_content_mobile=&#8221;no&#8221; mobile_bg_img_hidden=&#8221;no&#8221; tablet_bg_img_hidden=&#8221;no&#8221; woodmart_parallax=&#8221;0&#8243; woodmart_box_shadow=&#8221;no&#8221; responsive_spacing=&#8221;eyJwYXJhbV90eXBlIjoid29vZG1hcnRfcmVzcG9uc2l2ZV9zcGFjaW5nIiwic2VsZWN0b3JfaWQiOiI2N2FjYjA3OTI4N2I1Iiwic2hvcnRjb2RlIjoidmNfY29sdW1uX2lubmVyIiwiZGF0YSI6eyJ0YWJsZXQiOnt9LCJtb2JpbGUiOnt9fX0=&#8221; wd_z_index=&#8221;no&#8221;][vc_column_text css=&#8221;.vc_custom_1747495510060{padding-top: 40px !important;}&#8221; woodmart_inline=&#8221;no&#8221; text_larger=&#8221;no&#8221;]<\/p>\n<h1 style=\"padding-bottom: 0; margin-bottom: 5px;\">02<\/h1>\n<p><span style=\"font-weight: 600;\">Colar na seringa<br \/>\nda vacina a ser inoculada.<\/span>[\/vc_column_text][\/vc_column_inner][\/vc_row_inner][\/vc_column][\/vc_row]<\/p>\n<\/div>","protected":false},"excerpt":{"rendered":"<p>[vc_row full_width=&#8221;stretch_row_content_no_spaces&#8221; content_placement=&#8221;middle&#8221; woodmart_stretch_content=&#8221;section-stretch-content-no-pd&#8221; woodmart_bg_position=&#8221;center-center&#8221; woodmart_parallax=&#8221;0&#8243; woodmart_gradient_switch=&#8221;no&#8221; row_reverse_mobile=&#8221;0&#8243; row_reverse_tablet=&#8221;0&#8243; woodmart_disable_overflow=&#8221;1&#8243; mobile_bg_img_hidden=&#8221;no&#8221; tablet_bg_img_hidden=&#8221;no&#8221; wd_z_index=&#8221;no&#8221; woodmart_css_id=&#8221;67c1d5276c06a&#8221; responsive_spacing=&#8221;eyJwYXJhbV90eXBlIjoid29vZG1hcnRfcmVzcG9uc2l2ZV9zcGFjaW5nIiwic2VsZWN0b3JfaWQiOiI2N2MxZDUyNzZjMDZhIiwic2hvcnRjb2RlIjoidmNfcm93IiwiZGF0YSI6eyJ0YWJsZXQiOnt9LCJtb2JpbGUiOnt9fX0=&#8221; woodmart_box_shadow=&#8221;no&#8221; css=&#8221;.vc_custom_1740756286605{margin-top: -40px !important;background-image: url(https:\/\/cdv.com.ar\/global\/pt\/wp-content\/uploads\/2025\/02\/sanidad-inteligente-2-sin-texto_1-1.png?id=11003)<\/p>\n","protected":false},"author":2,"featured_media":0,"parent":0,"menu_order":0,"comment_status":"closed","ping_status":"closed","template":"","meta":{"footnotes":""},"class_list":["post-10639","page","type-page","status-publish","hentry"],"_links":{"self":[{"href":"https:\/\/cdv.com.ar\/global\/pt\/wp-json\/wp\/v2\/pages\/10639","targetHints":{"allow":["GET"]}}],"collection":[{"href":"https:\/\/cdv.com.ar\/global\/pt\/wp-json\/wp\/v2\/pages"}],"about":[{"href":"https:\/\/cdv.com.ar\/global\/pt\/wp-json\/wp\/v2\/types\/page"}],"author":[{"embeddable":true,"href":"https:\/\/cdv.com.ar\/global\/pt\/wp-json\/wp\/v2\/users\/2"}],"replies":[{"embeddable":true,"href":"https:\/\/cdv.com.ar\/global\/pt\/wp-json\/wp\/v2\/comments?post=10639"}],"version-history":[{"count":50,"href":"https:\/\/cdv.com.ar\/global\/pt\/wp-json\/wp\/v2\/pages\/10639\/revisions"}],"predecessor-version":[{"id":11313,"href":"https:\/\/cdv.com.ar\/global\/pt\/wp-json\/wp\/v2\/pages\/10639\/revisions\/11313"}],"wp:attachment":[{"href":"https:\/\/cdv.com.ar\/global\/pt\/wp-json\/wp\/v2\/media?parent=10639"}],"curies":[{"name":"wp","href":"https:\/\/api.w.org\/{rel}","templated":true}]}}