{"id":9894,"date":"2024-08-27T23:16:33","date_gmt":"2024-08-27T23:16:33","guid":{"rendered":"https:\/\/cdv.com.ar\/global\/es?post_type=product&#038;p=9894"},"modified":"2025-05-09T13:18:11","modified_gmt":"2025-05-09T13:18:11","slug":"vacuna-agrovac-2","status":"publish","type":"product","link":"https:\/\/cdv.com.ar\/global\/es\/productos\/vacuna-agrovac-2\/","title":{"rendered":"Vacuna AGROVAC  2"},"content":{"rendered":"","protected":false},"excerpt":{"rendered":"<p>Preventivo de la Necrosis Pancre\u00e1tica Infecciosa y las enfermedades producidas por Vibrio ordalii en las especies Salm\u00f3n del Atl\u00e1ntico (<em>Salmo salar<\/em>), Salmon Coho (<em>Oncorhynchus kisutch, Walbaum<\/em>), Salm\u00f3n Chinook (<em>Oncorhynchus tshawytscha<\/em>) y Trucha arco\u00edris (<em>Oncorhynchus mykiss, Walbaum<\/em>).<\/p>\n","protected":false},"featured_media":9899,"template":"","meta":{"_joinchat":[]},"product_brand":[],"product_cat":[103],"product_tag":[],"class_list":{"0":"post-9894","1":"product","2":"type-product","3":"status-publish","4":"has-post-thumbnail","6":"product_cat-peces-acuacultura","8":"first","9":"instock","10":"shipping-taxable","11":"purchasable","12":"product-type-simple"},"_links":{"self":[{"href":"https:\/\/cdv.com.ar\/global\/es\/wp-json\/wp\/v2\/product\/9894","targetHints":{"allow":["GET"]}}],"collection":[{"href":"https:\/\/cdv.com.ar\/global\/es\/wp-json\/wp\/v2\/product"}],"about":[{"href":"https:\/\/cdv.com.ar\/global\/es\/wp-json\/wp\/v2\/types\/product"}],"wp:featuredmedia":[{"embeddable":true,"href":"https:\/\/cdv.com.ar\/global\/es\/wp-json\/wp\/v2\/media\/9899"}],"wp:attachment":[{"href":"https:\/\/cdv.com.ar\/global\/es\/wp-json\/wp\/v2\/media?parent=9894"}],"wp:term":[{"taxonomy":"product_brand","embeddable":true,"href":"https:\/\/cdv.com.ar\/global\/es\/wp-json\/wp\/v2\/product_brand?post=9894"},{"taxonomy":"product_cat","embeddable":true,"href":"https:\/\/cdv.com.ar\/global\/es\/wp-json\/wp\/v2\/product_cat?post=9894"},{"taxonomy":"product_tag","embeddable":true,"href":"https:\/\/cdv.com.ar\/global\/es\/wp-json\/wp\/v2\/product_tag?post=9894"}],"curies":[{"name":"wp","href":"https:\/\/api.w.org\/{rel}","templated":true}]}}