{"id":9812,"date":"2024-08-23T12:57:41","date_gmt":"2024-08-23T12:57:41","guid":{"rendered":"https:\/\/cdv.com.ar\/global\/es?post_type=product&#038;p=9812"},"modified":"2025-02-26T14:20:39","modified_gmt":"2025-02-26T14:20:39","slug":"vacuna-cdvac-clostrimax-t","status":"publish","type":"product","link":"https:\/\/cdv.com.ar\/global\/es\/productos\/vacuna-cdvac-clostrimax-t\/","title":{"rendered":"Vacuna CDVac Clostrimax T"},"content":{"rendered":"","protected":false},"excerpt":{"rendered":"<p>Preventivo de Mancha, Gangrena gaseosa, Enterotoxemia, Edema maligno, Hepatitis necr\u00f3tica, Muerte s\u00fabita, Cabeza hinchada, Hemoglobinuria y T\u00e9tanos producidas por bacterias clostridiales.<\/p>\n","protected":false},"featured_media":9769,"template":"","meta":{"_joinchat":[]},"product_brand":[],"product_cat":[108],"product_tag":[],"class_list":{"0":"post-9812","1":"product","2":"type-product","3":"status-publish","4":"has-post-thumbnail","6":"product_cat-clostridiales","8":"first","9":"instock","10":"shipping-taxable","11":"purchasable","12":"product-type-simple"},"_links":{"self":[{"href":"https:\/\/cdv.com.ar\/global\/es\/wp-json\/wp\/v2\/product\/9812","targetHints":{"allow":["GET"]}}],"collection":[{"href":"https:\/\/cdv.com.ar\/global\/es\/wp-json\/wp\/v2\/product"}],"about":[{"href":"https:\/\/cdv.com.ar\/global\/es\/wp-json\/wp\/v2\/types\/product"}],"wp:featuredmedia":[{"embeddable":true,"href":"https:\/\/cdv.com.ar\/global\/es\/wp-json\/wp\/v2\/media\/9769"}],"wp:attachment":[{"href":"https:\/\/cdv.com.ar\/global\/es\/wp-json\/wp\/v2\/media?parent=9812"}],"wp:term":[{"taxonomy":"product_brand","embeddable":true,"href":"https:\/\/cdv.com.ar\/global\/es\/wp-json\/wp\/v2\/product_brand?post=9812"},{"taxonomy":"product_cat","embeddable":true,"href":"https:\/\/cdv.com.ar\/global\/es\/wp-json\/wp\/v2\/product_cat?post=9812"},{"taxonomy":"product_tag","embeddable":true,"href":"https:\/\/cdv.com.ar\/global\/es\/wp-json\/wp\/v2\/product_tag?post=9812"}],"curies":[{"name":"wp","href":"https:\/\/api.w.org\/{rel}","templated":true}]}}