{"id":10297,"date":"2024-09-18T12:45:14","date_gmt":"2024-09-18T12:45:14","guid":{"rendered":"https:\/\/cdv.com.ar\/global\/es?post_type=product&#038;p=10297"},"modified":"2025-05-16T20:46:55","modified_gmt":"2025-05-16T20:46:55","slug":"vacuna-cdvac-clostrimax-8","status":"publish","type":"product","link":"https:\/\/cdv.com.ar\/global\/es\/productos\/vacuna-cdvac-clostrimax-8\/","title":{"rendered":"Vacuna  CDVac Clostrimax 8"},"content":{"rendered":"","protected":false},"excerpt":{"rendered":"<p>Preventivo de Mancha, Gangrena gaseosa, Enterotoxemia, Edema maligno, Hepatitis necr\u00f3tica, Muerte s\u00fabita y T\u00e9tanos producidas por bacterias clostridiales.<\/p>\n","protected":false},"featured_media":10321,"template":"","meta":{"_joinchat":[]},"product_brand":[],"product_cat":[108],"product_tag":[],"class_list":{"0":"post-10297","1":"product","2":"type-product","3":"status-publish","4":"has-post-thumbnail","6":"product_cat-clostridiales","8":"first","9":"instock","10":"shipping-taxable","11":"purchasable","12":"product-type-simple"},"_links":{"self":[{"href":"https:\/\/cdv.com.ar\/global\/es\/wp-json\/wp\/v2\/product\/10297","targetHints":{"allow":["GET"]}}],"collection":[{"href":"https:\/\/cdv.com.ar\/global\/es\/wp-json\/wp\/v2\/product"}],"about":[{"href":"https:\/\/cdv.com.ar\/global\/es\/wp-json\/wp\/v2\/types\/product"}],"wp:featuredmedia":[{"embeddable":true,"href":"https:\/\/cdv.com.ar\/global\/es\/wp-json\/wp\/v2\/media\/10321"}],"wp:attachment":[{"href":"https:\/\/cdv.com.ar\/global\/es\/wp-json\/wp\/v2\/media?parent=10297"}],"wp:term":[{"taxonomy":"product_brand","embeddable":true,"href":"https:\/\/cdv.com.ar\/global\/es\/wp-json\/wp\/v2\/product_brand?post=10297"},{"taxonomy":"product_cat","embeddable":true,"href":"https:\/\/cdv.com.ar\/global\/es\/wp-json\/wp\/v2\/product_cat?post=10297"},{"taxonomy":"product_tag","embeddable":true,"href":"https:\/\/cdv.com.ar\/global\/es\/wp-json\/wp\/v2\/product_tag?post=10297"}],"curies":[{"name":"wp","href":"https:\/\/api.w.org\/{rel}","templated":true}]}}