{"id":10295,"date":"2024-09-18T12:45:11","date_gmt":"2024-09-18T12:45:11","guid":{"rendered":"https:\/\/cdv.com.ar\/global\/es?post_type=product&#038;p=10295"},"modified":"2025-02-26T14:05:09","modified_gmt":"2025-02-26T14:05:09","slug":"reactivo-rosa-de-bengala","status":"publish","type":"product","link":"https:\/\/cdv.com.ar\/global\/es\/productos\/reactivo-rosa-de-bengala\/","title":{"rendered":"Rosa  de Bengala"},"content":{"rendered":"","protected":false},"excerpt":{"rendered":"<p>Reactivo de uso para la prueba serol\u00f3gica r\u00e1pida en placa de Brucelosis en bovinos, porcinos, equinos, ovinos, caprinos y b\u00fafalos.<\/p>\n","protected":false},"featured_media":10319,"template":"","meta":{"_joinchat":[]},"product_brand":[],"product_cat":[114],"product_tag":[],"class_list":{"0":"post-10295","1":"product","2":"type-product","3":"status-publish","4":"has-post-thumbnail","6":"product_cat-reactivos-de-diagnostico","8":"first","9":"instock","10":"shipping-taxable","11":"purchasable","12":"product-type-simple"},"_links":{"self":[{"href":"https:\/\/cdv.com.ar\/global\/es\/wp-json\/wp\/v2\/product\/10295","targetHints":{"allow":["GET"]}}],"collection":[{"href":"https:\/\/cdv.com.ar\/global\/es\/wp-json\/wp\/v2\/product"}],"about":[{"href":"https:\/\/cdv.com.ar\/global\/es\/wp-json\/wp\/v2\/types\/product"}],"wp:featuredmedia":[{"embeddable":true,"href":"https:\/\/cdv.com.ar\/global\/es\/wp-json\/wp\/v2\/media\/10319"}],"wp:attachment":[{"href":"https:\/\/cdv.com.ar\/global\/es\/wp-json\/wp\/v2\/media?parent=10295"}],"wp:term":[{"taxonomy":"product_brand","embeddable":true,"href":"https:\/\/cdv.com.ar\/global\/es\/wp-json\/wp\/v2\/product_brand?post=10295"},{"taxonomy":"product_cat","embeddable":true,"href":"https:\/\/cdv.com.ar\/global\/es\/wp-json\/wp\/v2\/product_cat?post=10295"},{"taxonomy":"product_tag","embeddable":true,"href":"https:\/\/cdv.com.ar\/global\/es\/wp-json\/wp\/v2\/product_tag?post=10295"}],"curies":[{"name":"wp","href":"https:\/\/api.w.org\/{rel}","templated":true}]}}