{"id":10822,"date":"2025-02-19T20:11:06","date_gmt":"2025-02-19T20:11:06","guid":{"rendered":"https:\/\/cdv.com.ar\/global\/es?page_id=10822"},"modified":"2025-02-19T20:19:34","modified_gmt":"2025-02-19T20:19:34","slug":"politicas-de-privacidad","status":"publish","type":"page","link":"https:\/\/cdv.com.ar\/global\/es\/politicas-de-privacidad\/","title":{"rendered":"Pol\u00edticas de privacidad"},"content":{"rendered":"<div class=\"wpb-content-wrapper\"><p>[vc_row woodmart_stretch_content=\u00bbsection-stretch\u00bb css=\u00bb.vc_custom_1738160599039{padding-top: 40px !important;padding-bottom: 40px !important;background-color: #F9FAFB !important;}\u00bb woodmart_css_id=\u00bb679a39c64342a\u00bb responsive_spacing=\u00bbeyJwYXJhbV90eXBlIjoid29vZG1hcnRfcmVzcG9uc2l2ZV9zcGFjaW5nIiwic2VsZWN0b3JfaWQiOiI2NzlhMzljNjQzNDJhIiwic2hvcnRjb2RlIjoidmNfcm93IiwiZGF0YSI6eyJ0YWJsZXQiOnt9LCJtb2JpbGUiOnt9fX0=\u00bb mobile_bg_img_hidden=\u00bbno\u00bb tablet_bg_img_hidden=\u00bbno\u00bb woodmart_parallax=\u00bb0&#8243; woodmart_gradient_switch=\u00bbno\u00bb woodmart_box_shadow=\u00bbno\u00bb wd_z_index=\u00bbno\u00bb woodmart_disable_overflow=\u00bb0&#8243; row_reverse_mobile=\u00bb0&#8243; row_reverse_tablet=\u00bb0&#8243;][vc_column css=\u00bb.vc_custom_1737640799104{padding-right: 5% !important;padding-left: 5% !important;}\u00bb woodmart_css_id=\u00bb67924b590e35e\u00bb parallax_scroll=\u00bbno\u00bb woodmart_sticky_column=\u00bbfalse\u00bb wd_collapsible_content_switcher=\u00bbno\u00bb wd_column_role_offcanvas_desktop=\u00bbno\u00bb wd_column_role_offcanvas_tablet=\u00bbno\u00bb wd_column_role_offcanvas_mobile=\u00bbno\u00bb wd_column_role_content_desktop=\u00bbno\u00bb wd_column_role_content_tablet=\u00bbno\u00bb wd_column_role_content_mobile=\u00bbno\u00bb mobile_bg_img_hidden=\u00bbno\u00bb tablet_bg_img_hidden=\u00bbno\u00bb woodmart_parallax=\u00bb0&#8243; woodmart_box_shadow=\u00bbno\u00bb responsive_spacing=\u00bbeyJwYXJhbV90eXBlIjoid29vZG1hcnRfcmVzcG9uc2l2ZV9zcGFjaW5nIiwic2VsZWN0b3JfaWQiOiI2NzkyNGI1OTBlMzVlIiwic2hvcnRjb2RlIjoidmNfY29sdW1uIiwiZGF0YSI6eyJ0YWJsZXQiOnt9LCJtb2JpbGUiOnt9fX0=\u00bb mobile_reset_margin=\u00bbno\u00bb tablet_reset_margin=\u00bbno\u00bb wd_z_index=\u00bbno\u00bb][vc_column_text css=\u00bb.vc_custom_1739996322158{margin-bottom: 60px !important;}\u00bb woodmart_inline=\u00bbno\u00bb text_larger=\u00bbno\u00bb]<\/p>\n<h3 class=\"titleSlider\" style=\"margin-bottom: 0px; text-align: left;\">Pol\u00edticas de privacidad<br \/>\n<img loading=\"lazy\" decoding=\"async\" class=\"size-full wp-image-10361 alignleft\" src=\"https:\/\/cdv.com.ar\/global\/es\/wp-content\/uploads\/2025\/01\/Rectangle-79.png\" alt=\"\" width=\"71\" height=\"5\" srcset=\"https:\/\/cdv.com.ar\/global\/es\/wp-content\/uploads\/2025\/01\/Rectangle-79.png 71w, https:\/\/cdv.com.ar\/global\/es\/wp-content\/uploads\/2025\/01\/Rectangle-79-18x1.png 18w\" sizes=\"auto, (max-width: 71px) 100vw, 71px\" \/><\/h3>\n<p>[\/vc_column_text][vc_column_text css=\u00bb\u00bb woodmart_inline=\u00bbno\u00bb text_larger=\u00bbno\u00bb]Esta Pol\u00edtica de Privacidad describe el modo en el que Centro Diagn\u00f3stico Veterinario S.A. (\u201cCDV\u201d) recopila, almacena y utiliza la informaci\u00f3n sobre las personas (usuarios) que visitan y\/o usan y\/o se registran en las redes sociales (incluyendo pero sin limitaci\u00f3n a Instagram, Facebook, X \u2013ex Twitter-, YouTube, WhatsApp) y en la p\u00e1gina web de CDV (en adelante conjunta e indistintamente denominados, el \u201cSitio\u201d). AL UTILIZAR EL SITIO, APRUEBA LA RECOPILACI\u00d3N Y EL USO DE SUS DATOS PERSONALES COMO SE ESTABLECE EN ESTA POLITICA DE PRIVACIDAD. TAMBI\u00c9N RECONOCE QUE CDV PUEDE CAMBIAR, MODIFICAR, A\u00d1ADIR, ELIMINAR O ACTUALIZAR DE CUALQUIER OTRO MODO ESTA POL\u00cdTICA DE PRIVACIDAD, SEG\u00daN CONSIDERE, SIN AVISO PREVIO. Sin embargo, siempre se tratar\u00e1 su informaci\u00f3n personal de acuerdo con la Pol\u00edtica de Privacidad vigente en el momento de su recopilaci\u00f3n. Nuestra intenci\u00f3n es publicar los cambios de la Pol\u00edtica de Privacidad en esta p\u00e1gina, para que usted disponga de toda la informaci\u00f3n acerca de los tipos de informaci\u00f3n que recopilamos, el modo en el que la utilizamos y las circunstancias en las que se puede divulgar. Nuestra Pol\u00edtica de Privacidad se encuentra en nuestra p\u00e1gina principal, as\u00ed como en cualquier p\u00e1gina en la que se soliciten Datos Personales. En todas las secciones en las que se recaben Datos Personales, se proporcionar\u00e1, de ser necesaria, una explicaci\u00f3n ampliada sobre los fines para los cuales se utilizar\u00e1n los datos solicitados. 1. Compromiso de privacidad El t\u00e9rmino \u201cDatos Personales\u201d, tal como se emplea en esta Pol\u00edtica de Privacidad, hace referencia a la informaci\u00f3n que puede utilizarse para identificarlo, como su nombre, fecha de nacimiento, direcci\u00f3n de correo electr\u00f3nico, direcci\u00f3n postal o n\u00famero de tel\u00e9fono. Generalmente, procesaremos los Datos Personales exclusivamente como se describe en esta Pol\u00edtica de Privacidad. Sin embargo, nos reservamos el derecho de llevar a cabo un procesamiento adicional en la medida en la que lo permita o lo requiera la legislaci\u00f3n o como complemento de alguna investigaci\u00f3n jur\u00eddica o penal. La siguiente secci\u00f3n explica c\u00f3mo y d\u00f3nde recopilamos sus Datos Personales. 2. Uso previsto de los Datos Personales La mayor\u00eda de nuestros servicios no requieren ning\u00fan tipo de registro, lo que le permitir\u00e1 visitar nuestra p\u00e1gina web sin necesidad de identificarse. Sin embargo, algunos de los servicios le pedir\u00e1n que nos proporcione sus Datos Personales. En estas situaciones, si elige no proporcionarnos sus Datos Personales solicitados, puede que no tenga acceso a algunas secciones de la p\u00e1gina web y que nosotros no podamos responder a su consulta. Todos los Datos Personales recabados a trav\u00e9s de esta p\u00e1gina web se incluir\u00e1n en una base de datos de titularidad de CDV, con el objetivo de proporcionarle y\/o facturarle los productos o servicios que haya solicitado, as\u00ed como para mantenerle informado, incluso por medios electr\u00f3nicos, sobre productos y servicios de CDV que consideramos que pueden ser de su inter\u00e9s. En todo caso, la utilizaci\u00f3n de sus datos para cualquier otra finalidad le ser\u00e1 comunicada antes de proceder a su tratamiento. 3. Confidencialidad de Datos Personales Nos comprometemos a no vender, difundir o distribuir de ning\u00fan otro modo sus Datos Personales a terceros, excepto en los casos dispuestos en la presente Pol\u00edtica de Privacidad. En este sentido, usted consiente que podamos ceder sus Datos Personales a otras compa\u00f1\u00edas vinculadas a CDV que se comprometan a tratarlos de conformidad con la presente Pol\u00edtica de Privacidad. Asimismo, los Datos Personales se pueden transferir a terceros que act\u00faen en nuestro nombre para que los procesen de conformidad con los fines para los que se recopilaron originalmente o pueden procesarse de otro modo legal, como prestaci\u00f3n de servicios, evaluaci\u00f3n de la utilidad del Sitio, marketing, gesti\u00f3n de datos o asistencia t\u00e9cnica. Estos terceros han suscrito un contrato con nosotros para utilizar exclusivamente los Datos Personales para los fines acordados y no vender ni divulgar sus Datos Personales a otros terceros, salvo que lo requiera la legislaci\u00f3n, lo permitamos nosotros o se indique en esta Pol\u00edtica de Privacidad. Asimismo, sus Datos Personales recopilados pueden transferirse a terceros en caso de que el negocio relacionado con esta p\u00e1gina web y los datos de los clientes relacionados con \u00e9l se vendan, adjudiquen o cedan de forma total o parcial; en tal caso, le pedir\u00edamos al comprador, adjudicatario o cesionario que trate los Datos Personales de acuerdo con esta Pol\u00edtica de Privacidad. Asimismo, los Datos Personales podr\u00e1n divulgarse a terceros si fu\u00e9ramos requeridos para actuar de este modo con base en la legislaci\u00f3n vigente, una orden judicial o un reglamento gubernamental o si dicha divulgaci\u00f3n fuera necesaria, de alg\u00fan otro modo, para respaldar una investigaci\u00f3n o un procedimiento judicial o penal aqu\u00ed o en el extranjero. 4. Derecho de acceso, rectificaci\u00f3n y supresi\u00f3n Siempre que procesamos Datos Personales, tomamos las medidas razonables para garantizar que sus Datos Personales se mantengan precisos y actualizados para los fines para los que fueron recopilados. De conformidad con la Ley N\u00ba 25.326 de Protecci\u00f3n de los Datos Personales, usted tiene la facultad de ejercer el derecho de acceso a los mismos en forma gratuita a intervalos no inferiores a seis meses, salvo que acredite un inter\u00e9s leg\u00edtimo al efecto conforme lo establecido en el art\u00edculo 14, inciso 3 de la ley 25.326. Asimismo, podr\u00e1 ejercer los derechos de rectificaci\u00f3n y supresi\u00f3n. Si desea ponerse en contacto con nosotros respecto a nuestro uso de sus Datos Personales o bien ejercer sus derechos de acceso, rectificaci\u00f3n y supresi\u00f3n al tratamiento de sus Datos Personales, por favor env\u00ede un correo electr\u00f3nico a cdv@cdv.com.ar o env\u00ede una comunicaci\u00f3n escrita a Calle 9 N\u00b0523, Parque Industrial Pilar,1629, Buenos Aires, Argentina. Si se pone en contacto con nosotros, indique el nombre del Sitio en el que introdujo sus datos y acompa\u00f1e una copia de su documento nacional de identidad, pasaporte u otro documento v\u00e1lido que lo identifique, as\u00ed como la informaci\u00f3n espec\u00edfica que quiere que corrijamos, actualicemos o eliminemos. Las solicitudes para suprimir Datos Personales estar\u00e1n sujetas a cualquier obligaci\u00f3n legal y \u00e9tica vigente de informar o cumplimentar documentos u obligaciones de retenci\u00f3n documental que nos sean impuestas. Ponemos en su conocimiento que la DIRECCION NACIONAL DE PROTECCION DE DATOS PERSONALES, \u00d3rgano de Control de la Ley N\u00ba 25.326, tiene la atribuci\u00f3n de atender las denuncias y reclamos que se interpongan con relaci\u00f3n al incumplimiento de las normas sobre protecci\u00f3n de datos personales. 5. Seguridad y confidencialidad CDV ha adoptado y mantiene las medidas de seguridad, administrativas, t\u00e9cnicas y f\u00edsicas, necesarias y razonables para proteger sus Datos Personales contra da\u00f1o, p\u00e9rdida, alteraci\u00f3n, destrucci\u00f3n o el uso, acceso o tratamiento no autorizados. Procuramos que las medidas de seguridad adoptadas sean las adecuadas para mantener correctamente resguardados sus datos personales. En lo que respecta a la informaci\u00f3n de datos personales sensibles, hacemos los esfuerzos razonables con el fin que se limite el periodo del tratamiento y siempre apegados a la finalidad para los cuales se recaban. 6. Transferencia internacional de datos Las vinculadas a CDV disponen de bases de datos en diferentes pa\u00edses; algunas de las cuales est\u00e1n gestionadas por terceros en nombre de la compa\u00f1\u00eda local. Por este motivo, podremos transferir sus Datos Personales a una de las bases de datos del grupo fuera de su pa\u00eds de residencia, lo cual incluye la posibilidad de que se transfieran a pa\u00edses que pueden no ofrecer un nivel adecuado de protecci\u00f3n de sus Datos Personales, en comparaci\u00f3n con la seguridad proporcionada en su pa\u00eds. En caso de que el nivel de protecci\u00f3n de privacidad en un pa\u00eds concreto no sea adecuado conforme la normativa vigente, adoptaremos las medidas apropiadas para garantizar que la informaci\u00f3n transferida cuente con la adecuada protecci\u00f3n y el tratamiento de datos cumpla con los requisitos de la normativa vigente. Para m\u00e1s informaci\u00f3n acerca de c\u00f3mo sus Datos Personales pueden ser transferidos a jurisdicciones fuera de la Argentina, por favor p\u00f3ngase en contacto con nosotros utilizando la informaci\u00f3n de contacto provista al final de esta pol\u00edtica. 7. Cookies y etiquetas de internet Podremos recopilar y procesar informaci\u00f3n sobre su visita a este Sitio, como las p\u00e1ginas que visita, el Sitio desde el que accede y algunas b\u00fasquedas que realiza. Dicha informaci\u00f3n se emplea para ayudarnos a mejorar el contenido del sitio y recopilar estad\u00edsticas totales sobre las personas que utilizan nuestro Sitio para uso interno y de investigaci\u00f3n de mercado. Para ello, instalaremos cookies que recopilen el nombre del dominio de usuario, su proveedor de servicios de internet, su sistema operativo y la fecha y la hora de acceso. Una cookie es una informaci\u00f3n que se env\u00eda a su navegador y se almacena en el disco duro de su ordenador. Las cookies no da\u00f1an su ordenador. Puede configurar su navegador para que le notifique cuando reciba una cookie, lo cual le permitir\u00e1 decidir si desea aceptarla o no. Si no desea que instalemos cookies, env\u00edenos un correo electr\u00f3nico cdv@cdv.com.ar. No obstante, le informamos de que puede que no logre utilizar todas las funciones de su software de navegaci\u00f3n si no acepta. Podremos contar con los servicios de terceros para ayudarnos a recopilar y procesar la informaci\u00f3n descrita en este apartado. De manera ocasional, podremos emplear etiquetas de internet (conocidas como etiquetas de acci\u00f3n, GIF de un s\u00f3lo p\u00edxel, GIF transparentes, GIF invisibles y GIF 1\u00d71) y cookies en este sitio y podremos utilizar dichas etiquetas\/cookies mediante un tercero proveedor de servicios de publicidad o un tercero proveedor de servicios de an\u00e1lisis web que podr\u00eda conservar la informaci\u00f3n correspondiente (incluida su direcci\u00f3n IP) en un pa\u00eds extranjero. Estas etiquetas\/cookies se encuentran en anuncios en l\u00ednea que atraen usuarios a este Sitio y a diversas p\u00e1ginas de este sitio. Empleamos esta tecnolog\u00eda para medir las respuestas de los visitantes a nuestros sitios web y la eficacia de nuestras campa\u00f1as de publicidad (incluidas las veces que se abre una p\u00e1gina y qu\u00e9 informaci\u00f3n se consulta) y para evaluar el uso de este Sitio por su parte. El tercero proveedor de servicios de publicidad o el tercero proveedor de servicios de an\u00e1lisis web podr\u00e1 recopilar datos sobre los visitantes de nuestro sitio u otros sitios gracias a estas etiquetas de internet\/cookies, podr\u00e1 redactar informes para nosotros sobre la actividad del Sitio y proporcionar m\u00e1s servicios relacionados con el uso de este Sitio e internet. Podr\u00e1n proporcionar tal informaci\u00f3n a otras partes si media un requerimiento judicial o si contratan a terceros para que procesen la informaci\u00f3n en su nombre. 8. Google Analytics Utilizamos \u201cGoogle Analytics\u201d para racionalizar nuestra cartera de sitios web (i) optimizando el tr\u00e1fico hacia y entre sitios web corporativos e (ii) integrando y optimizando p\u00e1ginas web, si procede. \u201cGoogle Analytics\u201d es un servicio ofrecido por Google Inc. (Google en adelante), que genera estad\u00edsticas detalladas sobre el tr\u00e1fico de un sitio web y los or\u00edgenes del tr\u00e1fico y mide las conversiones y las ventas. \u201cGoogle Analytics\u201d emplea cookies almacenadas en su ordenador para analizar el modo en el que los usuarios utilizan nuestro Sitio. La informaci\u00f3n generada por las cookies sobre su uso del Sitio, incluida su direcci\u00f3n IP, se convertir\u00e1 en an\u00f3nima mediante el uso de los ajustes adecuados (funci\u00f3n \u201canonymizelp\u201d) o equivalente) y se transmitir\u00e1 a los servidores de Google de los Estados Unidos. En nuestro nombre, Google emplear\u00e1 la informaci\u00f3n generada por las cookies para evaluar el uso de nuestro Sitio, recopilar informes sobre la actividad del Sitio y nos proporcionar\u00e1 dichos informes para fines anal\u00edticos. Google podr\u00e1 ceder esta informaci\u00f3n a terceros en caso de una obligaci\u00f3n legal o si un tercero procesa los datos en nombre de Google. Google no combinar\u00e1 ni asociar\u00e1, en ning\u00fan caso, su direcci\u00f3n IP a otros datos almacenados por \u00e9l. Podr\u00e1 evitar o detener la instalaci\u00f3n y el almacenamiento de cookies mediante la configuraci\u00f3n de su navegador descargando e instalando el Complemento de inhabilitaci\u00f3n para navegadores de Google Analytics gratuito, en https:\/\/tools.google.com\/dlpage\/gaoptout?hl=en (el enlace es externo). disponible Le informamos de que, en tal caso, no podr\u00e1 utilizar \u00edntegramente todas las funciones de nuestro Sitio. Al utilizar nuestro Sitio, da su consentimiento para procesar cualquier dato personal que Google recopile del modo y para los fines descritos anteriormente. 9. Informaci\u00f3n personal y menores de edad La mayor\u00eda de los servicios disponibles en este Sitio est\u00e1n destinados a mayores de edad (de 18 a\u00f1os en adelante). No recopilamos, utilizamos ni divulgamos intencionadamente los Datos Personales de menores de 18 a\u00f1os sin obtener previamente el consentimiento de una persona con responsabilidad parental (p. ej., un progenitor o tutor legal) mediante un contacto directo por los canales tradicionales. Facilitaremos al padre o tutor (i) notificaci\u00f3n sobre los tipos de Datos Personales espec\u00edficos que se han recopilado del menor y (ii) la oportunidad de oponerse a la recolecci\u00f3n, uso o almacenamiento de dicha informaci\u00f3n. Cumplimos la legislaci\u00f3n destinada a la protecci\u00f3n del menor. 10. Enlaces a otras p\u00e1ginas web Esta Pol\u00edtica de Privacidad se aplica \u00fanicamente a este Sitio y no a las p\u00e1ginas web propiedad de terceros. Facilitaremos enlaces a otros sitios web que consideramos de inter\u00e9s para nuestros visitantes. Nuestro deseo es garantizar que dichas p\u00e1ginas web mantienen los est\u00e1ndares m\u00e1s elevados. Sin embargo, debido a propia la naturaleza de internet, no podemos garantizar los est\u00e1ndares de privacidad de sitios web de los que proporcionamos el enlace o hacernos responsables de los contenidos de otros sitios que no sean de nuestra titularidad, por lo que, esta Pol\u00edtica de Privacidad no se aplicar\u00e1 a ning\u00fan sitio enlazado que no pertenezca a CDV. 11. Contacto Si tiene alguna consulta o reclamo sobre el cumplimiento de esta Pol\u00edtica de Privacidad o si le gustar\u00eda hacer alguna recomendaci\u00f3n o comentario para mejorar la calidad de la Pol\u00edtica de Privacidad, env\u00edenos un correo electr\u00f3nico a cdv@cdv.com.ar.[\/vc_column_text][\/vc_column][\/vc_row]<\/p>\n<\/div>","protected":false},"excerpt":{"rendered":"<p>[vc_row woodmart_stretch_content=\u00bbsection-stretch\u00bb css=\u00bb.vc_custom_1738160599039{padding-top: 40px !important;padding-bottom: 40px !important;background-color: #F9FAFB !important;}\u00bb woodmart_css_id=\u00bb679a39c64342a\u00bb responsive_spacing=\u00bbeyJwYXJhbV90eXBlIjoid29vZG1hcnRfcmVzcG9uc2l2ZV9zcGFjaW5nIiwic2VsZWN0b3JfaWQiOiI2NzlhMzljNjQzNDJhIiwic2hvcnRjb2RlIjoidmNfcm93IiwiZGF0YSI6eyJ0YWJsZXQiOnt9LCJtb2JpbGUiOnt9fX0=\u00bb mobile_bg_img_hidden=\u00bbno\u00bb tablet_bg_img_hidden=\u00bbno\u00bb woodmart_parallax=\u00bb0&#8243; woodmart_gradient_switch=\u00bbno\u00bb woodmart_box_shadow=\u00bbno\u00bb wd_z_index=\u00bbno\u00bb woodmart_disable_overflow=\u00bb0&#8243; row_reverse_mobile=\u00bb0&#8243; row_reverse_tablet=\u00bb0&#8243;][vc_column<\/p>\n","protected":false},"author":2,"featured_media":0,"parent":0,"menu_order":0,"comment_status":"closed","ping_status":"closed","template":"","meta":{"_joinchat":[],"footnotes":""},"class_list":["post-10822","page","type-page","status-publish","hentry"],"_links":{"self":[{"href":"https:\/\/cdv.com.ar\/global\/es\/wp-json\/wp\/v2\/pages\/10822","targetHints":{"allow":["GET"]}}],"collection":[{"href":"https:\/\/cdv.com.ar\/global\/es\/wp-json\/wp\/v2\/pages"}],"about":[{"href":"https:\/\/cdv.com.ar\/global\/es\/wp-json\/wp\/v2\/types\/page"}],"author":[{"embeddable":true,"href":"https:\/\/cdv.com.ar\/global\/es\/wp-json\/wp\/v2\/users\/2"}],"replies":[{"embeddable":true,"href":"https:\/\/cdv.com.ar\/global\/es\/wp-json\/wp\/v2\/comments?post=10822"}],"version-history":[{"count":4,"href":"https:\/\/cdv.com.ar\/global\/es\/wp-json\/wp\/v2\/pages\/10822\/revisions"}],"predecessor-version":[{"id":10826,"href":"https:\/\/cdv.com.ar\/global\/es\/wp-json\/wp\/v2\/pages\/10822\/revisions\/10826"}],"wp:attachment":[{"href":"https:\/\/cdv.com.ar\/global\/es\/wp-json\/wp\/v2\/media?parent=10822"}],"curies":[{"name":"wp","href":"https:\/\/api.w.org\/{rel}","templated":true}]}}