{"id":10639,"date":"2025-01-29T13:35:43","date_gmt":"2025-01-29T13:35:43","guid":{"rendered":"https:\/\/cdv.com.ar\/global\/es?page_id=10639"},"modified":"2025-06-24T17:31:19","modified_gmt":"2025-06-24T17:31:19","slug":"sanidad-inteligente","status":"publish","type":"page","link":"https:\/\/cdv.com.ar\/global\/es\/sanidad-inteligente\/","title":{"rendered":"Sanidad Inteligente"},"content":{"rendered":"<div class=\"wpb-content-wrapper\"><p>[vc_row full_width=\u00bbstretch_row_content_no_spaces\u00bb content_placement=\u00bbmiddle\u00bb woodmart_stretch_content=\u00bbsection-stretch-content-no-pd\u00bb woodmart_bg_position=\u00bbcenter-center\u00bb woodmart_parallax=\u00bb0&#8243; woodmart_gradient_switch=\u00bbno\u00bb row_reverse_mobile=\u00bb0&#8243; row_reverse_tablet=\u00bb0&#8243; woodmart_disable_overflow=\u00bb1&#8243; mobile_bg_img_hidden=\u00bbno\u00bb tablet_bg_img_hidden=\u00bbno\u00bb wd_z_index=\u00bbno\u00bb woodmart_css_id=\u00bb67c1d5276c06a\u00bb responsive_spacing=\u00bbeyJwYXJhbV90eXBlIjoid29vZG1hcnRfcmVzcG9uc2l2ZV9zcGFjaW5nIiwic2VsZWN0b3JfaWQiOiI2N2MxZDUyNzZjMDZhIiwic2hvcnRjb2RlIjoidmNfcm93IiwiZGF0YSI6eyJ0YWJsZXQiOnt9LCJtb2JpbGUiOnt9fX0=\u00bb woodmart_box_shadow=\u00bbno\u00bb css=\u00bb.vc_custom_1740756286605{margin-top: -40px !important;background-image: url(https:\/\/cdv.com.ar\/global\/es\/wp-content\/uploads\/2025\/02\/sanidad-inteligente-2-sin-texto_1-1.png?id=11003) !important;background-position: center !important;background-repeat: no-repeat !important;background-size: cover !important;}\u00bb min_height=\u00bb261px\u00bb][vc_column css=\u00bb.vc_custom_1537529905139{padding-top: 0px !important;}\u00bb woodmart_parallax=\u00bb0&#8243; parallax_scroll=\u00bbno\u00bb woodmart_sticky_column=\u00bbfalse\u00bb][vc_column_text css=\u00bb\u00bb woodmart_color_scheme=\u00bblight\u00bb woodmart_inline=\u00bbno\u00bb text_larger=\u00bbno\u00bb]<\/p>\n<h1 class=\"titleSlider\" style=\"text-align: center; color: #000;\">Sanidad Inteligente<\/h1>\n<p>[\/vc_column_text][\/vc_column][\/vc_row][vc_row woodmart_css_id=\u00bb679a34074b974&#8243; responsive_spacing=\u00bbeyJwYXJhbV90eXBlIjoid29vZG1hcnRfcmVzcG9uc2l2ZV9zcGFjaW5nIiwic2VsZWN0b3JfaWQiOiI2NzlhMzQwNzRiOTc0Iiwic2hvcnRjb2RlIjoidmNfcm93IiwiZGF0YSI6eyJ0YWJsZXQiOnt9LCJtb2JpbGUiOnt9fX0=\u00bb mobile_bg_img_hidden=\u00bbno\u00bb tablet_bg_img_hidden=\u00bbno\u00bb woodmart_parallax=\u00bb0&#8243; woodmart_gradient_switch=\u00bbno\u00bb woodmart_box_shadow=\u00bbno\u00bb wd_z_index=\u00bbno\u00bb woodmart_disable_overflow=\u00bb0&#8243; row_reverse_mobile=\u00bb0&#8243; row_reverse_tablet=\u00bb0&#8243;][vc_column][vc_column_text css=\u00bb.vc_custom_1738159137060{margin-top: 40px !important;margin-bottom: 60px !important;padding-right: 15% !important;padding-left: 15% !important;}\u00bb woodmart_inline=\u00bbno\u00bb text_larger=\u00bbno\u00bb]<\/p>\n<h3 class=\"titleSlider\" style=\"margin-bottom: 0px; text-align: center;\">Etiquetas Inteligentes<br \/>\n<img loading=\"lazy\" decoding=\"async\" class=\"aligncenter size-full wp-image-10361\" src=\"https:\/\/cdv.com.ar\/global\/es\/wp-content\/uploads\/2025\/01\/Rectangle-79.png\" alt=\"\" width=\"71\" height=\"5\" srcset=\"https:\/\/cdv.com.ar\/global\/es\/wp-content\/uploads\/2025\/01\/Rectangle-79.png 71w, https:\/\/cdv.com.ar\/global\/es\/wp-content\/uploads\/2025\/01\/Rectangle-79-18x1.png 18w\" sizes=\"auto, (max-width: 71px) 100vw, 71px\" \/><\/h3>\n<p>[\/vc_column_text][vc_column_text css=\u00bb.vc_custom_1738158169116{margin-top: 60px !important;margin-bottom: 60px !important;padding-right: 15% !important;padding-left: 15% !important;}\u00bb woodmart_inline=\u00bbno\u00bb text_larger=\u00bbno\u00bb]<\/p>\n<p style=\"text-align: center; font-size: 20px;\">CDV,\u00a0pioneros en la incorporaci\u00f3n de tecnolog\u00eda en la\u00a0industria veterinaria<\/p>\n<p>[\/vc_column_text][\/vc_column][\/vc_row][vc_row css=\u00bb.vc_custom_1738158691066{margin-top: 0px !important;}\u00bb woodmart_css_id=\u00bb679a325f69eb6&#8243; responsive_spacing=\u00bbeyJwYXJhbV90eXBlIjoid29vZG1hcnRfcmVzcG9uc2l2ZV9zcGFjaW5nIiwic2VsZWN0b3JfaWQiOiI2NzlhMzI1ZjY5ZWI2Iiwic2hvcnRjb2RlIjoidmNfcm93IiwiZGF0YSI6eyJ0YWJsZXQiOnt9LCJtb2JpbGUiOnt9fX0=\u00bb mobile_bg_img_hidden=\u00bbno\u00bb tablet_bg_img_hidden=\u00bbno\u00bb woodmart_parallax=\u00bb0&#8243; woodmart_gradient_switch=\u00bbno\u00bb woodmart_box_shadow=\u00bbno\u00bb wd_z_index=\u00bbno\u00bb woodmart_disable_overflow=\u00bb0&#8243; row_reverse_mobile=\u00bb0&#8243; row_reverse_tablet=\u00bb0&#8243;][vc_column woodmart_css_id=\u00bb66df508ba756a\u00bb parallax_scroll=\u00bbno\u00bb woodmart_sticky_column=\u00bbfalse\u00bb wd_collapsible_content_switcher=\u00bbno\u00bb wd_column_role_offcanvas_desktop=\u00bbno\u00bb wd_column_role_offcanvas_tablet=\u00bbno\u00bb wd_column_role_offcanvas_mobile=\u00bbno\u00bb wd_column_role_content_desktop=\u00bbno\u00bb wd_column_role_content_tablet=\u00bbno\u00bb wd_column_role_content_mobile=\u00bbno\u00bb mobile_bg_img_hidden=\u00bbno\u00bb tablet_bg_img_hidden=\u00bbno\u00bb woodmart_parallax=\u00bb0&#8243; woodmart_box_shadow=\u00bbno\u00bb responsive_spacing=\u00bbeyJwYXJhbV90eXBlIjoid29vZG1hcnRfcmVzcG9uc2l2ZV9zcGFjaW5nIiwic2VsZWN0b3JfaWQiOiI2NmRmNTA4YmE3NTZhIiwic2hvcnRjb2RlIjoidmNfY29sdW1uIiwiZGF0YSI6eyJ0YWJsZXQiOnt9LCJtb2JpbGUiOnt9fX0=\u00bb mobile_reset_margin=\u00bbno\u00bb tablet_reset_margin=\u00bbno\u00bb wd_z_index=\u00bbno\u00bb]\t\t<div class=\"wd-el-video wd-wpb wd-rs-685ae0d6cf525 wd-enabled-width wd-action-overlay wd-video-youtube vc_custom_1750786276522 wd-lightbox\">\n\t\t\t\n\t\t\t\n\t\t\t\n\t\t\t\t\t\t\t<div class=\"wd-el-video-overlay wd-fill\">\n\t\t\t\t\t<img loading=\"lazy\" decoding=\"async\" width=\"1430\" height=\"801\" src=\"https:\/\/cdv.com.ar\/global\/es\/wp-content\/uploads\/2025\/06\/codigo-qr-sp.jpg\" class=\"attachment-full size-full\" alt=\"\" \/>\t\t\t\t<\/div>\n\t\t\t\t<div class=\"wd-el-video-control color-scheme-light wd-fill\">\n\t\t\t\t\t<span class=\"wd-el-video-play-btn\"><\/span>\n\t\t\t\t\t\t\t\t\t<\/div>\n\n\t\t\t\t<a class=\"wd-el-video-link wd-el-video-btn-overlay wd-fill wd-el-video-lightbox\" href=\"http:\/\/www.youtube.com\/watch?v=CNX7WVDBf_o\"><\/a>\n\t\t\t\t\t<\/div>\n\t\t[\/vc_column][\/vc_row][vc_row css=\u00bb.vc_custom_1725910708289{margin-bottom: 120px !important;padding-left: 5% !important;}\u00bb woodmart_css_id=\u00bb66df4eae163df\u00bb responsive_spacing=\u00bbeyJwYXJhbV90eXBlIjoid29vZG1hcnRfcmVzcG9uc2l2ZV9zcGFjaW5nIiwic2VsZWN0b3JfaWQiOiI2NmRmNGVhZTE2M2RmIiwic2hvcnRjb2RlIjoidmNfcm93IiwiZGF0YSI6eyJ0YWJsZXQiOnt9LCJtb2JpbGUiOnt9fX0=\u00bb mobile_bg_img_hidden=\u00bbno\u00bb tablet_bg_img_hidden=\u00bbno\u00bb woodmart_parallax=\u00bb0&#8243; woodmart_gradient_switch=\u00bbno\u00bb woodmart_box_shadow=\u00bbno\u00bb wd_z_index=\u00bbno\u00bb woodmart_disable_overflow=\u00bb0&#8243; row_reverse_mobile=\u00bb0&#8243; row_reverse_tablet=\u00bb0&#8243;][vc_column width=\u00bb1\/2&#8243; woodmart_css_id=\u00bb66df525c456ca\u00bb parallax_scroll=\u00bbno\u00bb woodmart_sticky_column=\u00bbfalse\u00bb wd_collapsible_content_switcher=\u00bbno\u00bb wd_column_role_offcanvas_desktop=\u00bbno\u00bb wd_column_role_offcanvas_tablet=\u00bbno\u00bb wd_column_role_offcanvas_mobile=\u00bbno\u00bb wd_column_role_content_desktop=\u00bbno\u00bb wd_column_role_content_tablet=\u00bbno\u00bb wd_column_role_content_mobile=\u00bbno\u00bb mobile_bg_img_hidden=\u00bbno\u00bb tablet_bg_img_hidden=\u00bbno\u00bb woodmart_parallax=\u00bb0&#8243; woodmart_box_shadow=\u00bbno\u00bb responsive_spacing=\u00bbeyJwYXJhbV90eXBlIjoid29vZG1hcnRfcmVzcG9uc2l2ZV9zcGFjaW5nIiwic2VsZWN0b3JfaWQiOiI2NmRmNTI1YzQ1NmNhIiwic2hvcnRjb2RlIjoidmNfY29sdW1uIiwiZGF0YSI6eyJ0YWJsZXQiOnt9LCJtb2JpbGUiOnt9fX0=\u00bb mobile_reset_margin=\u00bbno\u00bb tablet_reset_margin=\u00bbno\u00bb wd_z_index=\u00bbno\u00bb][vc_column_text css=\u00bb.vc_custom_1740756697962{margin-bottom: 0px !important;}\u00bb woodmart_inline=\u00bbno\u00bb text_larger=\u00bbno\u00bb]<\/p>\n<h3 class=\"titleSlider\" style=\"margin-bottom: 0px; text-align: left; font-size: 32px;\">C\u00d3DIGO QR<\/h3>\n<p>[\/vc_column_text]\n\t\t<ul class=\" wd-rs-67c1d7a7d177f wd-list wd-wpb color-scheme- wd-fontsize-s wd-list-type-icon wd-list-style-default wd-justify-left chevStyle \" id=\"wd-67c1d7a7d177f\">\n\t\t\t\t\t\t\t\t\t\t\t<li>\n\t\t\t\t\t<span class=\"list-icon fas fa-chevron-right\"><\/span>\n\t\t\t\t\t<span class=\"list-content\">Ahora nuestros productos tienen un C\u00f3digo QR con informaci\u00f3n clave para su aplicaci\u00f3n. Escanealo desde el celular.<\/span>\n\t\t\t\t\t\t\t\t\t<\/li>\n\t\t\t\t\t<\/ul>\n\t\t\t\t<div id=\"wd-679a34629c479\" class=\"wd-image wd-wpb wd-animation-slide-from-left wd-animation-slow wd-rs-679a34629c479 text-center \">\n\t\t\t\n\t\t\t<img loading=\"lazy\" decoding=\"async\" width=\"696\" height=\"601\" src=\"https:\/\/cdv.com.ar\/global\/es\/wp-content\/uploads\/2025\/01\/sanidad-inteligente-2_qr.png\" class=\"attachment-full size-full\" alt=\"\" srcset=\"https:\/\/cdv.com.ar\/global\/es\/wp-content\/uploads\/2025\/01\/sanidad-inteligente-2_qr.png 696w, https:\/\/cdv.com.ar\/global\/es\/wp-content\/uploads\/2025\/01\/sanidad-inteligente-2_qr-347x300.png 347w, https:\/\/cdv.com.ar\/global\/es\/wp-content\/uploads\/2025\/01\/sanidad-inteligente-2_qr-14x12.png 14w, https:\/\/cdv.com.ar\/global\/es\/wp-content\/uploads\/2025\/01\/sanidad-inteligente-2_qr-430x371.png 430w, https:\/\/cdv.com.ar\/global\/es\/wp-content\/uploads\/2025\/01\/sanidad-inteligente-2_qr-150x130.png 150w\" sizes=\"auto, (max-width: 696px) 100vw, 696px\" \/>\n\t\t\t\t\t<\/div>\n\t\t[\/vc_column][vc_column width=\u00bb1\/2&#8243; woodmart_css_id=\u00bb679a3807ec3dc\u00bb parallax_scroll=\u00bbno\u00bb woodmart_sticky_column=\u00bbfalse\u00bb wd_collapsible_content_switcher=\u00bbno\u00bb wd_column_role_offcanvas_desktop=\u00bbno\u00bb wd_column_role_offcanvas_tablet=\u00bbno\u00bb wd_column_role_offcanvas_mobile=\u00bbno\u00bb wd_column_role_content_desktop=\u00bbno\u00bb wd_column_role_content_tablet=\u00bbno\u00bb wd_column_role_content_mobile=\u00bbno\u00bb mobile_bg_img_hidden=\u00bbno\u00bb tablet_bg_img_hidden=\u00bbno\u00bb woodmart_parallax=\u00bb0&#8243; woodmart_box_shadow=\u00bbno\u00bb responsive_spacing=\u00bbeyJwYXJhbV90eXBlIjoid29vZG1hcnRfcmVzcG9uc2l2ZV9zcGFjaW5nIiwic2VsZWN0b3JfaWQiOiI2NzlhMzgwN2VjM2RjIiwic2hvcnRjb2RlIjoidmNfY29sdW1uIiwiZGF0YSI6eyJ0YWJsZXQiOnt9LCJtb2JpbGUiOnt9fX0=\u00bb mobile_reset_margin=\u00bbno\u00bb tablet_reset_margin=\u00bbno\u00bb wd_z_index=\u00bbno\u00bb][vc_column_text css=\u00bb.vc_custom_1740756723699{margin-bottom: 0px !important;}\u00bb woodmart_inline=\u00bbno\u00bb text_larger=\u00bbno\u00bb]<\/p>\n<h3 class=\"titleSlider\" style=\"margin-bottom: 0px; text-align: left; font-size: 32px;\">C\u00d3DIGO DATA MATRIX<\/h3>\n<p>[\/vc_column_text]\n\t\t<ul class=\" wd-rs-67c1d6b2289d5 wd-list wd-wpb color-scheme- wd-fontsize-s wd-list-type-icon wd-list-style-default wd-justify-left \" id=\"wd-67c1d6b2289d5\">\n\t\t\t\t\t\t\t\t\t\t\t<li>\n\t\t\t\t\t<span class=\"list-icon fas fa-chevron-right\"><\/span>\n\t\t\t\t\t<span class=\"list-content\">C\u00f3digo Data Matrix es una identificaci\u00f3n \u00fanica que tiene cada producto CDV para acceder a su trazabilidad.<\/span>\n\t\t\t\t\t\t\t\t\t<\/li>\n\t\t\t\t\t<\/ul>\n\t\t\t\t<div id=\"wd-679a37e9b12a2\" class=\"wd-image wd-wpb wd-animation-slide-from-left wd-animation-slow wd-rs-679a37e9b12a2 text-center \">\n\t\t\t\n\t\t\t<img loading=\"lazy\" decoding=\"async\" width=\"696\" height=\"601\" src=\"https:\/\/cdv.com.ar\/global\/es\/wp-content\/uploads\/2025\/01\/sanidad-inteligente-2_data-matrix.png\" class=\"attachment-full size-full\" alt=\"\" srcset=\"https:\/\/cdv.com.ar\/global\/es\/wp-content\/uploads\/2025\/01\/sanidad-inteligente-2_data-matrix.png 696w, https:\/\/cdv.com.ar\/global\/es\/wp-content\/uploads\/2025\/01\/sanidad-inteligente-2_data-matrix-347x300.png 347w, https:\/\/cdv.com.ar\/global\/es\/wp-content\/uploads\/2025\/01\/sanidad-inteligente-2_data-matrix-14x12.png 14w, https:\/\/cdv.com.ar\/global\/es\/wp-content\/uploads\/2025\/01\/sanidad-inteligente-2_data-matrix-430x371.png 430w, https:\/\/cdv.com.ar\/global\/es\/wp-content\/uploads\/2025\/01\/sanidad-inteligente-2_data-matrix-150x130.png 150w\" sizes=\"auto, (max-width: 696px) 100vw, 696px\" \/>\n\t\t\t\t\t<\/div>\n\t\t[\/vc_column][\/vc_row][vc_row css=\u00bb.vc_custom_1738159773856{padding-right: 5% !important;padding-left: 5% !important;background-color: #FFFFFF !important;}\u00bb woodmart_css_id=\u00bb679a36970368c\u00bb responsive_spacing=\u00bbeyJwYXJhbV90eXBlIjoid29vZG1hcnRfcmVzcG9uc2l2ZV9zcGFjaW5nIiwic2VsZWN0b3JfaWQiOiI2NzlhMzY5NzAzNjhjIiwic2hvcnRjb2RlIjoidmNfcm93IiwiZGF0YSI6eyJ0YWJsZXQiOnt9LCJtb2JpbGUiOnt9fX0=\u00bb mobile_bg_img_hidden=\u00bbno\u00bb tablet_bg_img_hidden=\u00bbno\u00bb woodmart_parallax=\u00bb0&#8243; woodmart_gradient_switch=\u00bbno\u00bb woodmart_box_shadow=\u00bbno\u00bb wd_z_index=\u00bbno\u00bb woodmart_disable_overflow=\u00bb0&#8243; row_reverse_mobile=\u00bb0&#8243; row_reverse_tablet=\u00bb0&#8243;][vc_column][vc_column_text css=\u00bb.vc_custom_1738160173543{margin-bottom: 60px !important;padding-right: 15% !important;padding-left: 15% !important;}\u00bb woodmart_inline=\u00bbno\u00bb text_larger=\u00bbno\u00bb]<\/p>\n<h3 class=\"titleSlider\" style=\"margin-bottom: 0px; text-align: center;\">SAS Sistema de Aplicaci\u00f3n Segura<br \/>\n<img loading=\"lazy\" decoding=\"async\" class=\"aligncenter size-full wp-image-10361\" src=\"https:\/\/cdv.com.ar\/global\/es\/wp-content\/uploads\/2025\/01\/Rectangle-79.png\" alt=\"\" width=\"71\" height=\"5\" srcset=\"https:\/\/cdv.com.ar\/global\/es\/wp-content\/uploads\/2025\/01\/Rectangle-79.png 71w, https:\/\/cdv.com.ar\/global\/es\/wp-content\/uploads\/2025\/01\/Rectangle-79-18x1.png 18w\" sizes=\"auto, (max-width: 71px) 100vw, 71px\" \/><\/h3>\n<p>[\/vc_column_text][vc_column_text css=\u00bb.vc_custom_1738160042712{margin-top: 60px !important;margin-bottom: 60px !important;padding-right: 10% !important;padding-left: 10% !important;}\u00bb woodmart_inline=\u00bbno\u00bb text_larger=\u00bbno\u00bb]<\/p>\n<p style=\"text-align: center; font-size: 16px;\">SAS es un sistema creado por CDV para casos de aplicaciones m\u00faltiples. Funciona cuando el veterinario inocula animales con distintos productos a la vez. El sticker que se encuentra al dorso de cada uno de nuestros envases, pegado a la jeringa, sirve de identificador y evita confusiones a la hora de vacunar.<\/p>\n<p>[\/vc_column_text][\/vc_column][\/vc_row][vc_row woodmart_bg_position=\u00bbcenter-center\u00bb woodmart_css_id=\u00bb679a36cad6412&#8243; responsive_spacing=\u00bbeyJwYXJhbV90eXBlIjoid29vZG1hcnRfcmVzcG9uc2l2ZV9zcGFjaW5nIiwic2VsZWN0b3JfaWQiOiI2NzlhMzZjYWQ2NDEyIiwic2hvcnRjb2RlIjoidmNfcm93IiwiZGF0YSI6eyJ0YWJsZXQiOnt9LCJtb2JpbGUiOnt9fX0=\u00bb mobile_bg_img_hidden=\u00bbno\u00bb tablet_bg_img_hidden=\u00bbno\u00bb woodmart_parallax=\u00bb0&#8243; woodmart_gradient_switch=\u00bbno\u00bb woodmart_box_shadow=\u00bbno\u00bb wd_z_index=\u00bbno\u00bb woodmart_disable_overflow=\u00bb0&#8243; row_reverse_mobile=\u00bb0&#8243; row_reverse_tablet=\u00bb0&#8243; css=\u00bb.vc_custom_1738159828058{padding-right: 20% !important;padding-left: 20% !important;}\u00bb][vc_column width=\u00bb1\/2&#8243;][vc_row_inner][vc_column_inner width=\u00bb1\/2&#8243;][vc_column_text css=\u00bb\u00bb woodmart_inline=\u00bbno\u00bb text_larger=\u00bbno\u00bb]<img loading=\"lazy\" decoding=\"async\" class=\"size-full wp-image-10645 alignright\" src=\"https:\/\/cdv.com.ar\/global\/es\/wp-content\/uploads\/2025\/01\/Capa_1-1.png\" alt=\"\" width=\"95\" height=\"103\" srcset=\"https:\/\/cdv.com.ar\/global\/es\/wp-content\/uploads\/2025\/01\/Capa_1-1.png 95w, https:\/\/cdv.com.ar\/global\/es\/wp-content\/uploads\/2025\/01\/Capa_1-1-11x12.png 11w\" sizes=\"auto, (max-width: 95px) 100vw, 95px\" \/>[\/vc_column_text][\/vc_column_inner][vc_column_inner width=\u00bb1\/2&#8243;][vc_column_text css=\u00bb.vc_custom_1739370497029{padding-top: 40px !important;}\u00bb woodmart_inline=\u00bbno\u00bb text_larger=\u00bbno\u00bb]<\/p>\n<h1 style=\"padding-bottom: 0; margin-bottom: 5px;\">01<\/h1>\n<p><span style=\"font-weight: 600;\">Retire el adhesivo<br \/>\ndel envase.<\/span>[\/vc_column_text][\/vc_column_inner][\/vc_row_inner][\/vc_column][vc_column width=\u00bb1\/2&#8243;][vc_row_inner][vc_column_inner width=\u00bb1\/2&#8243;][vc_column_text css=\u00bb\u00bb woodmart_inline=\u00bbno\u00bb text_larger=\u00bbno\u00bb]<img loading=\"lazy\" decoding=\"async\" class=\"wp-image-10646 size-full alignright\" src=\"https:\/\/cdv.com.ar\/global\/es\/wp-content\/uploads\/2025\/01\/Capa_1-1-1.png\" alt=\"\" width=\"109\" height=\"95\" srcset=\"https:\/\/cdv.com.ar\/global\/es\/wp-content\/uploads\/2025\/01\/Capa_1-1-1.png 109w, https:\/\/cdv.com.ar\/global\/es\/wp-content\/uploads\/2025\/01\/Capa_1-1-1-14x12.png 14w\" sizes=\"auto, (max-width: 109px) 100vw, 109px\" \/>[\/vc_column_text][\/vc_column_inner][vc_column_inner width=\u00bb1\/2&#8243; css=\u00bb.vc_custom_1739370622163{padding-right: 0px !important;padding-left: 0px !important;}\u00bb woodmart_css_id=\u00bb67acb079287b5&#8243; parallax_scroll=\u00bbno\u00bb woodmart_sticky_column=\u00bbfalse\u00bb wd_collapsible_content_switcher=\u00bbno\u00bb wd_column_role_offcanvas_desktop=\u00bbno\u00bb wd_column_role_offcanvas_tablet=\u00bbno\u00bb wd_column_role_offcanvas_mobile=\u00bbno\u00bb wd_column_role_content_desktop=\u00bbno\u00bb wd_column_role_content_tablet=\u00bbno\u00bb wd_column_role_content_mobile=\u00bbno\u00bb mobile_bg_img_hidden=\u00bbno\u00bb tablet_bg_img_hidden=\u00bbno\u00bb woodmart_parallax=\u00bb0&#8243; woodmart_box_shadow=\u00bbno\u00bb responsive_spacing=\u00bbeyJwYXJhbV90eXBlIjoid29vZG1hcnRfcmVzcG9uc2l2ZV9zcGFjaW5nIiwic2VsZWN0b3JfaWQiOiI2N2FjYjA3OTI4N2I1Iiwic2hvcnRjb2RlIjoidmNfY29sdW1uX2lubmVyIiwiZGF0YSI6eyJ0YWJsZXQiOnt9LCJtb2JpbGUiOnt9fX0=\u00bb wd_z_index=\u00bbno\u00bb][vc_column_text css=\u00bb.vc_custom_1739370506132{padding-top: 40px !important;}\u00bb woodmart_inline=\u00bbno\u00bb text_larger=\u00bbno\u00bb]<\/p>\n<h1 style=\"padding-bottom: 0; margin-bottom: 5px;\">02<\/h1>\n<p><span style=\"font-weight: 600;\">Pegue en la jeringa<br \/>\nde la vacuna a inocular.<\/span>[\/vc_column_text][\/vc_column_inner][\/vc_row_inner][\/vc_column][\/vc_row]<\/p>\n<\/div>","protected":false},"excerpt":{"rendered":"<p>[vc_row full_width=\u00bbstretch_row_content_no_spaces\u00bb content_placement=\u00bbmiddle\u00bb woodmart_stretch_content=\u00bbsection-stretch-content-no-pd\u00bb woodmart_bg_position=\u00bbcenter-center\u00bb woodmart_parallax=\u00bb0&#8243; woodmart_gradient_switch=\u00bbno\u00bb row_reverse_mobile=\u00bb0&#8243; row_reverse_tablet=\u00bb0&#8243; woodmart_disable_overflow=\u00bb1&#8243; mobile_bg_img_hidden=\u00bbno\u00bb tablet_bg_img_hidden=\u00bbno\u00bb wd_z_index=\u00bbno\u00bb woodmart_css_id=\u00bb67c1d5276c06a\u00bb responsive_spacing=\u00bbeyJwYXJhbV90eXBlIjoid29vZG1hcnRfcmVzcG9uc2l2ZV9zcGFjaW5nIiwic2VsZWN0b3JfaWQiOiI2N2MxZDUyNzZjMDZhIiwic2hvcnRjb2RlIjoidmNfcm93IiwiZGF0YSI6eyJ0YWJsZXQiOnt9LCJtb2JpbGUiOnt9fX0=\u00bb woodmart_box_shadow=\u00bbno\u00bb css=\u00bb.vc_custom_1740756286605{margin-top: -40px !important;background-image: url(https:\/\/cdv.com.ar\/global\/es\/wp-content\/uploads\/2025\/02\/sanidad-inteligente-2-sin-texto_1-1.png?id=11003)<\/p>\n","protected":false},"author":2,"featured_media":0,"parent":0,"menu_order":0,"comment_status":"closed","ping_status":"closed","template":"","meta":{"_joinchat":[],"footnotes":""},"class_list":["post-10639","page","type-page","status-publish","hentry"],"_links":{"self":[{"href":"https:\/\/cdv.com.ar\/global\/es\/wp-json\/wp\/v2\/pages\/10639","targetHints":{"allow":["GET"]}}],"collection":[{"href":"https:\/\/cdv.com.ar\/global\/es\/wp-json\/wp\/v2\/pages"}],"about":[{"href":"https:\/\/cdv.com.ar\/global\/es\/wp-json\/wp\/v2\/types\/page"}],"author":[{"embeddable":true,"href":"https:\/\/cdv.com.ar\/global\/es\/wp-json\/wp\/v2\/users\/2"}],"replies":[{"embeddable":true,"href":"https:\/\/cdv.com.ar\/global\/es\/wp-json\/wp\/v2\/comments?post=10639"}],"version-history":[{"count":48,"href":"https:\/\/cdv.com.ar\/global\/es\/wp-json\/wp\/v2\/pages\/10639\/revisions"}],"predecessor-version":[{"id":11220,"href":"https:\/\/cdv.com.ar\/global\/es\/wp-json\/wp\/v2\/pages\/10639\/revisions\/11220"}],"wp:attachment":[{"href":"https:\/\/cdv.com.ar\/global\/es\/wp-json\/wp\/v2\/media?parent=10639"}],"curies":[{"name":"wp","href":"https:\/\/api.w.org\/{rel}","templated":true}]}}