{"id":10492,"date":"2025-01-21T23:43:41","date_gmt":"2025-01-21T23:43:41","guid":{"rendered":"https:\/\/cdv.com.ar\/global\/es?page_id=10492"},"modified":"2025-02-28T14:36:51","modified_gmt":"2025-02-28T14:36:51","slug":"investigacion-y-desarrollo","status":"publish","type":"page","link":"https:\/\/cdv.com.ar\/global\/es\/investigacion-y-desarrollo\/","title":{"rendered":"Investigaci\u00f3n y desarrollo (I+D)"},"content":{"rendered":"<div class=\"wpb-content-wrapper\"><p>[vc_row full_width=\u00bbstretch_row_content_no_spaces\u00bb content_placement=\u00bbmiddle\u00bb woodmart_stretch_content=\u00bbsection-stretch-content-no-pd\u00bb woodmart_bg_position=\u00bbcenter-center\u00bb woodmart_parallax=\u00bb0&#8243; woodmart_gradient_switch=\u00bbno\u00bb row_reverse_mobile=\u00bb0&#8243; row_reverse_tablet=\u00bb0&#8243; woodmart_disable_overflow=\u00bb1&#8243; mobile_bg_img_hidden=\u00bbno\u00bb tablet_bg_img_hidden=\u00bbno\u00bb wd_z_index=\u00bbno\u00bb woodmart_css_id=\u00bb67c1c9e0d1112&#8243; responsive_spacing=\u00bbeyJwYXJhbV90eXBlIjoid29vZG1hcnRfcmVzcG9uc2l2ZV9zcGFjaW5nIiwic2VsZWN0b3JfaWQiOiI2N2MxYzllMGQxMTEyIiwic2hvcnRjb2RlIjoidmNfcm93IiwiZGF0YSI6eyJ0YWJsZXQiOnt9LCJtb2JpbGUiOnt9fX0=\u00bb woodmart_box_shadow=\u00bbno\u00bb css=\u00bb.vc_custom_1740753406458{margin-top: -40px !important;background-image: url(https:\/\/cdv.com.ar\/global\/es\/wp-content\/uploads\/2025\/01\/Institucional-sobre-nosotros_1-1.png?id=10566) !important;background-position: center !important;background-repeat: no-repeat !important;background-size: cover !important;}\u00bb min_height=\u00bb261px\u00bb][vc_column css=\u00bb.vc_custom_1537529905139{padding-top: 0px !important;}\u00bb woodmart_parallax=\u00bb0&#8243; parallax_scroll=\u00bbno\u00bb woodmart_sticky_column=\u00bbfalse\u00bb][vc_column_text css=\u00bb\u00bb woodmart_color_scheme=\u00bblight\u00bb woodmart_inline=\u00bbno\u00bb text_larger=\u00bbno\u00bb]<\/p>\n<h1 class=\"titleSlider\" style=\"text-align: center; color: #fff;\">Investigaci\u00f3n y desarrollo (I+D)<\/h1>\n<p>[\/vc_column_text][\/vc_column][\/vc_row][vc_row content_placement=\u00bbmiddle\u00bb css=\u00bb.vc_custom_1740066317214{margin-top: 80px !important;margin-bottom: 120px !important;}\u00bb woodmart_css_id=\u00bb67b74e0b9d69c\u00bb responsive_spacing=\u00bbeyJwYXJhbV90eXBlIjoid29vZG1hcnRfcmVzcG9uc2l2ZV9zcGFjaW5nIiwic2VsZWN0b3JfaWQiOiI2N2I3NGUwYjlkNjljIiwic2hvcnRjb2RlIjoidmNfcm93IiwiZGF0YSI6eyJ0YWJsZXQiOnt9LCJtb2JpbGUiOnt9fX0=\u00bb mobile_bg_img_hidden=\u00bbno\u00bb tablet_bg_img_hidden=\u00bbno\u00bb woodmart_parallax=\u00bb0&#8243; woodmart_gradient_switch=\u00bbno\u00bb woodmart_box_shadow=\u00bbno\u00bb wd_z_index=\u00bbno\u00bb woodmart_disable_overflow=\u00bb0&#8243; row_reverse_mobile=\u00bb0&#8243; row_reverse_tablet=\u00bb0&#8243;][vc_column width=\u00bb1\/2&#8243; vertical_alignment=\u00bbeyJkZXZpY2VzIjp7ImRlc2t0b3AiOnsidmFsdWUiOiJjZW50ZXIifSwidGFibGV0Ijp7InZhbHVlIjoiIn0sIm1vYmlsZSI6eyJ2YWx1ZSI6IiJ9fX0=\u00bb woodmart_css_id=\u00bb67903520419ae\u00bb parallax_scroll=\u00bbno\u00bb woodmart_sticky_column=\u00bbfalse\u00bb wd_collapsible_content_switcher=\u00bbno\u00bb wd_column_role_offcanvas_desktop=\u00bbno\u00bb wd_column_role_offcanvas_tablet=\u00bbno\u00bb wd_column_role_offcanvas_mobile=\u00bbno\u00bb wd_column_role_content_desktop=\u00bbno\u00bb wd_column_role_content_tablet=\u00bbno\u00bb wd_column_role_content_mobile=\u00bbno\u00bb mobile_bg_img_hidden=\u00bbno\u00bb tablet_bg_img_hidden=\u00bbno\u00bb woodmart_parallax=\u00bb0&#8243; woodmart_box_shadow=\u00bbno\u00bb responsive_spacing=\u00bbeyJwYXJhbV90eXBlIjoid29vZG1hcnRfcmVzcG9uc2l2ZV9zcGFjaW5nIiwic2VsZWN0b3JfaWQiOiI2NzkwMzUyMDQxOWFlIiwic2hvcnRjb2RlIjoidmNfY29sdW1uIiwiZGF0YSI6eyJ0YWJsZXQiOnt9LCJtb2JpbGUiOnt9fX0=\u00bb mobile_reset_margin=\u00bbno\u00bb tablet_reset_margin=\u00bbno\u00bb wd_z_index=\u00bbno\u00bb]\t\t<div id=\"wd-67b78013782f8\" class=\"wd-image wd-wpb wd-rs-67b78013782f8 text-left \">\n\t\t\t\n\t\t\t<img loading=\"lazy\" decoding=\"async\" width=\"800\" height=\"800\" src=\"https:\/\/cdv.com.ar\/global\/es\/wp-content\/uploads\/2025\/01\/Institucional-Nuestras-plantas_2-2.png\" class=\"attachment-full size-full\" alt=\"\" srcset=\"https:\/\/cdv.com.ar\/global\/es\/wp-content\/uploads\/2025\/01\/Institucional-Nuestras-plantas_2-2.png 800w, https:\/\/cdv.com.ar\/global\/es\/wp-content\/uploads\/2025\/01\/Institucional-Nuestras-plantas_2-2-300x300.png 300w, https:\/\/cdv.com.ar\/global\/es\/wp-content\/uploads\/2025\/01\/Institucional-Nuestras-plantas_2-2-150x150.png 150w, https:\/\/cdv.com.ar\/global\/es\/wp-content\/uploads\/2025\/01\/Institucional-Nuestras-plantas_2-2-768x768.png 768w, https:\/\/cdv.com.ar\/global\/es\/wp-content\/uploads\/2025\/01\/Institucional-Nuestras-plantas_2-2-12x12.png 12w, https:\/\/cdv.com.ar\/global\/es\/wp-content\/uploads\/2025\/01\/Institucional-Nuestras-plantas_2-2-430x430.png 430w, https:\/\/cdv.com.ar\/global\/es\/wp-content\/uploads\/2025\/01\/Institucional-Nuestras-plantas_2-2-700x700.png 700w\" sizes=\"auto, (max-width: 800px) 100vw, 800px\" \/>\n\t\t\t\t\t<\/div>\n\t\t[\/vc_column][vc_column width=\u00bb1\/2&#8243; woodmart_css_id=\u00bb67b74d0f916d1&#8243; parallax_scroll=\u00bbno\u00bb woodmart_sticky_column=\u00bbfalse\u00bb wd_collapsible_content_switcher=\u00bbno\u00bb wd_column_role_offcanvas_desktop=\u00bbno\u00bb wd_column_role_offcanvas_tablet=\u00bbno\u00bb wd_column_role_offcanvas_mobile=\u00bbno\u00bb wd_column_role_content_desktop=\u00bbno\u00bb wd_column_role_content_tablet=\u00bbno\u00bb wd_column_role_content_mobile=\u00bbno\u00bb mobile_bg_img_hidden=\u00bbno\u00bb tablet_bg_img_hidden=\u00bbno\u00bb woodmart_parallax=\u00bb0&#8243; woodmart_box_shadow=\u00bbno\u00bb responsive_spacing=\u00bbeyJwYXJhbV90eXBlIjoid29vZG1hcnRfcmVzcG9uc2l2ZV9zcGFjaW5nIiwic2VsZWN0b3JfaWQiOiI2N2I3NGQwZjkxNmQxIiwic2hvcnRjb2RlIjoidmNfY29sdW1uIiwiZGF0YSI6eyJ0YWJsZXQiOnt9LCJtb2JpbGUiOnt9fX0=\u00bb mobile_reset_margin=\u00bbno\u00bb tablet_reset_margin=\u00bbno\u00bb wd_z_index=\u00bbno\u00bb]\t\t<div id=\"wd-67b780c44edb2\" class=\"wd-text-block wd-wpb reset-last-child wd-rs-67b780c44edb2 text-left wd-width-enabled vc_custom_1740079303918\" style=\"--wd-max-width: 90%;\">\n\t\t\t<h3 class=\"titleSlider\" style=\"margin-bottom: 0; font-size: 30px;\">Nuestro Laboratorio<\/h3>\n<p>&nbsp;<\/p>\n<p>El laboratorio de I+D de CDV se encuentra equipado con la m\u00e1s alta tecnolog\u00eda, que permite la mejora de los procesos productivos como la incorporaci\u00f3n de nuevas cepas bacterianas y virales, y el testeo de nuevas f\u00f3rmulas entre otros.<\/p>\n<p>Sus laboratorios cuentan con salas para equipos especiales, c\u00e1maras de incubaci\u00f3n de diferentes temperaturas, que permiten el cultivo de las distintas l\u00edneas celulares y agentes infecciosos. Adem\u00e1s dispone de \u00e1reas para dep\u00f3sito que permiten almacenar los reactivos, insumos y el material est\u00e9ril y \u00e1reas destinadas a la realizaci\u00f3n de ensayos a escala piloto en reactores de cultivo.<\/p>\n\t\t<\/div>\n\t\t\t\t<div id=\"wd-67b780ca1913e\" class=\"wd-text-block wd-wpb reset-last-child wd-rs-67b780ca1913e text-left wd-width-enabled wd-fontsize-xs vc_custom_1740079310840\" style=\"--wd-max-width: 90%;\">\n\t\t\t<h3 class=\"titleSlider\" style=\"margin-bottom: 0; font-size: 30px;\">Servicio T\u00e9cnico<\/h3>\n<p>&nbsp;<\/p>\n<p>CDV cuenta con un equipo de profesionales veterinarios destinados a\u00a0trabajar junto al productor ganadero\u00a0y al responsable veterinario de los establecimientos, para lograr la eficiencia productiva de los rodeos a trav\u00e9s de la prevenci\u00f3n.<\/p>\n<p>El Servicio T\u00e9cnico de CDV brinda\u00a0tambi\u00e9n apoyo a la cadena comercial, con capacitaci\u00f3n y asesoramiento sobre los productos y servicios del laboratorio, como de las enfermedades de los animales en producci\u00f3n y las \u00faltimas tecnolog\u00edas para diagnosticarlas y prevenirlas.<\/p>\n\t\t<\/div>\n\t\t[\/vc_column][\/vc_row][vc_row content_placement=\u00bbmiddle\u00bb css=\u00bb.vc_custom_1737506808830{margin-bottom: 120px !important;padding-left: 5% !important;}\u00bb woodmart_css_id=\u00bb67903ff19a34b\u00bb responsive_spacing=\u00bbeyJwYXJhbV90eXBlIjoid29vZG1hcnRfcmVzcG9uc2l2ZV9zcGFjaW5nIiwic2VsZWN0b3JfaWQiOiI2NzkwM2ZmMTlhMzRiIiwic2hvcnRjb2RlIjoidmNfcm93IiwiZGF0YSI6eyJ0YWJsZXQiOnt9LCJtb2JpbGUiOnt9fX0=\u00bb mobile_bg_img_hidden=\u00bbno\u00bb tablet_bg_img_hidden=\u00bbno\u00bb woodmart_parallax=\u00bb0&#8243; woodmart_gradient_switch=\u00bbno\u00bb woodmart_box_shadow=\u00bbno\u00bb wd_z_index=\u00bbno\u00bb woodmart_disable_overflow=\u00bb0&#8243; row_reverse_mobile=\u00bb0&#8243; row_reverse_tablet=\u00bb0&#8243;][vc_column width=\u00bb1\/2&#8243; vertical_alignment=\u00bbeyJkZXZpY2VzIjp7ImRlc2t0b3AiOnsidmFsdWUiOiJjZW50ZXIifSwidGFibGV0Ijp7InZhbHVlIjoiIn0sIm1vYmlsZSI6eyJ2YWx1ZSI6IiJ9fX0=\u00bb css=\u00bb.vc_custom_1737504216234{padding-left: 6% !important;}\u00bb woodmart_css_id=\u00bb679035d53ac53&#8243; parallax_scroll=\u00bbno\u00bb woodmart_sticky_column=\u00bbfalse\u00bb wd_collapsible_content_switcher=\u00bbno\u00bb wd_column_role_offcanvas_desktop=\u00bbno\u00bb wd_column_role_offcanvas_tablet=\u00bbno\u00bb wd_column_role_offcanvas_mobile=\u00bbno\u00bb wd_column_role_content_desktop=\u00bbno\u00bb wd_column_role_content_tablet=\u00bbno\u00bb wd_column_role_content_mobile=\u00bbno\u00bb mobile_bg_img_hidden=\u00bbno\u00bb tablet_bg_img_hidden=\u00bbno\u00bb woodmart_parallax=\u00bb0&#8243; woodmart_box_shadow=\u00bbno\u00bb responsive_spacing=\u00bbeyJwYXJhbV90eXBlIjoid29vZG1hcnRfcmVzcG9uc2l2ZV9zcGFjaW5nIiwic2VsZWN0b3JfaWQiOiI2NzkwMzVkNTNhYzUzIiwic2hvcnRjb2RlIjoidmNfY29sdW1uIiwiZGF0YSI6eyJ0YWJsZXQiOnt9LCJtb2JpbGUiOnt9fX0=\u00bb mobile_reset_margin=\u00bbno\u00bb tablet_reset_margin=\u00bbno\u00bb wd_z_index=\u00bbno\u00bb]\t\t<div id=\"wd-67b74e26b9d3c\" class=\"wd-text-block wd-wpb reset-last-child wd-rs-67b74e26b9d3c text-left wd-width-enabled wd-fontsize-xs \" style=\"--wd-max-width: 90%;\">\n\t\t\t<h3 class=\"titleSlider\" style=\"margin-bottom: 0; font-size: 30px;\">Compromiso con el desarrollo de la ganader\u00eda<\/h3>\n<p>CDV realiza un trabajo profesional, basado en la innovaci\u00f3n, eficacia y calidad de cada uno de los procesos productivos; ofreciendo as\u00ed al veterinario y a los ganaderos, las mejores herramientas para prevenir los problemas sanitarios de los rodeos. A trav\u00e9s de su servicio de diagn\u00f3stico, su l\u00ednea de productos orientada a la prevenci\u00f3n y siempre trabajando al lado del profesional veterinario y entidades sanitarias, se logra una sinergia \u00fanica para contribuir al aumento de la productividad ganadera.<\/p>\n\t\t<\/div>\n\t\t[\/vc_column][vc_column width=\u00bb1\/2&#8243; woodmart_css_id=\u00bb66df525c456ca\u00bb parallax_scroll=\u00bbno\u00bb woodmart_sticky_column=\u00bbfalse\u00bb wd_collapsible_content_switcher=\u00bbno\u00bb wd_column_role_offcanvas_desktop=\u00bbno\u00bb wd_column_role_offcanvas_tablet=\u00bbno\u00bb wd_column_role_offcanvas_mobile=\u00bbno\u00bb wd_column_role_content_desktop=\u00bbno\u00bb wd_column_role_content_tablet=\u00bbno\u00bb wd_column_role_content_mobile=\u00bbno\u00bb mobile_bg_img_hidden=\u00bbno\u00bb tablet_bg_img_hidden=\u00bbno\u00bb woodmart_parallax=\u00bb0&#8243; woodmart_box_shadow=\u00bbno\u00bb responsive_spacing=\u00bbeyJwYXJhbV90eXBlIjoid29vZG1hcnRfcmVzcG9uc2l2ZV9zcGFjaW5nIiwic2VsZWN0b3JfaWQiOiI2NmRmNTI1YzQ1NmNhIiwic2hvcnRjb2RlIjoidmNfY29sdW1uIiwiZGF0YSI6eyJ0YWJsZXQiOnt9LCJtb2JpbGUiOnt9fX0=\u00bb mobile_reset_margin=\u00bbno\u00bb tablet_reset_margin=\u00bbno\u00bb wd_z_index=\u00bbno\u00bb]\t\t<div id=\"wd-679035a1790ab\" class=\"wd-image wd-wpb wd-animation-slide-from-right wd-animation-normal wd-rs-679035a1790ab text-center \">\n\t\t\t\n\t\t\t<img loading=\"lazy\" decoding=\"async\" width=\"800\" height=\"800\" src=\"https:\/\/cdv.com.ar\/global\/es\/wp-content\/uploads\/2025\/01\/Institucional-Nuestras-plantas_2-3.png\" class=\"attachment-full size-full\" alt=\"\" srcset=\"https:\/\/cdv.com.ar\/global\/es\/wp-content\/uploads\/2025\/01\/Institucional-Nuestras-plantas_2-3.png 800w, https:\/\/cdv.com.ar\/global\/es\/wp-content\/uploads\/2025\/01\/Institucional-Nuestras-plantas_2-3-300x300.png 300w, https:\/\/cdv.com.ar\/global\/es\/wp-content\/uploads\/2025\/01\/Institucional-Nuestras-plantas_2-3-150x150.png 150w, https:\/\/cdv.com.ar\/global\/es\/wp-content\/uploads\/2025\/01\/Institucional-Nuestras-plantas_2-3-768x768.png 768w, https:\/\/cdv.com.ar\/global\/es\/wp-content\/uploads\/2025\/01\/Institucional-Nuestras-plantas_2-3-12x12.png 12w, https:\/\/cdv.com.ar\/global\/es\/wp-content\/uploads\/2025\/01\/Institucional-Nuestras-plantas_2-3-430x430.png 430w, https:\/\/cdv.com.ar\/global\/es\/wp-content\/uploads\/2025\/01\/Institucional-Nuestras-plantas_2-3-700x700.png 700w\" sizes=\"auto, (max-width: 800px) 100vw, 800px\" \/>\n\t\t\t\t\t<\/div>\n\t\t[\/vc_column][\/vc_row]<\/p>\n<\/div>","protected":false},"excerpt":{"rendered":"<p>[vc_row full_width=\u00bbstretch_row_content_no_spaces\u00bb content_placement=\u00bbmiddle\u00bb woodmart_stretch_content=\u00bbsection-stretch-content-no-pd\u00bb woodmart_bg_position=\u00bbcenter-center\u00bb woodmart_parallax=\u00bb0&#8243; woodmart_gradient_switch=\u00bbno\u00bb row_reverse_mobile=\u00bb0&#8243; row_reverse_tablet=\u00bb0&#8243; woodmart_disable_overflow=\u00bb1&#8243; mobile_bg_img_hidden=\u00bbno\u00bb tablet_bg_img_hidden=\u00bbno\u00bb wd_z_index=\u00bbno\u00bb woodmart_css_id=\u00bb67c1c9e0d1112&#8243; responsive_spacing=\u00bbeyJwYXJhbV90eXBlIjoid29vZG1hcnRfcmVzcG9uc2l2ZV9zcGFjaW5nIiwic2VsZWN0b3JfaWQiOiI2N2MxYzllMGQxMTEyIiwic2hvcnRjb2RlIjoidmNfcm93IiwiZGF0YSI6eyJ0YWJsZXQiOnt9LCJtb2JpbGUiOnt9fX0=\u00bb woodmart_box_shadow=\u00bbno\u00bb css=\u00bb.vc_custom_1740753406458{margin-top: -40px !important;background-image: url(https:\/\/cdv.com.ar\/global\/es\/wp-content\/uploads\/2025\/01\/Institucional-sobre-nosotros_1-1.png?id=10566)<\/p>\n","protected":false},"author":2,"featured_media":0,"parent":0,"menu_order":0,"comment_status":"closed","ping_status":"closed","template":"","meta":{"_joinchat":[],"footnotes":""},"class_list":["post-10492","page","type-page","status-publish","hentry"],"_links":{"self":[{"href":"https:\/\/cdv.com.ar\/global\/es\/wp-json\/wp\/v2\/pages\/10492","targetHints":{"allow":["GET"]}}],"collection":[{"href":"https:\/\/cdv.com.ar\/global\/es\/wp-json\/wp\/v2\/pages"}],"about":[{"href":"https:\/\/cdv.com.ar\/global\/es\/wp-json\/wp\/v2\/types\/page"}],"author":[{"embeddable":true,"href":"https:\/\/cdv.com.ar\/global\/es\/wp-json\/wp\/v2\/users\/2"}],"replies":[{"embeddable":true,"href":"https:\/\/cdv.com.ar\/global\/es\/wp-json\/wp\/v2\/comments?post=10492"}],"version-history":[{"count":30,"href":"https:\/\/cdv.com.ar\/global\/es\/wp-json\/wp\/v2\/pages\/10492\/revisions"}],"predecessor-version":[{"id":10995,"href":"https:\/\/cdv.com.ar\/global\/es\/wp-json\/wp\/v2\/pages\/10492\/revisions\/10995"}],"wp:attachment":[{"href":"https:\/\/cdv.com.ar\/global\/es\/wp-json\/wp\/v2\/media?parent=10492"}],"curies":[{"name":"wp","href":"https:\/\/api.w.org\/{rel}","templated":true}]}}