{"id":10450,"date":"2025-01-14T19:10:02","date_gmt":"2025-01-14T19:10:02","guid":{"rendered":"https:\/\/cdv.com.ar\/global\/es?page_id=10450"},"modified":"2025-03-19T00:07:22","modified_gmt":"2025-03-19T00:07:22","slug":"laboratorio-de-diagnostico","status":"publish","type":"page","link":"https:\/\/cdv.com.ar\/global\/es\/laboratorio-de-diagnostico\/","title":{"rendered":"Laboratorio de Diagn\u00f3stico"},"content":{"rendered":"<div class=\"wpb-content-wrapper\"><p>[vc_row full_width=\u00bbstretch_row_content_no_spaces\u00bb content_placement=\u00bbmiddle\u00bb woodmart_stretch_content=\u00bbsection-stretch-content-no-pd\u00bb woodmart_bg_position=\u00bbcenter-center\u00bb woodmart_parallax=\u00bb0&#8243; woodmart_gradient_switch=\u00bbno\u00bb row_reverse_mobile=\u00bb0&#8243; row_reverse_tablet=\u00bb0&#8243; woodmart_disable_overflow=\u00bb1&#8243; mobile_bg_img_hidden=\u00bbno\u00bb tablet_bg_img_hidden=\u00bbno\u00bb wd_z_index=\u00bbno\u00bb woodmart_css_id=\u00bb67abd06aca48d\u00bb responsive_spacing=\u00bbeyJwYXJhbV90eXBlIjoid29vZG1hcnRfcmVzcG9uc2l2ZV9zcGFjaW5nIiwic2VsZWN0b3JfaWQiOiI2N2FiZDA2YWNhNDhkIiwic2hvcnRjb2RlIjoidmNfcm93IiwiZGF0YSI6eyJ0YWJsZXQiOnt9LCJtb2JpbGUiOnt9fX0=\u00bb woodmart_box_shadow=\u00bbno\u00bb css=\u00bb.vc_custom_1739313276355{margin-top: -40px !important;background-image: url(https:\/\/cdv.com.ar\/global\/es\/wp-content\/uploads\/2025\/02\/laboratorio-diagnosticov2.jpg?id=10725) !important;background-position: center !important;background-repeat: no-repeat !important;background-size: cover !important;}\u00bb min_height=\u00bb261px\u00bb][vc_column vertical_alignment=\u00bbeyJkZXZpY2VzIjp7ImRlc2t0b3AiOnsidmFsdWUiOiJjZW50ZXIifSwidGFibGV0Ijp7InZhbHVlIjoiIn0sIm1vYmlsZSI6eyJ2YWx1ZSI6IiJ9fX0=\u00bb css=\u00bb.vc_custom_1736882584311{padding-top: 0px !important;}\u00bb woodmart_parallax=\u00bb0&#8243; parallax_scroll=\u00bbno\u00bb woodmart_sticky_column=\u00bbfalse\u00bb woodmart_css_id=\u00bb6786b98f20125&#8243; wd_collapsible_content_switcher=\u00bbno\u00bb wd_column_role_offcanvas_desktop=\u00bbno\u00bb wd_column_role_offcanvas_tablet=\u00bbno\u00bb wd_column_role_offcanvas_mobile=\u00bbno\u00bb wd_column_role_content_desktop=\u00bbno\u00bb wd_column_role_content_tablet=\u00bbno\u00bb wd_column_role_content_mobile=\u00bbno\u00bb mobile_bg_img_hidden=\u00bbno\u00bb tablet_bg_img_hidden=\u00bbno\u00bb woodmart_box_shadow=\u00bbno\u00bb responsive_spacing=\u00bbeyJwYXJhbV90eXBlIjoid29vZG1hcnRfcmVzcG9uc2l2ZV9zcGFjaW5nIiwic2VsZWN0b3JfaWQiOiI2Nzg2Yjk4ZjIwMTI1Iiwic2hvcnRjb2RlIjoidmNfY29sdW1uIiwiZGF0YSI6eyJ0YWJsZXQiOnt9LCJtb2JpbGUiOnt9fX0=\u00bb mobile_reset_margin=\u00bbno\u00bb tablet_reset_margin=\u00bbno\u00bb wd_z_index=\u00bbno\u00bb][vc_column_text css=\u00bb\u00bb woodmart_color_scheme=\u00bblight\u00bb woodmart_inline=\u00bbno\u00bb text_larger=\u00bbno\u00bb]<\/p>\n<h1 class=\"titleSlider\" style=\"text-align: center; color: #fff;\">Laboratorio de Diagn\u00f3stico<\/h1>\n<p>[\/vc_column_text][\/vc_column][\/vc_row][vc_row css=\u00bb.vc_custom_1739313391358{margin-top: 40px !important;}\u00bb woodmart_css_id=\u00bb67abd0ebe82ce\u00bb responsive_spacing=\u00bbeyJwYXJhbV90eXBlIjoid29vZG1hcnRfcmVzcG9uc2l2ZV9zcGFjaW5nIiwic2VsZWN0b3JfaWQiOiI2N2FiZDBlYmU4MmNlIiwic2hvcnRjb2RlIjoidmNfcm93IiwiZGF0YSI6eyJ0YWJsZXQiOnt9LCJtb2JpbGUiOnt9fX0=\u00bb mobile_bg_img_hidden=\u00bbno\u00bb tablet_bg_img_hidden=\u00bbno\u00bb woodmart_parallax=\u00bb0&#8243; woodmart_gradient_switch=\u00bbno\u00bb woodmart_box_shadow=\u00bbno\u00bb wd_z_index=\u00bbno\u00bb woodmart_disable_overflow=\u00bb0&#8243; row_reverse_mobile=\u00bb0&#8243; row_reverse_tablet=\u00bb0&#8243;][vc_column][vc_column_text css=\u00bb.vc_custom_1739313356652{margin-top: 60px !important;margin-bottom: 60px !important;padding-right: 15% !important;padding-left: 15% !important;}\u00bb woodmart_inline=\u00bbno\u00bb text_larger=\u00bbno\u00bb]<\/p>\n<p style=\"text-align: center; font-size: 20px;\">Contar con un laboratorio de Diagn\u00f3stico propio le ha permitido conocer la problem\u00e1tica de las principales enfermedades que afectan a los rodeos a nivel productivo y as\u00ed elaborar productos que se ajusten a la casu\u00edstica de la regi\u00f3n.<\/p>\n<p>[\/vc_column_text]<div id=\"wd-67da0a804c5f8\" class=\" wd-rs-67da0a804c5f8 hidden-lg vc_custom_1742342806240 wd-button-wrapper text-center\"><a href=\"https:\/\/diagnostico.cdv.com.ar\/login.php\" title=\"Consulte sus resultados\" target=\"_blank\" class=\"btn btn-scheme-light btn-scheme-hover-light btn-style-default btn-style-round btn-size-large\">Consulte sus resultados<\/a><\/div>[\/vc_column][\/vc_row][vc_row css=\u00bb.vc_custom_1737123594614{margin-top: 100px !important;margin-bottom: 40px !important;}\u00bb woodmart_css_id=\u00bb678a6708d388c\u00bb responsive_spacing=\u00bbeyJwYXJhbV90eXBlIjoid29vZG1hcnRfcmVzcG9uc2l2ZV9zcGFjaW5nIiwic2VsZWN0b3JfaWQiOiI2NzhhNjcwOGQzODhjIiwic2hvcnRjb2RlIjoidmNfcm93IiwiZGF0YSI6eyJ0YWJsZXQiOnt9LCJtb2JpbGUiOnt9fX0=\u00bb mobile_bg_img_hidden=\u00bbno\u00bb tablet_bg_img_hidden=\u00bbno\u00bb woodmart_parallax=\u00bb0&#8243; woodmart_gradient_switch=\u00bbno\u00bb woodmart_box_shadow=\u00bbno\u00bb wd_z_index=\u00bbno\u00bb woodmart_disable_overflow=\u00bb0&#8243; row_reverse_mobile=\u00bb0&#8243; row_reverse_tablet=\u00bb0&#8243;][vc_column width=\u00bb1\/3&#8243; woodmart_css_id=\u00bb66df525c456ca\u00bb parallax_scroll=\u00bbno\u00bb woodmart_sticky_column=\u00bbfalse\u00bb wd_collapsible_content_switcher=\u00bbno\u00bb wd_column_role_offcanvas_desktop=\u00bbno\u00bb wd_column_role_offcanvas_tablet=\u00bbno\u00bb wd_column_role_offcanvas_mobile=\u00bbno\u00bb wd_column_role_content_desktop=\u00bbno\u00bb wd_column_role_content_tablet=\u00bbno\u00bb wd_column_role_content_mobile=\u00bbno\u00bb mobile_bg_img_hidden=\u00bbno\u00bb tablet_bg_img_hidden=\u00bbno\u00bb woodmart_parallax=\u00bb0&#8243; woodmart_box_shadow=\u00bbno\u00bb responsive_spacing=\u00bbeyJwYXJhbV90eXBlIjoid29vZG1hcnRfcmVzcG9uc2l2ZV9zcGFjaW5nIiwic2VsZWN0b3JfaWQiOiI2NmRmNTI1YzQ1NmNhIiwic2hvcnRjb2RlIjoidmNfY29sdW1uIiwiZGF0YSI6eyJ0YWJsZXQiOnt9LCJtb2JpbGUiOnt9fX0=\u00bb mobile_reset_margin=\u00bbno\u00bb tablet_reset_margin=\u00bbno\u00bb wd_z_index=\u00bbno\u00bb]\t\t<div id=\"wd-6786b6433ef3c\" class=\"wd-image wd-wpb wd-rs-6786b6433ef3c text-center \">\n\t\t\t\n\t\t\t<img loading=\"lazy\" decoding=\"async\" width=\"111\" height=\"111\" src=\"https:\/\/cdv.com.ar\/global\/es\/wp-content\/uploads\/2025\/01\/Institucional-Laboratorio-de-Diagnostico_2.png\" class=\"attachment-medium size-medium\" alt=\"\" srcset=\"https:\/\/cdv.com.ar\/global\/es\/wp-content\/uploads\/2025\/01\/Institucional-Laboratorio-de-Diagnostico_2.png 111w, https:\/\/cdv.com.ar\/global\/es\/wp-content\/uploads\/2025\/01\/Institucional-Laboratorio-de-Diagnostico_2-12x12.png 12w\" sizes=\"auto, (max-width: 111px) 100vw, 111px\" \/>\n\t\t\t\t\t<\/div>\n\t\t[vc_column_text css=\u00bb.vc_custom_1739313420954{margin-top: 60px !important;margin-bottom: 60px !important;}\u00bb woodmart_inline=\u00bbno\u00bb text_larger=\u00bbno\u00bb]<\/p>\n<p style=\"text-align: center;\"><b>240 m2 de superficie<\/b><span style=\"font-weight: 400;\">, con tres \u00e1reas diferenciadas y con equipamiento de \u00faltima generaci\u00f3n: <\/span><b>parasitolog\u00eda, bacteriolog\u00eda, virolog\u00eda, serolog\u00eda y diagn\u00f3stico molecular (PCR).<\/b><\/p>\n<p>[\/vc_column_text][\/vc_column][vc_column width=\u00bb1\/3&#8243; css=\u00bb.vc_custom_1725911362805{padding-left: 6% !important;}\u00bb woodmart_css_id=\u00bb66df513edcb0d\u00bb parallax_scroll=\u00bbno\u00bb woodmart_sticky_column=\u00bbfalse\u00bb wd_collapsible_content_switcher=\u00bbno\u00bb wd_column_role_offcanvas_desktop=\u00bbno\u00bb wd_column_role_offcanvas_tablet=\u00bbno\u00bb wd_column_role_offcanvas_mobile=\u00bbno\u00bb wd_column_role_content_desktop=\u00bbno\u00bb wd_column_role_content_tablet=\u00bbno\u00bb wd_column_role_content_mobile=\u00bbno\u00bb mobile_bg_img_hidden=\u00bbno\u00bb tablet_bg_img_hidden=\u00bbno\u00bb woodmart_parallax=\u00bb0&#8243; woodmart_box_shadow=\u00bbno\u00bb responsive_spacing=\u00bbeyJwYXJhbV90eXBlIjoid29vZG1hcnRfcmVzcG9uc2l2ZV9zcGFjaW5nIiwic2VsZWN0b3JfaWQiOiI2NmRmNTEzZWRjYjBkIiwic2hvcnRjb2RlIjoidmNfY29sdW1uIiwiZGF0YSI6eyJ0YWJsZXQiOnt9LCJtb2JpbGUiOnt9fX0=\u00bb mobile_reset_margin=\u00bbno\u00bb tablet_reset_margin=\u00bbno\u00bb wd_z_index=\u00bbno\u00bb]\t\t<div id=\"wd-6786b66d3de8c\" class=\"wd-image wd-wpb wd-rs-6786b66d3de8c text-center \">\n\t\t\t\n\t\t\t<img loading=\"lazy\" decoding=\"async\" width=\"111\" height=\"111\" src=\"https:\/\/cdv.com.ar\/global\/es\/wp-content\/uploads\/2025\/01\/Institucional-Laboratorio-de-Diagnostico_3-2.png\" class=\"attachment-medium size-medium\" alt=\"\" srcset=\"https:\/\/cdv.com.ar\/global\/es\/wp-content\/uploads\/2025\/01\/Institucional-Laboratorio-de-Diagnostico_3-2.png 111w, https:\/\/cdv.com.ar\/global\/es\/wp-content\/uploads\/2025\/01\/Institucional-Laboratorio-de-Diagnostico_3-2-12x12.png 12w\" sizes=\"auto, (max-width: 111px) 100vw, 111px\" \/>\n\t\t\t\t\t<\/div>\n\t\t[vc_column_text css=\u00bb.vc_custom_1739313446471{margin-top: 60px !important;margin-bottom: 60px !important;}\u00bb woodmart_inline=\u00bbno\u00bb text_larger=\u00bbno\u00bb]<\/p>\n<p style=\"text-align: center;\"><span style=\"font-weight: 400;\">Ofrece una amplia gama de an\u00e1lisis para todas las especies de inter\u00e9s veterinario, especializado en diagn\u00f3stico y control de <\/span><b>enfermedades de la reproducci\u00f3n <\/b><span style=\"font-weight: 400;\">bovina entre ellas las enfermedades ven\u00e9reas, <\/span><b>Trichomoniasis y Campylobacteriosis.<\/b><\/p>\n<p>[\/vc_column_text][\/vc_column][vc_column width=\u00bb1\/3&#8243;]\t\t<div id=\"wd-6786b7b7c6062\" class=\"wd-image wd-wpb wd-rs-6786b7b7c6062 text-center \">\n\t\t\t\n\t\t\t<img loading=\"lazy\" decoding=\"async\" width=\"111\" height=\"111\" src=\"https:\/\/cdv.com.ar\/global\/es\/wp-content\/uploads\/2025\/01\/Institucional-Laboratorio-de-Diagnostico_4.png\" class=\"attachment-medium size-medium\" alt=\"\" srcset=\"https:\/\/cdv.com.ar\/global\/es\/wp-content\/uploads\/2025\/01\/Institucional-Laboratorio-de-Diagnostico_4.png 111w, https:\/\/cdv.com.ar\/global\/es\/wp-content\/uploads\/2025\/01\/Institucional-Laboratorio-de-Diagnostico_4-12x12.png 12w\" sizes=\"auto, (max-width: 111px) 100vw, 111px\" \/>\n\t\t\t\t\t<\/div>\n\t\t[vc_column_text css=\u00bb.vc_custom_1739313455823{margin-top: 60px !important;margin-bottom: 60px !important;}\u00bb woodmart_inline=\u00bbno\u00bb text_larger=\u00bbno\u00bb]<\/p>\n<p style=\"text-align: center;\"><span style=\"font-weight: 400;\">A la <\/span><b>vanguardia en diagn\u00f3stico <\/b><span style=\"font-weight: 400;\">de Brucelosis, Leptospirosis, IBR, Neosporosis y la detecci\u00f3n de los animales PI (persistentemente infectados) para la\u00a0Diarrea Viral Bovina. Como as\u00ed tambi\u00e9n calidad de leche y an\u00e1lisis bacteriol\u00f3gico y f\u00edsico-qu\u00edmico de agua.<\/span><\/p>\n<p>[\/vc_column_text][\/vc_column][\/vc_row][vc_row css=\u00bb.vc_custom_1736882475336{margin-bottom: 40px !important;}\u00bb woodmart_css_id=\u00bb6786b924c42b0&#8243; responsive_spacing=\u00bbeyJwYXJhbV90eXBlIjoid29vZG1hcnRfcmVzcG9uc2l2ZV9zcGFjaW5nIiwic2VsZWN0b3JfaWQiOiI2Nzg2YjkyNGM0MmIwIiwic2hvcnRjb2RlIjoidmNfcm93IiwiZGF0YSI6eyJ0YWJsZXQiOnt9LCJtb2JpbGUiOnt9fX0=\u00bb mobile_bg_img_hidden=\u00bbno\u00bb tablet_bg_img_hidden=\u00bbno\u00bb woodmart_parallax=\u00bb0&#8243; woodmart_gradient_switch=\u00bbno\u00bb woodmart_box_shadow=\u00bbno\u00bb wd_z_index=\u00bbno\u00bb woodmart_disable_overflow=\u00bb0&#8243; row_reverse_mobile=\u00bb0&#8243; row_reverse_tablet=\u00bb0&#8243;][vc_column width=\u00bb1\/3&#8243; woodmart_css_id=\u00bb66df525c456ca\u00bb parallax_scroll=\u00bbno\u00bb woodmart_sticky_column=\u00bbfalse\u00bb wd_collapsible_content_switcher=\u00bbno\u00bb wd_column_role_offcanvas_desktop=\u00bbno\u00bb wd_column_role_offcanvas_tablet=\u00bbno\u00bb wd_column_role_offcanvas_mobile=\u00bbno\u00bb wd_column_role_content_desktop=\u00bbno\u00bb wd_column_role_content_tablet=\u00bbno\u00bb wd_column_role_content_mobile=\u00bbno\u00bb mobile_bg_img_hidden=\u00bbno\u00bb tablet_bg_img_hidden=\u00bbno\u00bb woodmart_parallax=\u00bb0&#8243; woodmart_box_shadow=\u00bbno\u00bb responsive_spacing=\u00bbeyJwYXJhbV90eXBlIjoid29vZG1hcnRfcmVzcG9uc2l2ZV9zcGFjaW5nIiwic2VsZWN0b3JfaWQiOiI2NmRmNTI1YzQ1NmNhIiwic2hvcnRjb2RlIjoidmNfY29sdW1uIiwiZGF0YSI6eyJ0YWJsZXQiOnt9LCJtb2JpbGUiOnt9fX0=\u00bb mobile_reset_margin=\u00bbno\u00bb tablet_reset_margin=\u00bbno\u00bb wd_z_index=\u00bbno\u00bb]\t\t<div id=\"wd-6786b7c36e5e0\" class=\"wd-image wd-wpb wd-rs-6786b7c36e5e0 text-center \">\n\t\t\t\n\t\t\t<img loading=\"lazy\" decoding=\"async\" width=\"111\" height=\"111\" src=\"https:\/\/cdv.com.ar\/global\/es\/wp-content\/uploads\/2025\/01\/Institucional-Laboratorio-de-Diagnostico_5.png\" class=\"attachment-medium size-medium\" alt=\"\" srcset=\"https:\/\/cdv.com.ar\/global\/es\/wp-content\/uploads\/2025\/01\/Institucional-Laboratorio-de-Diagnostico_5.png 111w, https:\/\/cdv.com.ar\/global\/es\/wp-content\/uploads\/2025\/01\/Institucional-Laboratorio-de-Diagnostico_5-12x12.png 12w\" sizes=\"auto, (max-width: 111px) 100vw, 111px\" \/>\n\t\t\t\t\t<\/div>\n\t\t[vc_column_text css=\u00bb.vc_custom_1739313469216{margin-top: 60px !important;margin-bottom: 60px !important;}\u00bb woodmart_inline=\u00bbno\u00bb text_larger=\u00bbno\u00bb]<\/p>\n<p style=\"text-align: center; font-size: 16px;\"><span style=\"font-weight: 400;\">Habilitado como <\/span><b>Laboratorio de Red Oficial SENASA <\/b><span style=\"font-weight: 400;\">(con la identificaci\u00f3n\u00a0 LRO223) para las pruebas de Brucelosis y Leucosis Enzootica Bovina.<\/span><\/p>\n<p>[\/vc_column_text][\/vc_column][vc_column width=\u00bb1\/3&#8243; css=\u00bb.vc_custom_1725911362805{padding-left: 6% !important;}\u00bb woodmart_css_id=\u00bb66df513edcb0d\u00bb parallax_scroll=\u00bbno\u00bb woodmart_sticky_column=\u00bbfalse\u00bb wd_collapsible_content_switcher=\u00bbno\u00bb wd_column_role_offcanvas_desktop=\u00bbno\u00bb wd_column_role_offcanvas_tablet=\u00bbno\u00bb wd_column_role_offcanvas_mobile=\u00bbno\u00bb wd_column_role_content_desktop=\u00bbno\u00bb wd_column_role_content_tablet=\u00bbno\u00bb wd_column_role_content_mobile=\u00bbno\u00bb mobile_bg_img_hidden=\u00bbno\u00bb tablet_bg_img_hidden=\u00bbno\u00bb woodmart_parallax=\u00bb0&#8243; woodmart_box_shadow=\u00bbno\u00bb responsive_spacing=\u00bbeyJwYXJhbV90eXBlIjoid29vZG1hcnRfcmVzcG9uc2l2ZV9zcGFjaW5nIiwic2VsZWN0b3JfaWQiOiI2NmRmNTEzZWRjYjBkIiwic2hvcnRjb2RlIjoidmNfY29sdW1uIiwiZGF0YSI6eyJ0YWJsZXQiOnt9LCJtb2JpbGUiOnt9fX0=\u00bb mobile_reset_margin=\u00bbno\u00bb tablet_reset_margin=\u00bbno\u00bb wd_z_index=\u00bbno\u00bb]\t\t<div id=\"wd-6786b7debaa3f\" class=\"wd-image wd-wpb wd-rs-6786b7debaa3f text-center \">\n\t\t\t\n\t\t\t<img loading=\"lazy\" decoding=\"async\" width=\"111\" height=\"111\" src=\"https:\/\/cdv.com.ar\/global\/es\/wp-content\/uploads\/2025\/01\/Institucional-Laboratorio-de-Diagnostico_7.png\" class=\"attachment-medium size-medium\" alt=\"\" srcset=\"https:\/\/cdv.com.ar\/global\/es\/wp-content\/uploads\/2025\/01\/Institucional-Laboratorio-de-Diagnostico_7.png 111w, https:\/\/cdv.com.ar\/global\/es\/wp-content\/uploads\/2025\/01\/Institucional-Laboratorio-de-Diagnostico_7-12x12.png 12w\" sizes=\"auto, (max-width: 111px) 100vw, 111px\" \/>\n\t\t\t\t\t<\/div>\n\t\t[vc_column_text css=\u00bb.vc_custom_1739313479391{margin-top: 60px !important;margin-bottom: 60px !important;}\u00bb woodmart_inline=\u00bbno\u00bb text_larger=\u00bbno\u00bb]<\/p>\n<p style=\"text-align: center;\"><b>Equipo de profesionales multidisciplinarios <\/b><span style=\"font-weight: 400;\">dedicados al procesamiento y an\u00e1lisis de las muestras para brindar un diagn\u00f3stico preciso, r\u00e1pido y confiable.<\/span><\/p>\n<p>[\/vc_column_text][\/vc_column][vc_column width=\u00bb1\/3&#8243;]\t\t<div id=\"wd-6786b7d74d12e\" class=\"wd-image wd-wpb wd-rs-6786b7d74d12e text-center \">\n\t\t\t\n\t\t\t<img loading=\"lazy\" decoding=\"async\" width=\"111\" height=\"111\" src=\"https:\/\/cdv.com.ar\/global\/es\/wp-content\/uploads\/2025\/01\/Institucional-Laboratorio-de-Diagnostico_6.png\" class=\"attachment-medium size-medium\" alt=\"\" srcset=\"https:\/\/cdv.com.ar\/global\/es\/wp-content\/uploads\/2025\/01\/Institucional-Laboratorio-de-Diagnostico_6.png 111w, https:\/\/cdv.com.ar\/global\/es\/wp-content\/uploads\/2025\/01\/Institucional-Laboratorio-de-Diagnostico_6-12x12.png 12w\" sizes=\"auto, (max-width: 111px) 100vw, 111px\" \/>\n\t\t\t\t\t<\/div>\n\t\t[vc_column_text css=\u00bb.vc_custom_1739313489366{margin-top: 60px !important;margin-bottom: 60px !important;}\u00bb woodmart_inline=\u00bbno\u00bb text_larger=\u00bbno\u00bb]<\/p>\n<p style=\"text-align: center; font-size: 16px;\"><b>Interpretaci\u00f3n personalizada de los resultados <\/b><span style=\"font-weight: 400;\">obtenidos para permitir a los profesionales veterinarios, tomar medidas preventivas y\/o correctivas de \u00edndole terap\u00e9utico o de manejo,\u00a0 con el prop\u00f3sito de aumentar la productividad de los rodeos<\/span>.<\/p>\n<p>[\/vc_column_text][\/vc_column][\/vc_row][vc_row disable_element=\u00bbyes\u00bb css=\u00bb.vc_custom_1742342839251{margin-top: 0px !important;margin-bottom: 60px !important;padding-right: 15% !important;padding-left: 15% !important;}\u00bb woodmart_css_id=\u00bb67da0a9e813f2&#8243; responsive_spacing=\u00bbeyJwYXJhbV90eXBlIjoid29vZG1hcnRfcmVzcG9uc2l2ZV9zcGFjaW5nIiwic2VsZWN0b3JfaWQiOiI2N2RhMGE5ZTgxM2YyIiwic2hvcnRjb2RlIjoidmNfcm93IiwiZGF0YSI6eyJ0YWJsZXQiOnt9LCJtb2JpbGUiOnt9fX0=\u00bb mobile_bg_img_hidden=\u00bbno\u00bb tablet_bg_img_hidden=\u00bbno\u00bb woodmart_parallax=\u00bb0&#8243; woodmart_gradient_switch=\u00bbno\u00bb woodmart_box_shadow=\u00bbno\u00bb wd_z_index=\u00bbno\u00bb woodmart_disable_overflow=\u00bb0&#8243; row_reverse_mobile=\u00bb0&#8243; row_reverse_tablet=\u00bb0&#8243;][vc_column width=\u00bb1\/2&#8243;]<div id=\"wd-67b73d99d7a16\" class=\" wd-rs-67b73d99d7a16 vc_custom_1740062154091 wd-button-wrapper text-center\"><a href=\"https:\/\/cdv.com.ar\/global\/es\/wp-content\/uploads\/2025\/02\/2024-10-Lista-de-Servicios-de-Diagnostico-CDV-.pdf\" title=\"Ver Listado de Servicios\" target=\"_blank\" class=\"btn btn-scheme-light btn-scheme-hover-light btn-style-default btn-style-round btn-size-large\">Ver Listado de Servicios<\/a><\/div>[\/vc_column][vc_column width=\u00bb1\/2&#8243;]<div id=\"wd-67b73deb2410c\" class=\" wd-rs-67b73deb2410c vc_custom_1740062228506 wd-button-wrapper text-center\"><a href=\"https:\/\/cdv.com.ar\/global\/es\/wp-content\/uploads\/2025\/02\/CDV-Instructivo-para-toma-de-muestra-digital-1.pdf\" title=\"Descargar Instructivo de Toma de Muestras\" target=\"_blank\" class=\"btn btn-scheme-custom btn-scheme-hover-light btn-style-bordered btn-style-round btn-size-large\">Descargar Instructivo de Toma de Muestras<\/a><\/div>[\/vc_column][\/vc_row]<\/p>\n<\/div>","protected":false},"excerpt":{"rendered":"<p>[vc_row full_width=\u00bbstretch_row_content_no_spaces\u00bb content_placement=\u00bbmiddle\u00bb woodmart_stretch_content=\u00bbsection-stretch-content-no-pd\u00bb woodmart_bg_position=\u00bbcenter-center\u00bb woodmart_parallax=\u00bb0&#8243; woodmart_gradient_switch=\u00bbno\u00bb row_reverse_mobile=\u00bb0&#8243; row_reverse_tablet=\u00bb0&#8243; woodmart_disable_overflow=\u00bb1&#8243; mobile_bg_img_hidden=\u00bbno\u00bb tablet_bg_img_hidden=\u00bbno\u00bb wd_z_index=\u00bbno\u00bb woodmart_css_id=\u00bb67abd06aca48d\u00bb responsive_spacing=\u00bbeyJwYXJhbV90eXBlIjoid29vZG1hcnRfcmVzcG9uc2l2ZV9zcGFjaW5nIiwic2VsZWN0b3JfaWQiOiI2N2FiZDA2YWNhNDhkIiwic2hvcnRjb2RlIjoidmNfcm93IiwiZGF0YSI6eyJ0YWJsZXQiOnt9LCJtb2JpbGUiOnt9fX0=\u00bb woodmart_box_shadow=\u00bbno\u00bb css=\u00bb.vc_custom_1739313276355{margin-top: -40px !important;background-image: url(https:\/\/cdv.com.ar\/global\/es\/wp-content\/uploads\/2025\/02\/laboratorio-diagnosticov2.jpg?id=10725)<\/p>\n","protected":false},"author":2,"featured_media":0,"parent":0,"menu_order":0,"comment_status":"closed","ping_status":"closed","template":"","meta":{"_joinchat":[],"footnotes":""},"class_list":["post-10450","page","type-page","status-publish","hentry"],"_links":{"self":[{"href":"https:\/\/cdv.com.ar\/global\/es\/wp-json\/wp\/v2\/pages\/10450","targetHints":{"allow":["GET"]}}],"collection":[{"href":"https:\/\/cdv.com.ar\/global\/es\/wp-json\/wp\/v2\/pages"}],"about":[{"href":"https:\/\/cdv.com.ar\/global\/es\/wp-json\/wp\/v2\/types\/page"}],"author":[{"embeddable":true,"href":"https:\/\/cdv.com.ar\/global\/es\/wp-json\/wp\/v2\/users\/2"}],"replies":[{"embeddable":true,"href":"https:\/\/cdv.com.ar\/global\/es\/wp-json\/wp\/v2\/comments?post=10450"}],"version-history":[{"count":31,"href":"https:\/\/cdv.com.ar\/global\/es\/wp-json\/wp\/v2\/pages\/10450\/revisions"}],"predecessor-version":[{"id":11122,"href":"https:\/\/cdv.com.ar\/global\/es\/wp-json\/wp\/v2\/pages\/10450\/revisions\/11122"}],"wp:attachment":[{"href":"https:\/\/cdv.com.ar\/global\/es\/wp-json\/wp\/v2\/media?parent=10450"}],"curies":[{"name":"wp","href":"https:\/\/api.w.org\/{rel}","templated":true}]}}